{"id":36618,"date":"2016-09-25T23:27:58","date_gmt":"2016-09-25T23:27:58","guid":{"rendered":"https:\/\/www.myaquastore.com\/product\/unite-de-refroidissement-daquarium-boyu-1-8hp-l-075\/"},"modified":"2025-03-16T08:43:46","modified_gmt":"2025-03-16T08:43:46","slug":"unite-de-refroidissement-daquarium-boyu-1-8hp-l-075","status":"publish","type":"product","link":"https:\/\/www.myaquastore.com\/fr\/product\/unite-de-refroidissement-daquarium-boyu-1-8hp-l-075\/","title":{"rendered":"Unit\u00e9 de refroidissement d&rsquo;aquarium BOYU 1\/8HP L-075"},"content":{"rendered":"<article class=\"article richtext richtext-detail AE:disable\" id=\"richTextContainer\">\n<div style=\"clear:both\">\n<p><span style=\"color: #666666;font-family: 'times new roman', times;font-size: 24px\"> Unit\u00e9 de refroidissement d&rsquo;aquarium BOYU 1\/8HP L-075 <\/span><\/p>\n<p><span style=\"color: #666666\u00a0\">1. La super-r\u00e9frig\u00e9ration peut r\u00e9duire rapidement la temp\u00e9rature de l&rsquo;eau de 35\u00a0?\u00a0C \u00e0 18\u00a0?\u00a0C.<br \/>2. #666666\u00a0; famille de polices\u00a0:\u00a0&lsquo;times new roman&rsquo;, times\u00a0; taille de police\u00a0: 24px\u00a0;\u00a0\u00bb&gt;4. Le volume d&rsquo;eau pour le refroidissement est de 80 \u00e0 400\u00a0L<\/span><\/p>\n<p><span>5. le d\u00e9bit d&rsquo;eau est de 600 \u00e0 2 000 L\/H<\/span><\/p>\n<div style=\"clear:both\"><\/article>\n","protected":false},"excerpt":{"rendered":"<p>Unit\u00e9 de refroidissement d&rsquo;aquarium BOYU 1\/8HP L-075<\/p>\n","protected":false},"featured_media":3315,"comment_status":"open","ping_status":"closed","template":"","meta":[],"product_brand":[],"product_cat":[1338],"product_tag":[],"class_list":{"0":"post-36618","1":"product","2":"type-product","3":"status-publish","4":"has-post-thumbnail","6":"product_cat-filtres-pour-aquariums","8":"first","9":"instock","10":"shipping-taxable","11":"purchasable","12":"product-type-simple"},"_links":{"self":[{"href":"https:\/\/www.myaquastore.com\/fr\/wp-json\/wp\/v2\/product\/36618","targetHints":{"allow":["GET"]}}],"collection":[{"href":"https:\/\/www.myaquastore.com\/fr\/wp-json\/wp\/v2\/product"}],"about":[{"href":"https:\/\/www.myaquastore.com\/fr\/wp-json\/wp\/v2\/types\/product"}],"replies":[{"embeddable":true,"href":"https:\/\/www.myaquastore.com\/fr\/wp-json\/wp\/v2\/comments?post=36618"}],"wp:featuredmedia":[{"embeddable":true,"href":"https:\/\/www.myaquastore.com\/fr\/wp-json\/wp\/v2\/media\/3315"}],"wp:attachment":[{"href":"https:\/\/www.myaquastore.com\/fr\/wp-json\/wp\/v2\/media?parent=36618"}],"wp:term":[{"taxonomy":"product_brand","embeddable":true,"href":"https:\/\/www.myaquastore.com\/fr\/wp-json\/wp\/v2\/product_brand?post=36618"},{"taxonomy":"product_cat","embeddable":true,"href":"https:\/\/www.myaquastore.com\/fr\/wp-json\/wp\/v2\/product_cat?post=36618"},{"taxonomy":"product_tag","embeddable":true,"href":"https:\/\/www.myaquastore.com\/fr\/wp-json\/wp\/v2\/product_tag?post=36618"}],"curies":[{"name":"wp","href":"https:\/\/api.w.org\/{rel}","templated":true}]}}