{"id":36635,"date":"2016-09-25T23:27:59","date_gmt":"2016-09-25T23:27:59","guid":{"rendered":"https:\/\/www.myaquastore.com\/product\/pompe-de-filtre-a-eau-submersible-pour-aquarium-boyu-sp2500iii\/"},"modified":"2025-03-16T08:43:50","modified_gmt":"2025-03-16T08:43:50","slug":"pompe-de-filtre-a-eau-submersible-pour-aquarium-boyu-sp2500iii","status":"publish","type":"product","link":"https:\/\/www.myaquastore.com\/fr\/product\/pompe-de-filtre-a-eau-submersible-pour-aquarium-boyu-sp2500iii\/","title":{"rendered":"Pompe de filtre \u00e0 eau submersible pour aquarium BOYU SP2500III"},"content":{"rendered":"<article class=\"article richtext richtext-detail AE:disable\" id=\"richTextContainer\">\n<div style=\"clear:both\">\n<p><span style=\"font-family: 'times new roman', times;font-size: 24px\"> Pompe de filtre \u00e0 eau submersible pour aquarium BOYU SP2500III <\/span><\/p>\n<p><span style=\"font-family: 'times new roman', times\">1. ce produit se compose de la pompe de plong\u00e9e et du filtre biochimique. le corps de la pompe est fabriqu\u00e9 \u00e0 partir de plastique technique ABS moul\u00e9 sous pression et peut r\u00e9sister aux chocs et \u00e0 la rouille. fabriqu\u00e9 en acier inoxydable, l&rsquo;arbre de la pompe peut \u00eatre utilis\u00e9 dans l&rsquo;eau douce et l&rsquo;eau de mer.<\/span><\/p>\n<p><span style=\"font-family: 'times new roman', times;font-size: 24px\">2. le moteur est scell\u00e9 dans le corps avec de la r\u00e9sine. avec de bonnes performances d&rsquo;\u00e9tanch\u00e9it\u00e9 et une intensit\u00e9 d&rsquo;isolation \u00e9lev\u00e9e, il est s\u00fbr et fiable.<\/span><\/p>\n<p><span style=\"font-family: 'times new roman', times;font-size: 24px\"> 3. conception multifonctionnelle, divers usages dans une machine&#8212;&#8212;pompage, ajout d&rsquo;oxyg\u00e8ne et filtrage 3 en 1.<\/span><\/p>\n<p><span style=\"font-family: 'times new roman', times\">4. avec une structure d&rsquo;assemblage portable, le filtre peut \u00eatre facilement r\u00e9gl\u00e9 avec 1 \u00e0 3 cylindres filtrants. adoptant un coton filtre biochimique sp\u00e9cial, il est le plus appropri\u00e9 pour cultiver des nitrobact\u00e9ries fines et nettoyer l&rsquo;eau<\/span><\/p>\n<div style=\"clear:both\"><\/article>\n","protected":false},"excerpt":{"rendered":"<p>Pompe de filtre \u00e0 eau submersible pour aquarium BOYU SP2500III<\/p>\n","protected":false},"featured_media":3349,"comment_status":"open","ping_status":"closed","template":"","meta":[],"product_brand":[],"product_cat":[1338],"product_tag":[],"class_list":{"0":"post-36635","1":"product","2":"type-product","3":"status-publish","4":"has-post-thumbnail","6":"product_cat-filtres-pour-aquariums","8":"first","9":"instock","10":"shipping-taxable","11":"purchasable","12":"product-type-simple"},"_links":{"self":[{"href":"https:\/\/www.myaquastore.com\/fr\/wp-json\/wp\/v2\/product\/36635","targetHints":{"allow":["GET"]}}],"collection":[{"href":"https:\/\/www.myaquastore.com\/fr\/wp-json\/wp\/v2\/product"}],"about":[{"href":"https:\/\/www.myaquastore.com\/fr\/wp-json\/wp\/v2\/types\/product"}],"replies":[{"embeddable":true,"href":"https:\/\/www.myaquastore.com\/fr\/wp-json\/wp\/v2\/comments?post=36635"}],"wp:featuredmedia":[{"embeddable":true,"href":"https:\/\/www.myaquastore.com\/fr\/wp-json\/wp\/v2\/media\/3349"}],"wp:attachment":[{"href":"https:\/\/www.myaquastore.com\/fr\/wp-json\/wp\/v2\/media?parent=36635"}],"wp:term":[{"taxonomy":"product_brand","embeddable":true,"href":"https:\/\/www.myaquastore.com\/fr\/wp-json\/wp\/v2\/product_brand?post=36635"},{"taxonomy":"product_cat","embeddable":true,"href":"https:\/\/www.myaquastore.com\/fr\/wp-json\/wp\/v2\/product_cat?post=36635"},{"taxonomy":"product_tag","embeddable":true,"href":"https:\/\/www.myaquastore.com\/fr\/wp-json\/wp\/v2\/product_tag?post=36635"}],"curies":[{"name":"wp","href":"https:\/\/api.w.org\/{rel}","templated":true}]}}