{"id":36653,"date":"2016-09-25T23:28:00","date_gmt":"2016-09-25T23:28:00","guid":{"rendered":"https:\/\/www.myaquastore.com\/product\/pompe-a-eau-electrique-submersible-pour-aquarium-12w-rs-rs-3300\/"},"modified":"2025-03-16T08:43:54","modified_gmt":"2025-03-16T08:43:54","slug":"pompe-a-eau-electrique-submersible-pour-aquarium-12w-rs-rs-3300","status":"publish","type":"product","link":"https:\/\/www.myaquastore.com\/fr\/product\/pompe-a-eau-electrique-submersible-pour-aquarium-12w-rs-rs-3300\/","title":{"rendered":"Pompe \u00e0 eau \u00e9lectrique submersible pour aquarium, 12w rs, RS-3300"},"content":{"rendered":"<article class=\"article richtext richtext-detail AE:disable\" id=\"richTextContainer\">\n<div style=\"clear:both\">\n<p><span style=\"font-family: 'times new roman', times;font-size: 24px\"> Pompe \u00e0 eau \u00e9lectrique submersible pour aquarium rs 12w RS-3300 <\/span><\/p>\n<p><span style=\"font-family: 'times new roman', times;font-size: 24px\">1 Silencieux, s\u00fbr, \u00e9conome en \u00e9nergie et puissant<\/span><br \/><span style=\"font-family: 'times new roman', times;font-size: 24px\">2 Configuration simple <\/span><br \/><span style=\"font-family: 'times new roman', times\">3 convient pour l&rsquo;eau douce et marine4 Distinctivement un filtrage sup\u00e9rieur; syst\u00e8me<\/span><\/p>\n<p><span style=\"font-family: 'times new roman', times;font-size: 24px\">4 param\u00e8tres (220-240v 50Hz)<\/span><\/p>\n<p><span style=\"font-family: 'times new roman', times;font-size: 24px\">5 emballage: 60 pi\u00e8ces\/carton<\/span><\/p>\n<div style=\"clear:les deux\"><\/article>\n","protected":false},"excerpt":{"rendered":"<p>Pompe \u00e0 eau \u00e9lectrique submersible pour aquarium, 12w rs, RS-3300<\/p>\n","protected":false},"featured_media":3384,"comment_status":"open","ping_status":"closed","template":"","meta":[],"product_brand":[],"product_cat":[1338],"product_tag":[],"class_list":{"0":"post-36653","1":"product","2":"type-product","3":"status-publish","4":"has-post-thumbnail","6":"product_cat-filtres-pour-aquariums","8":"first","9":"instock","10":"shipping-taxable","11":"purchasable","12":"product-type-simple"},"_links":{"self":[{"href":"https:\/\/www.myaquastore.com\/fr\/wp-json\/wp\/v2\/product\/36653","targetHints":{"allow":["GET"]}}],"collection":[{"href":"https:\/\/www.myaquastore.com\/fr\/wp-json\/wp\/v2\/product"}],"about":[{"href":"https:\/\/www.myaquastore.com\/fr\/wp-json\/wp\/v2\/types\/product"}],"replies":[{"embeddable":true,"href":"https:\/\/www.myaquastore.com\/fr\/wp-json\/wp\/v2\/comments?post=36653"}],"wp:featuredmedia":[{"embeddable":true,"href":"https:\/\/www.myaquastore.com\/fr\/wp-json\/wp\/v2\/media\/3384"}],"wp:attachment":[{"href":"https:\/\/www.myaquastore.com\/fr\/wp-json\/wp\/v2\/media?parent=36653"}],"wp:term":[{"taxonomy":"product_brand","embeddable":true,"href":"https:\/\/www.myaquastore.com\/fr\/wp-json\/wp\/v2\/product_brand?post=36653"},{"taxonomy":"product_cat","embeddable":true,"href":"https:\/\/www.myaquastore.com\/fr\/wp-json\/wp\/v2\/product_cat?post=36653"},{"taxonomy":"product_tag","embeddable":true,"href":"https:\/\/www.myaquastore.com\/fr\/wp-json\/wp\/v2\/product_tag?post=36653"}],"curies":[{"name":"wp","href":"https:\/\/api.w.org\/{rel}","templated":true}]}}