{"id":36656,"date":"2016-09-25T23:28:00","date_gmt":"2016-09-25T23:28:00","guid":{"rendered":"https:\/\/www.myaquastore.com\/product\/meilleure-vente-nouvelle-pompe-a-eau-submersible-rs-a-economie-denergie-rs-932\/"},"modified":"2025-03-16T08:43:55","modified_gmt":"2025-03-16T08:43:55","slug":"meilleure-vente-nouvelle-pompe-a-eau-submersible-rs-a-economie-denergie-rs-932","status":"publish","type":"product","link":"https:\/\/www.myaquastore.com\/fr\/product\/meilleure-vente-nouvelle-pompe-a-eau-submersible-rs-a-economie-denergie-rs-932\/","title":{"rendered":"Meilleure vente nouvelle pompe \u00e0 eau submersible RS \u00e0 \u00e9conomie d&rsquo;\u00e9nergie RS-932"},"content":{"rendered":"<article class=\"article richtext richtext-detail AE:disable\" id=\"richTextContainer\">\n<div style=\"clear:both\">\n<p><span style=\"font-family: 'times new roman', times;font-size: 24px\">nouvelle pompe \u00e0 eau submersible RS \u00e0 \u00e9conomie d&rsquo;\u00e9nergie la plus vendue RS-932<\/span><\/p>\n<p><span style=\"font-family: 'times new roman', times;font-size: 24px\">1 Silencieux, s\u00fbr, \u00e9conome en \u00e9nergie et puissant<\/span><br \/><span style=\"font-family: 'times new roman', times;font-size: 24px\">2 Installation simple <\/span><br \/><span style=\"font-family: 'times new roman', times\">3 combinaisons pour l&rsquo;eau douce et marine<\/span><\/p>\n<p><span style=\"font-family: 'times new roman', times;font-size: 24px\">4 Un syst\u00e8me de filtrage nettement sup\u00e9rieur<\/span><\/p>\n<p><span style=\"font-family: 'times new roman', times;font-size: 24px\">5 param\u00e8tres (220-240v 50Hz)<\/span><\/p>\n<p><span style=\"font-family: 'times new roman', fois\u00a0\">6\u00a0emballage\u00a0: 60\u00a0pi\u00e8ces\/carton<\/span><\/p>\n<div style=\"clear:both\"><\/article>\n","protected":false},"excerpt":{"rendered":"<p>Meilleure vente nouvelle pompe \u00e0 eau submersible RS \u00e0 \u00e9conomie d&rsquo;\u00e9nergie RS-932<\/p>\n","protected":false},"featured_media":3375,"comment_status":"open","ping_status":"closed","template":"","meta":[],"product_brand":[],"product_cat":[1338],"product_tag":[],"class_list":{"0":"post-36656","1":"product","2":"type-product","3":"status-publish","4":"has-post-thumbnail","6":"product_cat-filtres-pour-aquariums","8":"first","9":"instock","10":"shipping-taxable","11":"purchasable","12":"product-type-simple"},"_links":{"self":[{"href":"https:\/\/www.myaquastore.com\/fr\/wp-json\/wp\/v2\/product\/36656","targetHints":{"allow":["GET"]}}],"collection":[{"href":"https:\/\/www.myaquastore.com\/fr\/wp-json\/wp\/v2\/product"}],"about":[{"href":"https:\/\/www.myaquastore.com\/fr\/wp-json\/wp\/v2\/types\/product"}],"replies":[{"embeddable":true,"href":"https:\/\/www.myaquastore.com\/fr\/wp-json\/wp\/v2\/comments?post=36656"}],"wp:featuredmedia":[{"embeddable":true,"href":"https:\/\/www.myaquastore.com\/fr\/wp-json\/wp\/v2\/media\/3375"}],"wp:attachment":[{"href":"https:\/\/www.myaquastore.com\/fr\/wp-json\/wp\/v2\/media?parent=36656"}],"wp:term":[{"taxonomy":"product_brand","embeddable":true,"href":"https:\/\/www.myaquastore.com\/fr\/wp-json\/wp\/v2\/product_brand?post=36656"},{"taxonomy":"product_cat","embeddable":true,"href":"https:\/\/www.myaquastore.com\/fr\/wp-json\/wp\/v2\/product_cat?post=36656"},{"taxonomy":"product_tag","embeddable":true,"href":"https:\/\/www.myaquastore.com\/fr\/wp-json\/wp\/v2\/product_tag?post=36656"}],"curies":[{"name":"wp","href":"https:\/\/api.w.org\/{rel}","templated":true}]}}