{"id":36677,"date":"2016-09-25T23:28:00","date_gmt":"2016-09-25T23:28:00","guid":{"rendered":"https:\/\/www.myaquastore.com\/product\/filtre-externe-jebao-502-pour-aquariums\/"},"modified":"2025-03-16T08:43:59","modified_gmt":"2025-03-16T08:43:59","slug":"filtre-externe-jebao-502-pour-aquariums","status":"publish","type":"product","link":"https:\/\/www.myaquastore.com\/fr\/product\/filtre-externe-jebao-502-pour-aquariums\/","title":{"rendered":"Filtre externe Jebao 502 pour aquariums"},"content":{"rendered":"<article class=\"article richtext richtext-detail AE:disable\" id=\"richTextContainer\">\n<h2 class=\"article-title\">Sp\u00e9cifications<\/h2>\n<div style=\"clear:both\"> Filtre externe Jebao 502 pour aquariums <br \/>1 Silencieux, \u00e9conome en \u00e9nergie et puissant <br \/>2 Conception modulaire pour de nombreux filtres m\u00e9dians <\/p>\n<div style=\"clear:both\">\n<p><span style=\"font-family: Times New Roman\"><span style=\"font-size: 14pt\">Filtre externe Jebao 502 pour aquariums<br \/>1 Syst\u00e8me de filtrage distinctif de qualit\u00e9 sup\u00e9rieure, \u00e9conome en \u00e9nergie et puissant<br \/>2 Conception modulaire pour une vari\u00e9t\u00e9 de supports de filtre<br \/>3 Configuration simple et installation facile<\/span><\/span><\/p>\n<p><span style=\"font-family: Times New Roman\"><span>4 Syst\u00e8me de filtrage distinctif de qualit\u00e9 sup\u00e9rieure<\/span><\/span><\/p>\n<p><span style=\"font-family: Times New Roman\"><span style=\"font-size: 14pt\">5 Param\u00e8tres (220 V 50 Hz)<\/span><\/span><\/p>\n<p><span style=\"font-family: Times New Roman\"><span style=\"font-size: 14pt\">6 Convient pour un syst\u00e8me de circulation \u00e0 l&rsquo;ext\u00e9rieur du r\u00e9servoir, qui ne partagerait pas l&rsquo;espace \u00e0 l&rsquo;int\u00e9rieur du r\u00e9servoir.<\/span><\/span><\/p>\n<p><span style=\"font-family: Times New Roman\"><span style=\"font-size: 14pt\">7 Un syst\u00e8me de filtrage distinctif de qualit\u00e9 sup\u00e9rieure<\/span><\/span><\/p>\n<div style=\"clear:both\"><\/article>\n","protected":false},"excerpt":{"rendered":"<p>Filtre externe Jebao 502 pour aquariums<\/p>\n","protected":false},"featured_media":3426,"comment_status":"open","ping_status":"closed","template":"","meta":[],"product_brand":[],"product_cat":[1338],"product_tag":[],"class_list":{"0":"post-36677","1":"product","2":"type-product","3":"status-publish","4":"has-post-thumbnail","6":"product_cat-filtres-pour-aquariums","8":"first","9":"instock","10":"shipping-taxable","11":"purchasable","12":"product-type-simple"},"_links":{"self":[{"href":"https:\/\/www.myaquastore.com\/fr\/wp-json\/wp\/v2\/product\/36677","targetHints":{"allow":["GET"]}}],"collection":[{"href":"https:\/\/www.myaquastore.com\/fr\/wp-json\/wp\/v2\/product"}],"about":[{"href":"https:\/\/www.myaquastore.com\/fr\/wp-json\/wp\/v2\/types\/product"}],"replies":[{"embeddable":true,"href":"https:\/\/www.myaquastore.com\/fr\/wp-json\/wp\/v2\/comments?post=36677"}],"wp:featuredmedia":[{"embeddable":true,"href":"https:\/\/www.myaquastore.com\/fr\/wp-json\/wp\/v2\/media\/3426"}],"wp:attachment":[{"href":"https:\/\/www.myaquastore.com\/fr\/wp-json\/wp\/v2\/media?parent=36677"}],"wp:term":[{"taxonomy":"product_brand","embeddable":true,"href":"https:\/\/www.myaquastore.com\/fr\/wp-json\/wp\/v2\/product_brand?post=36677"},{"taxonomy":"product_cat","embeddable":true,"href":"https:\/\/www.myaquastore.com\/fr\/wp-json\/wp\/v2\/product_cat?post=36677"},{"taxonomy":"product_tag","embeddable":true,"href":"https:\/\/www.myaquastore.com\/fr\/wp-json\/wp\/v2\/product_tag?post=36677"}],"curies":[{"name":"wp","href":"https:\/\/api.w.org\/{rel}","templated":true}]}}