{"id":37571,"date":"2016-09-25T23:28:00","date_gmt":"2016-09-25T23:28:00","guid":{"rendered":"https:\/\/www.myaquastore.com\/product\/rs-3300d-filtre-dalimentation-interne-daquarium-electrique-bon-marche\/"},"modified":"2025-03-16T08:50:03","modified_gmt":"2025-03-16T08:50:03","slug":"rs-3300d-filtre-dalimentation-interne-daquarium-electrique-bon-marche","status":"publish","type":"product","link":"https:\/\/www.myaquastore.com\/fr\/product\/rs-3300d-filtre-dalimentation-interne-daquarium-electrique-bon-marche\/","title":{"rendered":"RS-3300D filtre d&rsquo;alimentation interne d&rsquo;aquarium \u00e9lectrique bon march\u00e9"},"content":{"rendered":"<article class=\"article richtext richtext-detail AE:disable\" id=\"richTextContainer\">\n<div style=\"clear:both\">\n<p><span style=\"font-family: 'times new roman', times;font-size: 24px\"> filtre d&rsquo;alimentation interne d&rsquo;aquarium \u00e9lectrique bon march\u00e9 RS-3300D <\/span><\/p>\n<p><span style=\"font-family: 'times new roman', times\">1 mat\u00e9riau filtrant avec fonction de percoration<\/span><br \/><span style=\"font-family: 'times new roman', times;font-size: 24px\">2 excellentes combinaisons de moteur et de pompe<\/span><br \/><span style=\"font-family: 'times new roman', times;'times new roman', times\u00a0\">4 adapt\u00e9s \u00e0 tous les r\u00e9servoirs et aquariums zoologiques, etc<\/span><\/p>\n<p><span style=\"font-family: 'times new roman', times;font-size: 24px\">5 \u00e9conomiques et s\u00fbrs<\/span><\/p>\n<p>&lt;span style=&quot;font-family: &#039;times new roman&#039;, times; performances<\/span><\/p>\n<div style=\"clear:both\"><\/article>\n","protected":false},"excerpt":{"rendered":"<p>RS-3300D filtre d&rsquo;alimentation interne d&rsquo;aquarium \u00e9lectrique bon march\u00e9<\/p>\n","protected":false},"featured_media":3464,"comment_status":"open","ping_status":"closed","template":"","meta":[],"product_brand":[],"product_cat":[1338],"product_tag":[],"class_list":{"0":"post-37571","1":"product","2":"type-product","3":"status-publish","4":"has-post-thumbnail","6":"product_cat-filtres-pour-aquariums","8":"first","9":"instock","10":"shipping-taxable","11":"purchasable","12":"product-type-simple"},"_links":{"self":[{"href":"https:\/\/www.myaquastore.com\/fr\/wp-json\/wp\/v2\/product\/37571","targetHints":{"allow":["GET"]}}],"collection":[{"href":"https:\/\/www.myaquastore.com\/fr\/wp-json\/wp\/v2\/product"}],"about":[{"href":"https:\/\/www.myaquastore.com\/fr\/wp-json\/wp\/v2\/types\/product"}],"replies":[{"embeddable":true,"href":"https:\/\/www.myaquastore.com\/fr\/wp-json\/wp\/v2\/comments?post=37571"}],"wp:featuredmedia":[{"embeddable":true,"href":"https:\/\/www.myaquastore.com\/fr\/wp-json\/wp\/v2\/media\/3464"}],"wp:attachment":[{"href":"https:\/\/www.myaquastore.com\/fr\/wp-json\/wp\/v2\/media?parent=37571"}],"wp:term":[{"taxonomy":"product_brand","embeddable":true,"href":"https:\/\/www.myaquastore.com\/fr\/wp-json\/wp\/v2\/product_brand?post=37571"},{"taxonomy":"product_cat","embeddable":true,"href":"https:\/\/www.myaquastore.com\/fr\/wp-json\/wp\/v2\/product_cat?post=37571"},{"taxonomy":"product_tag","embeddable":true,"href":"https:\/\/www.myaquastore.com\/fr\/wp-json\/wp\/v2\/product_tag?post=37571"}],"curies":[{"name":"wp","href":"https:\/\/api.w.org\/{rel}","templated":true}]}}