{"id":37588,"date":"2016-09-25T23:28:00","date_gmt":"2016-09-25T23:28:00","guid":{"rendered":"https:\/\/www.myaquastore.com\/product\/resun-petite-pompe-a-air-electrique-daquarium-basse-pression-ac500\/"},"modified":"2025-03-16T08:50:07","modified_gmt":"2025-03-16T08:50:07","slug":"resun-petite-pompe-a-air-electrique-daquarium-basse-pression-ac500","status":"publish","type":"product","link":"https:\/\/www.myaquastore.com\/fr\/product\/resun-petite-pompe-a-air-electrique-daquarium-basse-pression-ac500\/","title":{"rendered":"Resun petite pompe \u00e0 air \u00e9lectrique d&rsquo;aquarium basse pression AC500"},"content":{"rendered":"<article class=\"article richtext richtext-detail AE:disable\" id=\"richTextContainer\">\n<div style=\"clear:both\">\n<p><span style=\"font-family: 'times new roman', times;font-size: 24px\"> resun petite pompe \u00e0 air \u00e9lectrique d&rsquo;aquarium basse pression AC500 <\/span><\/p>\n<p><span style=\"font-family: 'times new roman', times;font-size: 24px\">a. Le diaphragme et la valve en caoutchouc r\u00e9sistant aux chocs garantissent une longue dur\u00e9e de vie<\/span><\/p>\n<p><span style=\"font-family: 'times new roman', times;font-size: 24px\">b. Structure unique avec une bonne dispersion de la chaleur et un faible bruit<\/span><\/p>\n<p><span style=\"font-family: 'times new roman', times;font-size: 24px\">c. Largement utilis\u00e9 dans les fermes piscicoles, les \u00e9tangs, les aquariums et les utilisations industrielles \u00e0 des fins d&rsquo;oxyg\u00e9nation<\/span><\/p>\n<p><span style=\"font-family: 'times new roman', times;font-size: 24px\">d. S\u00e9parateurs d&rsquo;air en plastique inclus et s\u00e9parateurs m\u00e9talliques disponibles sur demande<\/span><\/p>\n<p><span style=\"font-family: 'times new roman', times;font-size: 24px\">e.packing est de 60 pi\u00e8ces\/carton <\/span><\/p>\n<div style=\"clear:both\"><\/article>\n","protected":false},"excerpt":{"rendered":"<p>Resun petite pompe \u00e0 air \u00e9lectrique d&rsquo;aquarium basse pression AC500<\/p>\n","protected":false},"featured_media":3493,"comment_status":"open","ping_status":"closed","template":"","meta":[],"product_brand":[],"product_cat":[1338],"product_tag":[],"class_list":{"0":"post-37588","1":"product","2":"type-product","3":"status-publish","4":"has-post-thumbnail","6":"product_cat-filtres-pour-aquariums","8":"first","9":"instock","10":"shipping-taxable","11":"purchasable","12":"product-type-simple"},"_links":{"self":[{"href":"https:\/\/www.myaquastore.com\/fr\/wp-json\/wp\/v2\/product\/37588","targetHints":{"allow":["GET"]}}],"collection":[{"href":"https:\/\/www.myaquastore.com\/fr\/wp-json\/wp\/v2\/product"}],"about":[{"href":"https:\/\/www.myaquastore.com\/fr\/wp-json\/wp\/v2\/types\/product"}],"replies":[{"embeddable":true,"href":"https:\/\/www.myaquastore.com\/fr\/wp-json\/wp\/v2\/comments?post=37588"}],"wp:featuredmedia":[{"embeddable":true,"href":"https:\/\/www.myaquastore.com\/fr\/wp-json\/wp\/v2\/media\/3493"}],"wp:attachment":[{"href":"https:\/\/www.myaquastore.com\/fr\/wp-json\/wp\/v2\/media?parent=37588"}],"wp:term":[{"taxonomy":"product_brand","embeddable":true,"href":"https:\/\/www.myaquastore.com\/fr\/wp-json\/wp\/v2\/product_brand?post=37588"},{"taxonomy":"product_cat","embeddable":true,"href":"https:\/\/www.myaquastore.com\/fr\/wp-json\/wp\/v2\/product_cat?post=37588"},{"taxonomy":"product_tag","embeddable":true,"href":"https:\/\/www.myaquastore.com\/fr\/wp-json\/wp\/v2\/product_tag?post=37588"}],"curies":[{"name":"wp","href":"https:\/\/api.w.org\/{rel}","templated":true}]}}