{"id":37594,"date":"2016-09-25T23:28:00","date_gmt":"2016-09-25T23:28:00","guid":{"rendered":"https:\/\/www.myaquastore.com\/product\/pompe-a-air-electrique-resun-pour-aquarium-a-faible-bruit-lp40\/"},"modified":"2025-03-16T08:50:08","modified_gmt":"2025-03-16T08:50:08","slug":"pompe-a-air-electrique-resun-pour-aquarium-a-faible-bruit-lp40","status":"publish","type":"product","link":"https:\/\/www.myaquastore.com\/fr\/product\/pompe-a-air-electrique-resun-pour-aquarium-a-faible-bruit-lp40\/","title":{"rendered":"Pompe \u00e0 air \u00e9lectrique RESUN pour aquarium \u00e0 faible bruit LP40"},"content":{"rendered":"<article class=\"article richtext richtext-detail AE:disable\" id=\"richTextContainer\">\n<h2 class=\"article-title\">Sp\u00e9cifications<\/h2>\n<div style=\"clear:both\"> pompe \u00e0 air \u00e9lectrique RESUN pour aquarium \u00e0 faible bruit LP40 <br \/>1. longue dur\u00e9e de vie <br \/>2 silencieux, \u00e9conomie d&rsquo;\u00e9nergie <br \/>3 d\u00e9bit d&rsquo;air et pression constants <\/p>\n<div style=\"clear:both\">\n<p> pompe \u00e0 air \u00e9lectrique RESUN pour aquarium \u00e0 faible bruit LP40<\/p>\n<p>a. Le diaphragme et la valve en caoutchouc r\u00e9sistant aux chocs garantissent une longue dur\u00e9e de vie<\/p>\n<p>b. Structure unique avec une bonne dispersion de la chaleur et un faible bruit<\/p>\n<p>c. Largement utilis\u00e9 dans les fermes piscicoles, les \u00e9tangs, les aquariums et les utilisations industrielles \u00e0 des fins d&rsquo;oxyg\u00e9nation<\/p>\n<p>d. S\u00e9parateurs d&rsquo;air en plastique inclus et s\u00e9parateurs m\u00e9talliques disponibles sur demande<\/p>\n<div style=\"clear:both\"><\/article>\n","protected":false},"excerpt":{"rendered":"<p>Pompe \u00e0 air \u00e9lectrique RESUN pour aquarium \u00e0 faible bruit LP40<\/p>\n","protected":false},"featured_media":3476,"comment_status":"open","ping_status":"closed","template":"","meta":[],"product_brand":[],"product_cat":[1338],"product_tag":[],"class_list":{"0":"post-37594","1":"product","2":"type-product","3":"status-publish","4":"has-post-thumbnail","6":"product_cat-filtres-pour-aquariums","8":"first","9":"instock","10":"shipping-taxable","11":"purchasable","12":"product-type-simple"},"_links":{"self":[{"href":"https:\/\/www.myaquastore.com\/fr\/wp-json\/wp\/v2\/product\/37594","targetHints":{"allow":["GET"]}}],"collection":[{"href":"https:\/\/www.myaquastore.com\/fr\/wp-json\/wp\/v2\/product"}],"about":[{"href":"https:\/\/www.myaquastore.com\/fr\/wp-json\/wp\/v2\/types\/product"}],"replies":[{"embeddable":true,"href":"https:\/\/www.myaquastore.com\/fr\/wp-json\/wp\/v2\/comments?post=37594"}],"wp:featuredmedia":[{"embeddable":true,"href":"https:\/\/www.myaquastore.com\/fr\/wp-json\/wp\/v2\/media\/3476"}],"wp:attachment":[{"href":"https:\/\/www.myaquastore.com\/fr\/wp-json\/wp\/v2\/media?parent=37594"}],"wp:term":[{"taxonomy":"product_brand","embeddable":true,"href":"https:\/\/www.myaquastore.com\/fr\/wp-json\/wp\/v2\/product_brand?post=37594"},{"taxonomy":"product_cat","embeddable":true,"href":"https:\/\/www.myaquastore.com\/fr\/wp-json\/wp\/v2\/product_cat?post=37594"},{"taxonomy":"product_tag","embeddable":true,"href":"https:\/\/www.myaquastore.com\/fr\/wp-json\/wp\/v2\/product_tag?post=37594"}],"curies":[{"name":"wp","href":"https:\/\/api.w.org\/{rel}","templated":true}]}}