{"id":37621,"date":"2016-09-25T23:28:02","date_gmt":"2016-09-25T23:28:02","guid":{"rendered":"https:\/\/www.myaquastore.com\/product\/pompe-a-eau-serie-buller-resun-25w-b1500\/"},"modified":"2025-03-16T08:50:14","modified_gmt":"2025-03-16T08:50:14","slug":"pompe-a-eau-serie-buller-resun-25w-b1500","status":"publish","type":"product","link":"https:\/\/www.myaquastore.com\/fr\/product\/pompe-a-eau-serie-buller-resun-25w-b1500\/","title":{"rendered":"Pompe \u00e0 eau s\u00e9rie Buller RESUN 25W B1500"},"content":{"rendered":"<article class=\"article richtext richtext-detail AE:disable\" id=\"richTextContainer\">\n<h2 class=\"article-title\">Sp\u00e9cifications<\/h2>\n<div style=\"clear:both\"> Pompe \u00e0 eau RESUN buller s\u00e9rie B1500 25W <br \/>1 combinaison pour l&rsquo;eau douce et marine <br \/>2 choix de jets\/kits de fontaine <br \/>3 coffre-fort <\/p>\n<div style=\"clear:both\">\n<p>Pompe \u00e0 eau s\u00e9rie RESUN buller 25W B1500<\/p>\n<p>a. Le moteur en r\u00e9sine \u00e9poxy encapsul\u00e9 assure la s\u00e9curit\u00e9, la fiabilit\u00e9 et la durabilit\u00e9<\/p>\n<p>b. Convient \u00e0 l&rsquo;eau douce et \u00e0 l&rsquo;eau marine<\/p>\n<p>c. Choix de jets\/kits de fontaine<\/p>\n<p>d. Convient pour aquarium, fontaine de jardin aquatique et affichage de cascade<\/p>\n<\/p>\n<\/p>\n<\/p>\n<div style=\"clear:both\"><\/article>\n","protected":false},"excerpt":{"rendered":"<p>Pompe \u00e0 eau s\u00e9rie Buller RESUN 25W B1500<\/p>\n","protected":false},"featured_media":3562,"comment_status":"open","ping_status":"closed","template":"","meta":[],"product_brand":[],"product_cat":[1338],"product_tag":[],"class_list":{"0":"post-37621","1":"product","2":"type-product","3":"status-publish","4":"has-post-thumbnail","6":"product_cat-filtres-pour-aquariums","8":"first","9":"instock","10":"shipping-taxable","11":"purchasable","12":"product-type-simple"},"_links":{"self":[{"href":"https:\/\/www.myaquastore.com\/fr\/wp-json\/wp\/v2\/product\/37621","targetHints":{"allow":["GET"]}}],"collection":[{"href":"https:\/\/www.myaquastore.com\/fr\/wp-json\/wp\/v2\/product"}],"about":[{"href":"https:\/\/www.myaquastore.com\/fr\/wp-json\/wp\/v2\/types\/product"}],"replies":[{"embeddable":true,"href":"https:\/\/www.myaquastore.com\/fr\/wp-json\/wp\/v2\/comments?post=37621"}],"wp:featuredmedia":[{"embeddable":true,"href":"https:\/\/www.myaquastore.com\/fr\/wp-json\/wp\/v2\/media\/3562"}],"wp:attachment":[{"href":"https:\/\/www.myaquastore.com\/fr\/wp-json\/wp\/v2\/media?parent=37621"}],"wp:term":[{"taxonomy":"product_brand","embeddable":true,"href":"https:\/\/www.myaquastore.com\/fr\/wp-json\/wp\/v2\/product_brand?post=37621"},{"taxonomy":"product_cat","embeddable":true,"href":"https:\/\/www.myaquastore.com\/fr\/wp-json\/wp\/v2\/product_cat?post=37621"},{"taxonomy":"product_tag","embeddable":true,"href":"https:\/\/www.myaquastore.com\/fr\/wp-json\/wp\/v2\/product_tag?post=37621"}],"curies":[{"name":"wp","href":"https:\/\/api.w.org\/{rel}","templated":true}]}}