{"id":37632,"date":"2016-09-25T23:28:02","date_gmt":"2016-09-25T23:28:02","guid":{"rendered":"https:\/\/www.myaquastore.com\/product\/weipro-sonpar-reducteur-de-nitrate-ml4000\/"},"modified":"2025-03-16T08:50:16","modified_gmt":"2025-03-16T08:50:16","slug":"weipro-sonpar-reducteur-de-nitrate-ml4000","status":"publish","type":"product","link":"https:\/\/www.myaquastore.com\/fr\/product\/weipro-sonpar-reducteur-de-nitrate-ml4000\/","title":{"rendered":"WEIPRO SONPAR r\u00e9ducteur de nitrate ML4000"},"content":{"rendered":"<article class=\"article richtext richtext-detail AE:disable\" id=\"richTextContainer\">\n<div style=\"clear:both\">\n<p><span style=\"font-family: 'times new roman', times;font-size: 24px\">WEIPRO SONPAR r\u00e9ducteur de nitrat ML4000<\/span><\/p>\n<p><span style=\"font-family: 'times new roman', times\">1. Conception de filtre biologique, professionnel fournissant des micro-organismes de culture pour votre r\u00e9servoir<\/span><br \/><span style=\"font-family: 'times new roman', times;font-size: 24px\">2. \u00c9liminez efficacement le nitrate dangereux dans l&rsquo;eau, purifiez l&rsquo;eau gr\u00e2ce \u00e0 la croissance des bact\u00e9ries b\u00e9n\u00e9fiques. <\/span><br \/><span style=\"font-family: 'times new roman', times;font-size: 24px\">3. Avec \u00e9levage de boules biologiques et utilisation microbienne des boules <\/span><br \/><span style=\"font-family: 'times new roman', times;font-size: 24px\">4. Des tubes de raccordement et 2 pompes \u00e0 eau sont \u00e9quip\u00e9s pour les utilisateurs <\/span><br \/><span style=\"font-family: 'times new roman', times;font-size: 24px\">5. Convient pour l&rsquo;eau douce et l&rsquo;eau sal\u00e9e<\/span><br \/><span style=\"font-family: 'times new roman', times;font-size: 24px\">6. L&rsquo;un des r\u00e9ducteurs de nitrate les plus efficaces du march\u00e9 chinois actuel<\/span><\/p>\n<div style=\"clear:both\"><\/article>\n","protected":false},"excerpt":{"rendered":"<p>WEIPRO SONPAR r\u00e9ducteur de nitrate ML4000<\/p>\n","protected":false},"featured_media":3584,"comment_status":"open","ping_status":"closed","template":"","meta":[],"product_brand":[],"product_cat":[1338],"product_tag":[],"class_list":{"0":"post-37632","1":"product","2":"type-product","3":"status-publish","4":"has-post-thumbnail","6":"product_cat-filtres-pour-aquariums","8":"first","9":"instock","10":"shipping-taxable","11":"purchasable","12":"product-type-simple"},"_links":{"self":[{"href":"https:\/\/www.myaquastore.com\/fr\/wp-json\/wp\/v2\/product\/37632","targetHints":{"allow":["GET"]}}],"collection":[{"href":"https:\/\/www.myaquastore.com\/fr\/wp-json\/wp\/v2\/product"}],"about":[{"href":"https:\/\/www.myaquastore.com\/fr\/wp-json\/wp\/v2\/types\/product"}],"replies":[{"embeddable":true,"href":"https:\/\/www.myaquastore.com\/fr\/wp-json\/wp\/v2\/comments?post=37632"}],"wp:featuredmedia":[{"embeddable":true,"href":"https:\/\/www.myaquastore.com\/fr\/wp-json\/wp\/v2\/media\/3584"}],"wp:attachment":[{"href":"https:\/\/www.myaquastore.com\/fr\/wp-json\/wp\/v2\/media?parent=37632"}],"wp:term":[{"taxonomy":"product_brand","embeddable":true,"href":"https:\/\/www.myaquastore.com\/fr\/wp-json\/wp\/v2\/product_brand?post=37632"},{"taxonomy":"product_cat","embeddable":true,"href":"https:\/\/www.myaquastore.com\/fr\/wp-json\/wp\/v2\/product_cat?post=37632"},{"taxonomy":"product_tag","embeddable":true,"href":"https:\/\/www.myaquastore.com\/fr\/wp-json\/wp\/v2\/product_tag?post=37632"}],"curies":[{"name":"wp","href":"https:\/\/api.w.org\/{rel}","templated":true}]}}