{"id":37639,"date":"2016-09-25T23:28:02","date_gmt":"2016-09-25T23:28:02","guid":{"rendered":"https:\/\/www.myaquastore.com\/product\/pompe-a-eau-de-bassin-submersible-boyu-spm-5500\/"},"modified":"2025-03-16T08:50:18","modified_gmt":"2025-03-16T08:50:18","slug":"pompe-a-eau-de-bassin-submersible-boyu-spm-5500","status":"publish","type":"product","link":"https:\/\/www.myaquastore.com\/fr\/product\/pompe-a-eau-de-bassin-submersible-boyu-spm-5500\/","title":{"rendered":"Pompe \u00e0 eau de bassin submersible boyu SPM-5500"},"content":{"rendered":"<article class=\"article richtext richtext-detail AE:disable\" id=\"richTextContainer\">\n<div style=\"clear:both\">\n<p><span style=\"font-family: 'times new roman', times;font-size: 24px\"> pompe \u00e0 eau de bassin submersible boyu SPM-5500<\/span><br \/><span style=\"font-family: 'times new roman', times\">1. adoptant un arbre en c\u00e9ramique inoxydable, la pompe r\u00e9siste \u00e0 l&rsquo;effilochage et \u00e0 la rouille et peut \u00eatre utilis\u00e9e en eau douce et en eau de mer.<\/span><\/p>\n<p><span style=\"font-family: 'times new roman', times;font-size: 24px\">2. le moteur est recouvert de r\u00e9sine et les performances d&rsquo;\u00e9tanch\u00e9it\u00e9 et d&rsquo;isolation sont excellentes. <\/span><\/p>\n<p><span style=\"font-family: 'times new roman', times;font-size: 24px\">3. conception multifonctionnelle &#8212;&#8211; pompage, filtrage et fontaine 3 en 1.<\/span><\/p>\n<p><span style=\"font-family: 'times new roman', times;font-size: 24px\">4. avec un bel aspect, le tuyau de fontaine est facile \u00e0 assembler et peut \u00eatre utilis\u00e9 dans des pompes de n&rsquo;importe quelle taille.<\/span><\/p>\n<p><span style=\"font-family: 'times new roman', times;font-size: 24px\">5. diff\u00e9rentes formes de tuyaux de fontaine sont disponibles. la taille et la hauteur de la belle fontaine peuvent \u00eatre ajust\u00e9es \u00e0 votre guise.<\/span><\/p>\n<p><span style=\"font-family: 'times new roman', times;font-size: 24px\">6. Champ d&rsquo;application\u00a0: convient au pompage et \u00e0 la circulation de l&rsquo;eau dans les aquariums et les bassins de fruits de mer, \u00e0 la filtration et au nettoyage de l&rsquo;eau de reproduction et \u00e0 la pulv\u00e9risation des fontaines int\u00e9rieures et ext\u00e9rieures.<\/span><\/p>\n<div style=\"clear:both\"><\/article>\n","protected":false},"excerpt":{"rendered":"<p>Pompe \u00e0 eau de bassin submersible boyu SPM-5500<\/p>\n","protected":false},"featured_media":3598,"comment_status":"open","ping_status":"closed","template":"","meta":[],"product_brand":[],"product_cat":[1338],"product_tag":[],"class_list":{"0":"post-37639","1":"product","2":"type-product","3":"status-publish","4":"has-post-thumbnail","6":"product_cat-filtres-pour-aquariums","8":"first","9":"instock","10":"shipping-taxable","11":"purchasable","12":"product-type-simple"},"_links":{"self":[{"href":"https:\/\/www.myaquastore.com\/fr\/wp-json\/wp\/v2\/product\/37639","targetHints":{"allow":["GET"]}}],"collection":[{"href":"https:\/\/www.myaquastore.com\/fr\/wp-json\/wp\/v2\/product"}],"about":[{"href":"https:\/\/www.myaquastore.com\/fr\/wp-json\/wp\/v2\/types\/product"}],"replies":[{"embeddable":true,"href":"https:\/\/www.myaquastore.com\/fr\/wp-json\/wp\/v2\/comments?post=37639"}],"wp:featuredmedia":[{"embeddable":true,"href":"https:\/\/www.myaquastore.com\/fr\/wp-json\/wp\/v2\/media\/3598"}],"wp:attachment":[{"href":"https:\/\/www.myaquastore.com\/fr\/wp-json\/wp\/v2\/media?parent=37639"}],"wp:term":[{"taxonomy":"product_brand","embeddable":true,"href":"https:\/\/www.myaquastore.com\/fr\/wp-json\/wp\/v2\/product_brand?post=37639"},{"taxonomy":"product_cat","embeddable":true,"href":"https:\/\/www.myaquastore.com\/fr\/wp-json\/wp\/v2\/product_cat?post=37639"},{"taxonomy":"product_tag","embeddable":true,"href":"https:\/\/www.myaquastore.com\/fr\/wp-json\/wp\/v2\/product_tag?post=37639"}],"curies":[{"name":"wp","href":"https:\/\/api.w.org\/{rel}","templated":true}]}}