{"id":37653,"date":"2016-09-25T23:28:02","date_gmt":"2016-09-25T23:28:02","guid":{"rendered":"https:\/\/www.myaquastore.com\/product\/ecumeur-de-proteines-daquarium-rs-rs4003\/"},"modified":"2025-03-16T08:50:21","modified_gmt":"2025-03-16T08:50:21","slug":"ecumeur-de-proteines-daquarium-rs-rs4003","status":"publish","type":"product","link":"https:\/\/www.myaquastore.com\/fr\/product\/ecumeur-de-proteines-daquarium-rs-rs4003\/","title":{"rendered":"\u00c9cumeur de prot\u00e9ines d&rsquo;aquarium RS RS4003"},"content":{"rendered":"<article class=\"article richtext richtext-detail AE:disable\" id=\"richTextContainer\">\n<div style=\"clear:both\">\n<p><span style=\"font-family: 'times new roman', times;font-size: 24px\">\u00c9cumeur de prot\u00e9ines d&rsquo;aquarium RS RS4003<\/span><br \/><span style=\"font-family: 'times new roman', times\">1. Imitez la zoologie naturelle<\/span><br \/><span style=\"font-family: 'times new roman', times;font-size: 24px\">2. Qualit\u00e9 s\u00fbre et fiable avec dispositif \u00e0 l&rsquo;int\u00e9rieur pour \u00e9viter la surchauffe.<\/span><\/p>\n<p><span style=\"font-family: 'times new roman', times;font-size: 24px\">3. Assemblez et d\u00e9montez facilement pour nettoyage.<\/span><\/p>\n<p><span style=\"font-family: 'times new roman', times;font-size: 24px\">4.Emballage\u00a0: 40 pi\u00e8ces\/carton<\/span><\/p>\n<p><span style=\"font-family: 'times new roman', times;font-size: 24px\">5.volume correspondant: 70Gal.(270L)<\/span><\/p>\n<div style=\"clear:les deux\"><\/article>\n","protected":false},"excerpt":{"rendered":"<p>\u00c9cumeur de prot\u00e9ines d&rsquo;aquarium RS RS4003<\/p>\n","protected":false},"featured_media":3627,"comment_status":"open","ping_status":"closed","template":"","meta":[],"product_brand":[],"product_cat":[1338],"product_tag":[],"class_list":{"0":"post-37653","1":"product","2":"type-product","3":"status-publish","4":"has-post-thumbnail","6":"product_cat-filtres-pour-aquariums","8":"first","9":"instock","10":"shipping-taxable","11":"purchasable","12":"product-type-simple"},"_links":{"self":[{"href":"https:\/\/www.myaquastore.com\/fr\/wp-json\/wp\/v2\/product\/37653","targetHints":{"allow":["GET"]}}],"collection":[{"href":"https:\/\/www.myaquastore.com\/fr\/wp-json\/wp\/v2\/product"}],"about":[{"href":"https:\/\/www.myaquastore.com\/fr\/wp-json\/wp\/v2\/types\/product"}],"replies":[{"embeddable":true,"href":"https:\/\/www.myaquastore.com\/fr\/wp-json\/wp\/v2\/comments?post=37653"}],"wp:featuredmedia":[{"embeddable":true,"href":"https:\/\/www.myaquastore.com\/fr\/wp-json\/wp\/v2\/media\/3627"}],"wp:attachment":[{"href":"https:\/\/www.myaquastore.com\/fr\/wp-json\/wp\/v2\/media?parent=37653"}],"wp:term":[{"taxonomy":"product_brand","embeddable":true,"href":"https:\/\/www.myaquastore.com\/fr\/wp-json\/wp\/v2\/product_brand?post=37653"},{"taxonomy":"product_cat","embeddable":true,"href":"https:\/\/www.myaquastore.com\/fr\/wp-json\/wp\/v2\/product_cat?post=37653"},{"taxonomy":"product_tag","embeddable":true,"href":"https:\/\/www.myaquastore.com\/fr\/wp-json\/wp\/v2\/product_tag?post=37653"}],"curies":[{"name":"wp","href":"https:\/\/api.w.org\/{rel}","templated":true}]}}