{"id":37670,"date":"2016-09-25T23:28:02","date_gmt":"2016-09-25T23:28:02","guid":{"rendered":"https:\/\/www.myaquastore.com\/product\/lampe-daquarium-boyu-18w-40cm-plb-40\/"},"modified":"2025-03-16T08:50:25","modified_gmt":"2025-03-16T08:50:25","slug":"lampe-daquarium-boyu-18w-40cm-plb-40","status":"publish","type":"product","link":"https:\/\/www.myaquastore.com\/fr\/product\/lampe-daquarium-boyu-18w-40cm-plb-40\/","title":{"rendered":"Lampe d&rsquo;aquarium BOYU 18w 40cm PLB-40"},"content":{"rendered":"<article class=\"article richtext richtext-detail AE:disable\" id=\"richTextContainer\">\n<div style=\"clear:both\">\n<p><span style=\"font-family: 'times new roman', times;font-size: 24px\"> Lampe d&rsquo;aquarium BOYU 18w 40cm PLB-40 <\/span><\/p>\n<p><span style=\"color: #333333;font-family: 'times new roman', times\u00a0\">1. Utilisez une coque en aluminium de haute qualit\u00e9, inoxydable et anticorrosion, bonne capacit\u00e9 de diffusion de la chaleur.<br \/>2. Conception sp\u00e9ciale, r\u00e9flexion de la lumi\u00e8re \u00e0 95 %.<br \/>3. Apparence de ligne de flux, extensible, ?? support. <br \/>4.Conception super fine, belle apparence attrayante. beaucoup de couleurs pour l&rsquo;option<\/span><\/p>\n<p><span style=\"color: #333333;font-family: 'times new roman', times;font-size: 24px\">5. DONN\u00c9ES TECHNIQUES\u00a0: AC230V \/50Hz<\/span><\/p>\n<div style=\"clear:both\"><\/article>\n","protected":false},"excerpt":{"rendered":"<p>Lampe d&rsquo;aquarium BOYU 18w 40cm PLB-40<\/p>\n","protected":false},"featured_media":3661,"comment_status":"open","ping_status":"closed","template":"","meta":[],"product_brand":[],"product_cat":[1338],"product_tag":[],"class_list":{"0":"post-37670","1":"product","2":"type-product","3":"status-publish","4":"has-post-thumbnail","6":"product_cat-filtres-pour-aquariums","8":"first","9":"instock","10":"shipping-taxable","11":"purchasable","12":"product-type-simple"},"_links":{"self":[{"href":"https:\/\/www.myaquastore.com\/fr\/wp-json\/wp\/v2\/product\/37670","targetHints":{"allow":["GET"]}}],"collection":[{"href":"https:\/\/www.myaquastore.com\/fr\/wp-json\/wp\/v2\/product"}],"about":[{"href":"https:\/\/www.myaquastore.com\/fr\/wp-json\/wp\/v2\/types\/product"}],"replies":[{"embeddable":true,"href":"https:\/\/www.myaquastore.com\/fr\/wp-json\/wp\/v2\/comments?post=37670"}],"wp:featuredmedia":[{"embeddable":true,"href":"https:\/\/www.myaquastore.com\/fr\/wp-json\/wp\/v2\/media\/3661"}],"wp:attachment":[{"href":"https:\/\/www.myaquastore.com\/fr\/wp-json\/wp\/v2\/media?parent=37670"}],"wp:term":[{"taxonomy":"product_brand","embeddable":true,"href":"https:\/\/www.myaquastore.com\/fr\/wp-json\/wp\/v2\/product_brand?post=37670"},{"taxonomy":"product_cat","embeddable":true,"href":"https:\/\/www.myaquastore.com\/fr\/wp-json\/wp\/v2\/product_cat?post=37670"},{"taxonomy":"product_tag","embeddable":true,"href":"https:\/\/www.myaquastore.com\/fr\/wp-json\/wp\/v2\/product_tag?post=37670"}],"curies":[{"name":"wp","href":"https:\/\/api.w.org\/{rel}","templated":true}]}}