{"id":37706,"date":"2016-09-25T23:28:04","date_gmt":"2016-09-25T23:28:04","guid":{"rendered":"https:\/\/www.myaquastore.com\/product\/pompe-de-plongee-amphibie-haiyang-hy-806\/"},"modified":"2025-03-16T08:50:33","modified_gmt":"2025-03-16T08:50:33","slug":"pompe-de-plongee-amphibie-haiyang-hy-806","status":"publish","type":"product","link":"https:\/\/www.myaquastore.com\/fr\/product\/pompe-de-plongee-amphibie-haiyang-hy-806\/","title":{"rendered":"Pompe de plong\u00e9e amphibie haiyang HY-806"},"content":{"rendered":"<article class=\"article richtext richtext-detail AE:disable\" id=\"richTextContainer\">\n<h2 class=\"article-title\">Sp\u00e9cifications<\/h2>\n<div style=\"clear:both\"> Pompe de plong\u00e9e amphibie haiyang HY-806 <br \/>1 Silencieuse, s\u00fbre, \u00e9conome en \u00e9nergie et puissante <br \/>2 Installation simple <br \/>3 combinaisons pour l&rsquo;eau douce et marine <\/p>\n<div style=\"clear:both\">\n<p>Pompe de plong\u00e9e amphibie Haiyang HY-806<\/p>\n<p>1 Silencieuse, s\u00fbre, \u00e9conome en \u00e9nergie et puissante<br \/>2 Installation simple <br \/>3 combinaison pour eau douce et marine<\/p>\n<p>4 Param\u00e8tres (220V ~ 240V 50Hz)<\/p>\n<p>5 emballage\u00a0: 12 pi\u00e8ces\/carton<\/p>\n<\/p>\n<\/p>\n<\/p>\n<\/p>\n<div style=\"clear:both\"><\/article>\n","protected":false},"excerpt":{"rendered":"<p>Pompe de plong\u00e9e amphibie haiyang HY-806<\/p>\n","protected":false},"featured_media":3733,"comment_status":"open","ping_status":"closed","template":"","meta":[],"product_brand":[],"product_cat":[1338],"product_tag":[],"class_list":{"0":"post-37706","1":"product","2":"type-product","3":"status-publish","4":"has-post-thumbnail","6":"product_cat-filtres-pour-aquariums","8":"first","9":"instock","10":"shipping-taxable","11":"purchasable","12":"product-type-simple"},"_links":{"self":[{"href":"https:\/\/www.myaquastore.com\/fr\/wp-json\/wp\/v2\/product\/37706","targetHints":{"allow":["GET"]}}],"collection":[{"href":"https:\/\/www.myaquastore.com\/fr\/wp-json\/wp\/v2\/product"}],"about":[{"href":"https:\/\/www.myaquastore.com\/fr\/wp-json\/wp\/v2\/types\/product"}],"replies":[{"embeddable":true,"href":"https:\/\/www.myaquastore.com\/fr\/wp-json\/wp\/v2\/comments?post=37706"}],"wp:featuredmedia":[{"embeddable":true,"href":"https:\/\/www.myaquastore.com\/fr\/wp-json\/wp\/v2\/media\/3733"}],"wp:attachment":[{"href":"https:\/\/www.myaquastore.com\/fr\/wp-json\/wp\/v2\/media?parent=37706"}],"wp:term":[{"taxonomy":"product_brand","embeddable":true,"href":"https:\/\/www.myaquastore.com\/fr\/wp-json\/wp\/v2\/product_brand?post=37706"},{"taxonomy":"product_cat","embeddable":true,"href":"https:\/\/www.myaquastore.com\/fr\/wp-json\/wp\/v2\/product_cat?post=37706"},{"taxonomy":"product_tag","embeddable":true,"href":"https:\/\/www.myaquastore.com\/fr\/wp-json\/wp\/v2\/product_tag?post=37706"}],"curies":[{"name":"wp","href":"https:\/\/api.w.org\/{rel}","templated":true}]}}