{"id":37714,"date":"2016-09-25T23:28:05","date_gmt":"2016-09-25T23:28:05","guid":{"rendered":"https:\/\/www.myaquastore.com\/product\/petites-pompes-de-fontaine-haiyang-3w-hy-202\/"},"modified":"2025-03-16T08:50:35","modified_gmt":"2025-03-16T08:50:35","slug":"petites-pompes-de-fontaine-haiyang-3w-hy-202","status":"publish","type":"product","link":"https:\/\/www.myaquastore.com\/fr\/product\/petites-pompes-de-fontaine-haiyang-3w-hy-202\/","title":{"rendered":"Petites pompes de fontaine haiyang 3W HY-202"},"content":{"rendered":"<article class=\"article richtext richtext-detail AE:disable\" id=\"richTextContainer\">\n<h2 class=\"article-title\">Sp\u00e9cifications<\/h2>\n<div style=\"clear:both\"> Petites pompes de fontaine haiyang 3W HY-202 <br \/>1 Silencieuses, s\u00fbres et \u00e9conomes en \u00e9nergie <br \/>2 Installation simple <br \/>3 combinaisons pour l&rsquo;eau douce et marine <\/p>\n<div style=\"clear:both\">\n<p>Petites pompes de fontaine haiyang 3W HY-202<\/p>\n<p>1 Silencieuses, s\u00fbres et \u00e9conomes en \u00e9nergie<\/p>\n<p>2 Installation simple <br \/>3 combinaisons pour l&rsquo;eau douce et marine<\/p>\n<p>4 Param\u00e8tres (12 V 50 Hz\/60 Hz)<\/p>\n<p>5 emballage\u00a0: 100 pi\u00e8ces\/carton<\/p>\n<\/p>\n<\/p>\n<\/p>\n<\/p>\n<div style=\"clear:both\"><\/article>\n","protected":false},"excerpt":{"rendered":"<p>Petites pompes de fontaine haiyang 3W HY-202<\/p>\n","protected":false},"featured_media":3749,"comment_status":"open","ping_status":"closed","template":"","meta":[],"product_brand":[],"product_cat":[1338],"product_tag":[],"class_list":{"0":"post-37714","1":"product","2":"type-product","3":"status-publish","4":"has-post-thumbnail","6":"product_cat-filtres-pour-aquariums","8":"first","9":"instock","10":"shipping-taxable","11":"purchasable","12":"product-type-simple"},"_links":{"self":[{"href":"https:\/\/www.myaquastore.com\/fr\/wp-json\/wp\/v2\/product\/37714","targetHints":{"allow":["GET"]}}],"collection":[{"href":"https:\/\/www.myaquastore.com\/fr\/wp-json\/wp\/v2\/product"}],"about":[{"href":"https:\/\/www.myaquastore.com\/fr\/wp-json\/wp\/v2\/types\/product"}],"replies":[{"embeddable":true,"href":"https:\/\/www.myaquastore.com\/fr\/wp-json\/wp\/v2\/comments?post=37714"}],"wp:featuredmedia":[{"embeddable":true,"href":"https:\/\/www.myaquastore.com\/fr\/wp-json\/wp\/v2\/media\/3749"}],"wp:attachment":[{"href":"https:\/\/www.myaquastore.com\/fr\/wp-json\/wp\/v2\/media?parent=37714"}],"wp:term":[{"taxonomy":"product_brand","embeddable":true,"href":"https:\/\/www.myaquastore.com\/fr\/wp-json\/wp\/v2\/product_brand?post=37714"},{"taxonomy":"product_cat","embeddable":true,"href":"https:\/\/www.myaquastore.com\/fr\/wp-json\/wp\/v2\/product_cat?post=37714"},{"taxonomy":"product_tag","embeddable":true,"href":"https:\/\/www.myaquastore.com\/fr\/wp-json\/wp\/v2\/product_tag?post=37714"}],"curies":[{"name":"wp","href":"https:\/\/api.w.org\/{rel}","templated":true}]}}