{"id":37719,"date":"2016-09-25T23:28:05","date_gmt":"2016-09-25T23:28:05","guid":{"rendered":"https:\/\/www.myaquastore.com\/product\/weipro-sonpar-ecumeur-de-proteines-daquarium-interne-sa-2002\/"},"modified":"2025-03-16T08:50:35","modified_gmt":"2025-03-16T08:50:35","slug":"weipro-sonpar-ecumeur-de-proteines-daquarium-interne-sa-2002","status":"publish","type":"product","link":"https:\/\/www.myaquastore.com\/fr\/product\/weipro-sonpar-ecumeur-de-proteines-daquarium-interne-sa-2002\/","title":{"rendered":"WEIPRO SONPAR \u00e9cumeur de prot\u00e9ines d&rsquo;aquarium interne SA-2002"},"content":{"rendered":"<article class=\"article richtext richtext-detail AE:disable\" id=\"richTextContainer\">\n<h2 class=\"article-title\">Sp\u00e9cifications<\/h2>\n<div style=\"clear:both\"> \u00c9cumeur interne de prot\u00e9ines d&rsquo;aquarium WEIPRO SONPAR SA-2002 <br \/>1.Imitation de la zoologie naturelle. <br \/>2. Qualit\u00e9 s\u00fbre et fiable <\/p>\n<div style=\"clear:both\">\n<p>\u00c9cumeur interne de prot\u00e9ines d&rsquo;aquarium WEIPRO SONPAR SA-2002<br \/> 1. \u00c9cumeur interne de conception sp\u00e9ciale pour r\u00e9servoir d&rsquo;eau sal\u00e9e. <br \/>2. Conception de s\u00e9parateur vortex \u00e0 injection de pression d&rsquo;eau, hautement divis\u00e9e les<br \/>mat\u00e9riaux nocifs de l&rsquo;eau<br \/>3. Conception \u00e0 double isolation, combinaison de s\u00e9paration et de filtration<br \/>4. R\u00e9glage du contr\u00f4le du niveau d&rsquo;eau<br \/>5. Convient \u00e0 tous types de r\u00e9servoirs marins de 30 litres<br \/>6. L&rsquo;\u00e9cumeur le plus vendu et choisi sur le march\u00e9 chinois r\u00e9cent<\/p>\n<div style=\"clear:both\"><\/article>\n","protected":false},"excerpt":{"rendered":"<p>WEIPRO SONPAR \u00e9cumeur de prot\u00e9ines d&rsquo;aquarium interne SA-2002<\/p>\n","protected":false},"featured_media":3753,"comment_status":"open","ping_status":"closed","template":"","meta":[],"product_brand":[],"product_cat":[1338],"product_tag":[],"class_list":{"0":"post-37719","1":"product","2":"type-product","3":"status-publish","4":"has-post-thumbnail","6":"product_cat-filtres-pour-aquariums","8":"first","9":"instock","10":"shipping-taxable","11":"purchasable","12":"product-type-simple"},"_links":{"self":[{"href":"https:\/\/www.myaquastore.com\/fr\/wp-json\/wp\/v2\/product\/37719","targetHints":{"allow":["GET"]}}],"collection":[{"href":"https:\/\/www.myaquastore.com\/fr\/wp-json\/wp\/v2\/product"}],"about":[{"href":"https:\/\/www.myaquastore.com\/fr\/wp-json\/wp\/v2\/types\/product"}],"replies":[{"embeddable":true,"href":"https:\/\/www.myaquastore.com\/fr\/wp-json\/wp\/v2\/comments?post=37719"}],"wp:featuredmedia":[{"embeddable":true,"href":"https:\/\/www.myaquastore.com\/fr\/wp-json\/wp\/v2\/media\/3753"}],"wp:attachment":[{"href":"https:\/\/www.myaquastore.com\/fr\/wp-json\/wp\/v2\/media?parent=37719"}],"wp:term":[{"taxonomy":"product_brand","embeddable":true,"href":"https:\/\/www.myaquastore.com\/fr\/wp-json\/wp\/v2\/product_brand?post=37719"},{"taxonomy":"product_cat","embeddable":true,"href":"https:\/\/www.myaquastore.com\/fr\/wp-json\/wp\/v2\/product_cat?post=37719"},{"taxonomy":"product_tag","embeddable":true,"href":"https:\/\/www.myaquastore.com\/fr\/wp-json\/wp\/v2\/product_tag?post=37719"}],"curies":[{"name":"wp","href":"https:\/\/api.w.org\/{rel}","templated":true}]}}