{"id":37725,"date":"2016-09-25T23:28:05","date_gmt":"2016-09-25T23:28:05","guid":{"rendered":"https:\/\/www.myaquastore.com\/product\/boyu-nouveau-puissant-generateur-de-vagues-bon-marche-wm-15\/"},"modified":"2025-03-16T08:50:37","modified_gmt":"2025-03-16T08:50:37","slug":"boyu-nouveau-puissant-generateur-de-vagues-bon-marche-wm-15","status":"publish","type":"product","link":"https:\/\/www.myaquastore.com\/fr\/product\/boyu-nouveau-puissant-generateur-de-vagues-bon-marche-wm-15\/","title":{"rendered":"Boyu nouveau puissant g\u00e9n\u00e9rateur de vagues bon march\u00e9 WM-15"},"content":{"rendered":"<article class=\"article richtext richtext-detail AE:disable\" id=\"richTextContainer\">\n<div style=\"clear:both\">\n<p><span style=\"font-family: 'times new roman', times;font-size: 24px\"> boyu nouveau puissant g\u00e9n\u00e9rateur de vagues bon march\u00e9 WM-15 <\/span><\/p>\n<p><span style=\"font-family: 'times new roman', times;font-size: 24px\">1. puissant<\/span><br \/><span style=\"font-family: 'times new roman', times;font-size: 24px\">2. Configuration simple <\/span><br \/><span style=\"font-family: 'times new roman', times;font-size: 24px\">3. convient pour l&rsquo;eau douce et marine<\/span><\/p>\n<p><span style=\"font-family: 'times new roman', times;font-size: 24px\">4. Param\u00e8tres (220-240 V 50 Hz)<\/span><\/p>\n<p><span style=\"font-family : 'times new roman', times;font-size : 24px\">5.emballage : 36 pi\u00e8ces\/carton<\/span><\/p>\n<p><span style=\"font-family : 'times new roman', times\">6.livraison date\u00a0:\u00a07\u00a0jours<\/span><\/p>\n<div style=\"clear:both\"><\/article>\n","protected":false},"excerpt":{"rendered":"<p>Boyu nouveau puissant g\u00e9n\u00e9rateur de vagues bon march\u00e9 WM-15<\/p>\n","protected":false},"featured_media":3767,"comment_status":"open","ping_status":"closed","template":"","meta":[],"product_brand":[],"product_cat":[1338],"product_tag":[],"class_list":{"0":"post-37725","1":"product","2":"type-product","3":"status-publish","4":"has-post-thumbnail","6":"product_cat-filtres-pour-aquariums","8":"first","9":"instock","10":"shipping-taxable","11":"purchasable","12":"product-type-simple"},"_links":{"self":[{"href":"https:\/\/www.myaquastore.com\/fr\/wp-json\/wp\/v2\/product\/37725","targetHints":{"allow":["GET"]}}],"collection":[{"href":"https:\/\/www.myaquastore.com\/fr\/wp-json\/wp\/v2\/product"}],"about":[{"href":"https:\/\/www.myaquastore.com\/fr\/wp-json\/wp\/v2\/types\/product"}],"replies":[{"embeddable":true,"href":"https:\/\/www.myaquastore.com\/fr\/wp-json\/wp\/v2\/comments?post=37725"}],"wp:featuredmedia":[{"embeddable":true,"href":"https:\/\/www.myaquastore.com\/fr\/wp-json\/wp\/v2\/media\/3767"}],"wp:attachment":[{"href":"https:\/\/www.myaquastore.com\/fr\/wp-json\/wp\/v2\/media?parent=37725"}],"wp:term":[{"taxonomy":"product_brand","embeddable":true,"href":"https:\/\/www.myaquastore.com\/fr\/wp-json\/wp\/v2\/product_brand?post=37725"},{"taxonomy":"product_cat","embeddable":true,"href":"https:\/\/www.myaquastore.com\/fr\/wp-json\/wp\/v2\/product_cat?post=37725"},{"taxonomy":"product_tag","embeddable":true,"href":"https:\/\/www.myaquastore.com\/fr\/wp-json\/wp\/v2\/product_tag?post=37725"}],"curies":[{"name":"wp","href":"https:\/\/api.w.org\/{rel}","templated":true}]}}