{"id":37741,"date":"2016-09-25T23:28:05","date_gmt":"2016-09-25T23:28:05","guid":{"rendered":"https:\/\/www.myaquastore.com\/product\/haiyang-pompe-a-eau-de-plongee-submersible-hy-800a-meilleure-vente\/"},"modified":"2025-03-16T08:50:40","modified_gmt":"2025-03-16T08:50:40","slug":"haiyang-pompe-a-eau-de-plongee-submersible-hy-800a-meilleure-vente","status":"publish","type":"product","link":"https:\/\/www.myaquastore.com\/fr\/product\/haiyang-pompe-a-eau-de-plongee-submersible-hy-800a-meilleure-vente\/","title":{"rendered":"Haiyang \u2013 pompe \u00e0 eau de plong\u00e9e submersible HY-800A, meilleure vente"},"content":{"rendered":"<article class=\"article richtext richtext-detail AE:disable\" id=\"richTextContainer\">\n<div style=\"clear:both\">\n<p><span style=\"font-family: 'times new roman', times;font-size: 24px\"> pompe \u00e0 eau de plong\u00e9e submersible haiyang HY-800A la plus vendue <\/span><\/p>\n<p><span style=\"font-family: 'times new roman', times;font-size: 24px\">1 Silencieux, s\u00fbr, \u00e9conome en \u00e9nergie et puissant<\/span><br \/><span style=\"font-family: 'times new roman', times;font-size: 24px\">2 Installation simple <\/span><br \/><span style=\"font-family: 'times new roman', times\">3 combinaisons pour l&rsquo;eau douce et marine<\/span><\/p>\n<p><span style=\"font-size: 24px\">4 param\u00e8tres (220V~240V 50Hz)<\/span><\/p>\n<p><span style=\"font-family: 'times new roman', times;font-size: 24px\">5 emballages\u00a0: 30 pi\u00e8ces\/carton<\/span><\/p>\n<\/p>\n<\/p>\n<div style=\"clear:both\"><\/article>\n","protected":false},"excerpt":{"rendered":"<p>Haiyang \u2013 pompe \u00e0 eau de plong\u00e9e submersible HY-800A, meilleure vente<\/p>\n","protected":false},"featured_media":3799,"comment_status":"open","ping_status":"closed","template":"","meta":[],"product_brand":[],"product_cat":[1338],"product_tag":[],"class_list":{"0":"post-37741","1":"product","2":"type-product","3":"status-publish","4":"has-post-thumbnail","6":"product_cat-filtres-pour-aquariums","8":"first","9":"instock","10":"shipping-taxable","11":"purchasable","12":"product-type-simple"},"_links":{"self":[{"href":"https:\/\/www.myaquastore.com\/fr\/wp-json\/wp\/v2\/product\/37741","targetHints":{"allow":["GET"]}}],"collection":[{"href":"https:\/\/www.myaquastore.com\/fr\/wp-json\/wp\/v2\/product"}],"about":[{"href":"https:\/\/www.myaquastore.com\/fr\/wp-json\/wp\/v2\/types\/product"}],"replies":[{"embeddable":true,"href":"https:\/\/www.myaquastore.com\/fr\/wp-json\/wp\/v2\/comments?post=37741"}],"wp:featuredmedia":[{"embeddable":true,"href":"https:\/\/www.myaquastore.com\/fr\/wp-json\/wp\/v2\/media\/3799"}],"wp:attachment":[{"href":"https:\/\/www.myaquastore.com\/fr\/wp-json\/wp\/v2\/media?parent=37741"}],"wp:term":[{"taxonomy":"product_brand","embeddable":true,"href":"https:\/\/www.myaquastore.com\/fr\/wp-json\/wp\/v2\/product_brand?post=37741"},{"taxonomy":"product_cat","embeddable":true,"href":"https:\/\/www.myaquastore.com\/fr\/wp-json\/wp\/v2\/product_cat?post=37741"},{"taxonomy":"product_tag","embeddable":true,"href":"https:\/\/www.myaquastore.com\/fr\/wp-json\/wp\/v2\/product_tag?post=37741"}],"curies":[{"name":"wp","href":"https:\/\/api.w.org\/{rel}","templated":true}]}}