{"id":37753,"date":"2016-09-25T23:28:05","date_gmt":"2016-09-25T23:28:05","guid":{"rendered":"https:\/\/www.myaquastore.com\/product\/filtre-de-tete-haiyang-150l-h-avec-pompe-a-eau\/"},"modified":"2025-03-16T08:50:43","modified_gmt":"2025-03-16T08:50:43","slug":"filtre-de-tete-haiyang-150l-h-avec-pompe-a-eau","status":"publish","type":"product","link":"https:\/\/www.myaquastore.com\/fr\/product\/filtre-de-tete-haiyang-150l-h-avec-pompe-a-eau\/","title":{"rendered":"Filtre de t\u00eate Haiyang 150L\/H avec pompe \u00e0 eau"},"content":{"rendered":"<article class=\"article richtext richtext-detail AE:disable\" id=\"richTextContainer\">\n<h2 class=\"article-title\">Sp\u00e9cifications<\/h2>\n<div style=\"clear:both\"> Filtre \u00e0 t\u00eate Haiyang 150L\/H avec pompe \u00e0 eau <br \/>1 pompage, filtration <br \/>2 Fournir suffisamment d&rsquo;oxyg\u00e8ne et rendre les poissons en meilleure sant\u00e9 <\/p>\n<div style=\"clear:both\">\n<p>Filtre de t\u00eate Haiyang 150L\/H avec pompe \u00e0 eau<br \/>1. Il peut absorber l&rsquo;eau du fond et l&rsquo;eau peut \u00eatre doublement filtr\u00e9e biologiquement.<br \/>2. La turbine est dot\u00e9e d&rsquo;un couvercle transparent. Son fonctionnement peut \u00eatre vu clairement m\u00eame sans ouvrir le couvercle.<br \/>3. Grand d\u00e9bit, conception \u00e0 haut cap. D\u00e9bit d&rsquo;eau maximum\u00a0: 150\u00a0L\/H<\/p>\n<p>5. emballage\u00a0:\u00a050 pi\u00e8ces par carton<\/p>\n<div style=\"clear:both\"><\/article>\n","protected":false},"excerpt":{"rendered":"<p>Filtre de t\u00eate Haiyang 150L\/H avec pompe \u00e0 eau<\/p>\n","protected":false},"featured_media":3823,"comment_status":"open","ping_status":"closed","template":"","meta":[],"product_brand":[],"product_cat":[1338],"product_tag":[],"class_list":{"0":"post-37753","1":"product","2":"type-product","3":"status-publish","4":"has-post-thumbnail","6":"product_cat-filtres-pour-aquariums","8":"first","9":"instock","10":"shipping-taxable","11":"purchasable","12":"product-type-simple"},"_links":{"self":[{"href":"https:\/\/www.myaquastore.com\/fr\/wp-json\/wp\/v2\/product\/37753","targetHints":{"allow":["GET"]}}],"collection":[{"href":"https:\/\/www.myaquastore.com\/fr\/wp-json\/wp\/v2\/product"}],"about":[{"href":"https:\/\/www.myaquastore.com\/fr\/wp-json\/wp\/v2\/types\/product"}],"replies":[{"embeddable":true,"href":"https:\/\/www.myaquastore.com\/fr\/wp-json\/wp\/v2\/comments?post=37753"}],"wp:featuredmedia":[{"embeddable":true,"href":"https:\/\/www.myaquastore.com\/fr\/wp-json\/wp\/v2\/media\/3823"}],"wp:attachment":[{"href":"https:\/\/www.myaquastore.com\/fr\/wp-json\/wp\/v2\/media?parent=37753"}],"wp:term":[{"taxonomy":"product_brand","embeddable":true,"href":"https:\/\/www.myaquastore.com\/fr\/wp-json\/wp\/v2\/product_brand?post=37753"},{"taxonomy":"product_cat","embeddable":true,"href":"https:\/\/www.myaquastore.com\/fr\/wp-json\/wp\/v2\/product_cat?post=37753"},{"taxonomy":"product_tag","embeddable":true,"href":"https:\/\/www.myaquastore.com\/fr\/wp-json\/wp\/v2\/product_tag?post=37753"}],"curies":[{"name":"wp","href":"https:\/\/api.w.org\/{rel}","templated":true}]}}