{"id":37769,"date":"2016-09-25T23:28:05","date_gmt":"2016-09-25T23:28:05","guid":{"rendered":"https:\/\/www.myaquastore.com\/product\/lampe-solaire-daquarium-rouge-boyu-40w\/"},"modified":"2025-03-16T08:50:46","modified_gmt":"2025-03-16T08:50:46","slug":"lampe-solaire-daquarium-rouge-boyu-40w","status":"publish","type":"product","link":"https:\/\/www.myaquastore.com\/fr\/product\/lampe-solaire-daquarium-rouge-boyu-40w\/","title":{"rendered":"Lampe solaire d&rsquo;aquarium rouge BOYU 40W"},"content":{"rendered":"<article class=\"article richtext richtext-detail AE:disable\" id=\"richTextContainer\">\n<h2 class=\"article-title\">Sp\u00e9cifications<\/h2>\n<div style=\"clear:both\"> Lumi\u00e8re solaire d&rsquo;aquarium rouge BOYU 40W <br \/>1. renforcer l&rsquo;exportation pour le spectre optique du rouge et du bleu <br \/>2. convient aux poissons tropicaux et aux bocaux en verre <\/p>\n<div style=\"clear:both\">\n<p>Lumi\u00e8re solaire rouge pour aquarium BOYU 40W<\/p>\n<p>1. Renfor\u00e7ant l&rsquo;exportation du spectre optique du rouge et du bleu, de mani\u00e8re \u00e0 cr\u00e9er leur cr\u00eate d&rsquo;onde de mani\u00e8re \u00e9quivalente au rouge et au bleu de la lumi\u00e8re du soleil, cela donnera le meilleur r\u00e9sultat pour la photosynth\u00e8se, am\u00e9liorant l&rsquo;\u00e9clat du verre d&rsquo;eau, am\u00e9liorant la fluorescence des poissons tropicaux, mettant l&rsquo;accent sur la couleur naturelle de l&rsquo;observation des poissons et cr\u00e9ant une atmosph\u00e8re chaleureuse pour votre bo\u00eete d&rsquo;animaux aquatiques.<br \/><span style=\"color: #000066\">2.Gamme appropri\u00e9e\u00a0:<\/span> bocal en verre pour poissons tropicaux et eau<\/p>\n<p>3.emballage\u00a0: 25 pi\u00e8ces\/carton <\/p>\n<\/p>\n<div style=\"clear:both\"><\/article>\n","protected":false},"excerpt":{"rendered":"<p>Lampe solaire d&rsquo;aquarium rouge BOYU 40W<\/p>\n","protected":false},"featured_media":3855,"comment_status":"open","ping_status":"closed","template":"","meta":[],"product_brand":[],"product_cat":[1338],"product_tag":[],"class_list":{"0":"post-37769","1":"product","2":"type-product","3":"status-publish","4":"has-post-thumbnail","6":"product_cat-filtres-pour-aquariums","8":"first","9":"instock","10":"shipping-taxable","11":"purchasable","12":"product-type-simple"},"_links":{"self":[{"href":"https:\/\/www.myaquastore.com\/fr\/wp-json\/wp\/v2\/product\/37769","targetHints":{"allow":["GET"]}}],"collection":[{"href":"https:\/\/www.myaquastore.com\/fr\/wp-json\/wp\/v2\/product"}],"about":[{"href":"https:\/\/www.myaquastore.com\/fr\/wp-json\/wp\/v2\/types\/product"}],"replies":[{"embeddable":true,"href":"https:\/\/www.myaquastore.com\/fr\/wp-json\/wp\/v2\/comments?post=37769"}],"wp:featuredmedia":[{"embeddable":true,"href":"https:\/\/www.myaquastore.com\/fr\/wp-json\/wp\/v2\/media\/3855"}],"wp:attachment":[{"href":"https:\/\/www.myaquastore.com\/fr\/wp-json\/wp\/v2\/media?parent=37769"}],"wp:term":[{"taxonomy":"product_brand","embeddable":true,"href":"https:\/\/www.myaquastore.com\/fr\/wp-json\/wp\/v2\/product_brand?post=37769"},{"taxonomy":"product_cat","embeddable":true,"href":"https:\/\/www.myaquastore.com\/fr\/wp-json\/wp\/v2\/product_cat?post=37769"},{"taxonomy":"product_tag","embeddable":true,"href":"https:\/\/www.myaquastore.com\/fr\/wp-json\/wp\/v2\/product_tag?post=37769"}],"curies":[{"name":"wp","href":"https:\/\/api.w.org\/{rel}","templated":true}]}}