{"id":37779,"date":"2016-09-25T23:28:05","date_gmt":"2016-09-25T23:28:05","guid":{"rendered":"https:\/\/www.myaquastore.com\/product\/lampe-florale-pour-aquarium-boyu-30w-fl30\/"},"modified":"2025-03-16T08:50:48","modified_gmt":"2025-03-16T08:50:48","slug":"lampe-florale-pour-aquarium-boyu-30w-fl30","status":"publish","type":"product","link":"https:\/\/www.myaquastore.com\/fr\/product\/lampe-florale-pour-aquarium-boyu-30w-fl30\/","title":{"rendered":"Lampe florale pour aquarium BOYU 30W FL30"},"content":{"rendered":"<article class=\"article richtext richtext-detail AE:disable\" id=\"richTextContainer\">\n<div style=\"clear:both\">\n<p><span style=\"font-family: 'times new roman', times;font-size: 24px\">Lumi\u00e8re florale d&rsquo;aquarium BOYU 30W FL30<\/span><\/p>\n<p><span style=\"font-family: 'times new roman', times;font-size: 24px\">1. <span style=\"color: #333333\">il imite le spectre solaire naturel, fournit une temp\u00e9rature de couleur de 7 500k et sa cr\u00eate d&rsquo;onde se situe dans la partie bleue du spectre, de sorte que la lumi\u00e8re est tr\u00e8s brillante, ce qui peut r\u00e9pondre compl\u00e8tement \u00e0 la demande de la photosynth\u00e8se des plantes, par cons\u00e9quent, elle sera en mesure de fournir un environnement de croissance plus id\u00e9al pour les plantes.<br \/><span style=\"color: #000066\">2.Convient gamme\u00a0:<\/span> culture de verre d&rsquo;eau et \u00e9clairage de plantes pour bo\u00eete d&rsquo;animaux aquatiques<\/span><\/span><\/p>\n<p><span style=\"font-family: 'times new roman', times;font-size: 24px\">3.emballage: 100 pi\u00e8ces\/carton <\/span><\/p>\n<div style=\"clear:both\"><\/article>\n","protected":false},"excerpt":{"rendered":"<p>Lampe florale pour aquarium BOYU 30W FL30<\/p>\n","protected":false},"featured_media":3875,"comment_status":"open","ping_status":"closed","template":"","meta":[],"product_brand":[],"product_cat":[1338],"product_tag":[],"class_list":{"0":"post-37779","1":"product","2":"type-product","3":"status-publish","4":"has-post-thumbnail","6":"product_cat-filtres-pour-aquariums","8":"first","9":"instock","10":"shipping-taxable","11":"purchasable","12":"product-type-simple"},"_links":{"self":[{"href":"https:\/\/www.myaquastore.com\/fr\/wp-json\/wp\/v2\/product\/37779","targetHints":{"allow":["GET"]}}],"collection":[{"href":"https:\/\/www.myaquastore.com\/fr\/wp-json\/wp\/v2\/product"}],"about":[{"href":"https:\/\/www.myaquastore.com\/fr\/wp-json\/wp\/v2\/types\/product"}],"replies":[{"embeddable":true,"href":"https:\/\/www.myaquastore.com\/fr\/wp-json\/wp\/v2\/comments?post=37779"}],"wp:featuredmedia":[{"embeddable":true,"href":"https:\/\/www.myaquastore.com\/fr\/wp-json\/wp\/v2\/media\/3875"}],"wp:attachment":[{"href":"https:\/\/www.myaquastore.com\/fr\/wp-json\/wp\/v2\/media?parent=37779"}],"wp:term":[{"taxonomy":"product_brand","embeddable":true,"href":"https:\/\/www.myaquastore.com\/fr\/wp-json\/wp\/v2\/product_brand?post=37779"},{"taxonomy":"product_cat","embeddable":true,"href":"https:\/\/www.myaquastore.com\/fr\/wp-json\/wp\/v2\/product_cat?post=37779"},{"taxonomy":"product_tag","embeddable":true,"href":"https:\/\/www.myaquastore.com\/fr\/wp-json\/wp\/v2\/product_tag?post=37779"}],"curies":[{"name":"wp","href":"https:\/\/api.w.org\/{rel}","templated":true}]}}