{"id":37858,"date":"2016-09-25T23:28:08","date_gmt":"2016-09-25T23:28:08","guid":{"rendered":"https:\/\/www.myaquastore.com\/product\/image-de-fond-daquarium-en-plastique-etanche-j33\/"},"modified":"2025-03-16T08:51:06","modified_gmt":"2025-03-16T08:51:06","slug":"image-de-fond-daquarium-en-plastique-etanche-j33","status":"publish","type":"product","link":"https:\/\/www.myaquastore.com\/fr\/product\/image-de-fond-daquarium-en-plastique-etanche-j33\/","title":{"rendered":"Image de fond d&rsquo;aquarium en plastique \u00e9tanche J33"},"content":{"rendered":"<article class=\"article richtext richtext-detail AE:disable\" id=\"richTextContainer\">\n<h2 class=\"article-title\">Sp\u00e9cifications<\/h2>\n<div style=\"clear:both\"> image de fond d&rsquo;aquarium en plastique \u00e9tanche J33 <br \/>1.plastique imperm\u00e9able <br \/>2.il convient aux poissons d&rsquo;aquarium Accueil <\/p>\n<div style=\"clear:both\">\n<p>image de fond d&rsquo;aquarium en plastique \u00e9tanche J33<\/p>\n<div>\n<p>1) taille : 30 cm &#8212; 80 cm et 15 ou 25 m par paquet, les prix sont diff\u00e9rents selon les tailles, veuillez nous contacter pour r\u00e9f\u00e9rence<br \/>2) mati\u00e8re premi\u00e8re : plastique<br \/>3) fond en plastique unique<\/p>\n<p>4) il convient \u00e0 la maison de poissons d&rsquo;aquarium <br \/>5) 9 rouleaux\/carton<\/p>\n<\/div>\n<div style=\"clear:both\"><\/article>\n","protected":false},"excerpt":{"rendered":"<p>Image de fond d&rsquo;aquarium en plastique \u00e9tanche J33<\/p>\n","protected":false},"featured_media":4030,"comment_status":"open","ping_status":"closed","template":"","meta":[],"product_brand":[],"product_cat":[1338],"product_tag":[],"class_list":{"0":"post-37858","1":"product","2":"type-product","3":"status-publish","4":"has-post-thumbnail","6":"product_cat-filtres-pour-aquariums","8":"first","9":"instock","10":"shipping-taxable","11":"purchasable","12":"product-type-simple"},"_links":{"self":[{"href":"https:\/\/www.myaquastore.com\/fr\/wp-json\/wp\/v2\/product\/37858","targetHints":{"allow":["GET"]}}],"collection":[{"href":"https:\/\/www.myaquastore.com\/fr\/wp-json\/wp\/v2\/product"}],"about":[{"href":"https:\/\/www.myaquastore.com\/fr\/wp-json\/wp\/v2\/types\/product"}],"replies":[{"embeddable":true,"href":"https:\/\/www.myaquastore.com\/fr\/wp-json\/wp\/v2\/comments?post=37858"}],"wp:featuredmedia":[{"embeddable":true,"href":"https:\/\/www.myaquastore.com\/fr\/wp-json\/wp\/v2\/media\/4030"}],"wp:attachment":[{"href":"https:\/\/www.myaquastore.com\/fr\/wp-json\/wp\/v2\/media?parent=37858"}],"wp:term":[{"taxonomy":"product_brand","embeddable":true,"href":"https:\/\/www.myaquastore.com\/fr\/wp-json\/wp\/v2\/product_brand?post=37858"},{"taxonomy":"product_cat","embeddable":true,"href":"https:\/\/www.myaquastore.com\/fr\/wp-json\/wp\/v2\/product_cat?post=37858"},{"taxonomy":"product_tag","embeddable":true,"href":"https:\/\/www.myaquastore.com\/fr\/wp-json\/wp\/v2\/product_tag?post=37858"}],"curies":[{"name":"wp","href":"https:\/\/api.w.org\/{rel}","templated":true}]}}