{"id":37859,"date":"2016-09-25T23:28:08","date_gmt":"2016-09-25T23:28:08","guid":{"rendered":"https:\/\/www.myaquastore.com\/product\/image-de-fond-daquarium-en-plastique-etanche-j19\/"},"modified":"2025-03-16T08:51:07","modified_gmt":"2025-03-16T08:51:07","slug":"image-de-fond-daquarium-en-plastique-etanche-j19","status":"publish","type":"product","link":"https:\/\/www.myaquastore.com\/fr\/product\/image-de-fond-daquarium-en-plastique-etanche-j19\/","title":{"rendered":"Image de fond d&rsquo;aquarium en plastique \u00e9tanche J19"},"content":{"rendered":"<article class=\"article richtext richtext-detail AE:disable\" id=\"richTextContainer\">\n<div style=\"clear:both\">\n<p><span style=\"font-family: 'times new roman', times;font-size: 24px\">image de fond d&rsquo;aquarium en plastique \u00e9tanche J19<\/span><\/p>\n<div>\n<p><span style=\"font-family: 'times new roman', times\">1) taille\u00a0: 30 cm &#8212; 80 cm et 15 ou 25 m par paquet, les prix sont diff\u00e9rents selon les tailles, veuillez nous contacter pour r\u00e9f\u00e9rence<\/span><br \/><span>2) mati\u00e8re premi\u00e8re\u00a0: plastique<\/span><br \/><span style=\"24px\">3) fond en plastique unique<\/span><\/p>\n<p><span style=\"font-family: 'times new roman', times;font-size: 24px\">4) il convient \u00e0 la maison des poissons d&rsquo;aquarium <\/span><br \/><span style=\"font-family: 'times new roman', times;font-size: 24px\">5) l&#8217;emballage est 9 rouleaux\/carton<\/span><\/p>\n<\/div>\n<div style=\"clear:both\"><\/article>\n","protected":false},"excerpt":{"rendered":"<p>Image de fond d&rsquo;aquarium en plastique \u00e9tanche J19<\/p>\n","protected":false},"featured_media":4032,"comment_status":"open","ping_status":"closed","template":"","meta":[],"product_brand":[],"product_cat":[1338],"product_tag":[],"class_list":{"0":"post-37859","1":"product","2":"type-product","3":"status-publish","4":"has-post-thumbnail","6":"product_cat-filtres-pour-aquariums","8":"first","9":"instock","10":"shipping-taxable","11":"purchasable","12":"product-type-simple"},"_links":{"self":[{"href":"https:\/\/www.myaquastore.com\/fr\/wp-json\/wp\/v2\/product\/37859","targetHints":{"allow":["GET"]}}],"collection":[{"href":"https:\/\/www.myaquastore.com\/fr\/wp-json\/wp\/v2\/product"}],"about":[{"href":"https:\/\/www.myaquastore.com\/fr\/wp-json\/wp\/v2\/types\/product"}],"replies":[{"embeddable":true,"href":"https:\/\/www.myaquastore.com\/fr\/wp-json\/wp\/v2\/comments?post=37859"}],"wp:featuredmedia":[{"embeddable":true,"href":"https:\/\/www.myaquastore.com\/fr\/wp-json\/wp\/v2\/media\/4032"}],"wp:attachment":[{"href":"https:\/\/www.myaquastore.com\/fr\/wp-json\/wp\/v2\/media?parent=37859"}],"wp:term":[{"taxonomy":"product_brand","embeddable":true,"href":"https:\/\/www.myaquastore.com\/fr\/wp-json\/wp\/v2\/product_brand?post=37859"},{"taxonomy":"product_cat","embeddable":true,"href":"https:\/\/www.myaquastore.com\/fr\/wp-json\/wp\/v2\/product_cat?post=37859"},{"taxonomy":"product_tag","embeddable":true,"href":"https:\/\/www.myaquastore.com\/fr\/wp-json\/wp\/v2\/product_tag?post=37859"}],"curies":[{"name":"wp","href":"https:\/\/api.w.org\/{rel}","templated":true}]}}