{"id":37866,"date":"2016-09-25T23:28:08","date_gmt":"2016-09-25T23:28:08","guid":{"rendered":"https:\/\/www.myaquastore.com\/product\/affiche-de-fond-daquarium-en-plastique-etanche-photo-j05\/"},"modified":"2025-03-16T08:51:08","modified_gmt":"2025-03-16T08:51:08","slug":"affiche-de-fond-daquarium-en-plastique-etanche-photo-j05","status":"publish","type":"product","link":"https:\/\/www.myaquastore.com\/fr\/product\/affiche-de-fond-daquarium-en-plastique-etanche-photo-j05\/","title":{"rendered":"Affiche de fond d&rsquo;aquarium en plastique \u00e9tanche, photo J05"},"content":{"rendered":"<article class=\"article richtext richtext-detail AE:disable\" id=\"richTextContainer\">\n<div style=\"clear:both\">\n<p><span style=\"font-family: 'times new roman', times;font-size: 24px\"> image d&rsquo;affiche de fond d&rsquo;aquarium en plastique imperm\u00e9able J05 <\/span><\/p>\n<div>\n<p><span style=\"font-family: 'times new roman', times\">1) taille\u00a0: 30 cm &#8212; 70 cm et 15 ou 25\u00a0m par paquet, les prix sont diff\u00e9rents selon les tailles, veuillez nous contacter pour r\u00e9f\u00e9rence<\/span><br \/><span>2) mati\u00e8re premi\u00e8re\u00a0: plastique<\/span><br \/><span style=\"24px\">3) fond en plastique unique<\/span><\/p>\n<p><span style=\"font-family: 'times new roman', times;font-size: 24px\">4) il convient \u00e0 la maison des poissons d&rsquo;aquarium <\/span><br \/><span style=\"font-family: 'times new roman', times;font-size: 24px\">5)9 rouleaux\/carton<\/span><\/p>\n<\/div>\n<div style=\"clear:les deux\"><\/article>\n","protected":false},"excerpt":{"rendered":"<p>Affiche de fond d&rsquo;aquarium en plastique \u00e9tanche, photo J05<\/p>\n","protected":false},"featured_media":4046,"comment_status":"open","ping_status":"closed","template":"","meta":[],"product_brand":[],"product_cat":[1338],"product_tag":[],"class_list":{"0":"post-37866","1":"product","2":"type-product","3":"status-publish","4":"has-post-thumbnail","6":"product_cat-filtres-pour-aquariums","8":"first","9":"instock","10":"shipping-taxable","11":"purchasable","12":"product-type-simple"},"_links":{"self":[{"href":"https:\/\/www.myaquastore.com\/fr\/wp-json\/wp\/v2\/product\/37866","targetHints":{"allow":["GET"]}}],"collection":[{"href":"https:\/\/www.myaquastore.com\/fr\/wp-json\/wp\/v2\/product"}],"about":[{"href":"https:\/\/www.myaquastore.com\/fr\/wp-json\/wp\/v2\/types\/product"}],"replies":[{"embeddable":true,"href":"https:\/\/www.myaquastore.com\/fr\/wp-json\/wp\/v2\/comments?post=37866"}],"wp:featuredmedia":[{"embeddable":true,"href":"https:\/\/www.myaquastore.com\/fr\/wp-json\/wp\/v2\/media\/4046"}],"wp:attachment":[{"href":"https:\/\/www.myaquastore.com\/fr\/wp-json\/wp\/v2\/media?parent=37866"}],"wp:term":[{"taxonomy":"product_brand","embeddable":true,"href":"https:\/\/www.myaquastore.com\/fr\/wp-json\/wp\/v2\/product_brand?post=37866"},{"taxonomy":"product_cat","embeddable":true,"href":"https:\/\/www.myaquastore.com\/fr\/wp-json\/wp\/v2\/product_cat?post=37866"},{"taxonomy":"product_tag","embeddable":true,"href":"https:\/\/www.myaquastore.com\/fr\/wp-json\/wp\/v2\/product_tag?post=37866"}],"curies":[{"name":"wp","href":"https:\/\/api.w.org\/{rel}","templated":true}]}}