{"id":37876,"date":"2016-09-25T23:28:08","date_gmt":"2016-09-25T23:28:08","guid":{"rendered":"https:\/\/www.myaquastore.com\/product\/pompe-a-air-daquarium-silencieuse-sobo-ap-700\/"},"modified":"2025-03-16T08:51:10","modified_gmt":"2025-03-16T08:51:10","slug":"pompe-a-air-daquarium-silencieuse-sobo-ap-700","status":"publish","type":"product","link":"https:\/\/www.myaquastore.com\/fr\/product\/pompe-a-air-daquarium-silencieuse-sobo-ap-700\/","title":{"rendered":"Pompe \u00e0 air d&rsquo;aquarium silencieuse SOBO AP-700"},"content":{"rendered":"<article class=\"article richtext richtext-detail AE:disable\" id=\"richTextContainer\">\n<h2 class=\"article-title\">Sp\u00e9cifications<\/h2>\n<div style=\"clear:both\"> Pompe \u00e0 air silencieuse pour aquarium SOBO AP-700 <br \/>1 longue dur\u00e9e de vie <br \/>2 silencieuse, \u00e9conomie d&rsquo;\u00e9nergie <br \/>3 sortie d&rsquo;air et pression constantes <br \/>4 facile \u00e0 installer <\/p>\n<div style=\"clear:both\">\n<p>Pompe \u00e0 air silencieuse pour aquarium SOBO AP-700<br \/>1. poss\u00e8de un syst\u00e8me de compression d&rsquo;air avanc\u00e9, un syst\u00e8me d&rsquo;amortissement et un silencieux \u00e0 plusieurs niveaux extr\u00eamement silencieux.<\/p>\n<p>2. Adoptez un caoutchouc artificiel sp\u00e9cial pour maintenir un d\u00e9bit d&rsquo;air et une pression stables.<\/p>\n<p>3. La structure est raisonnable et compacte, elle a une longue dur\u00e9e de vie et acquiert le meilleur effet avec une consommation d&rsquo;\u00e9nergie la plus faible<\/p>\n<\/p>\n<div style=\"clear:both\"><\/article>\n","protected":false},"excerpt":{"rendered":"<p>Pompe \u00e0 air d&rsquo;aquarium silencieuse SOBO AP-700<\/p>\n","protected":false},"featured_media":4065,"comment_status":"open","ping_status":"closed","template":"","meta":[],"product_brand":[],"product_cat":[1338],"product_tag":[],"class_list":{"0":"post-37876","1":"product","2":"type-product","3":"status-publish","4":"has-post-thumbnail","6":"product_cat-filtres-pour-aquariums","8":"first","9":"instock","10":"shipping-taxable","11":"purchasable","12":"product-type-simple"},"_links":{"self":[{"href":"https:\/\/www.myaquastore.com\/fr\/wp-json\/wp\/v2\/product\/37876","targetHints":{"allow":["GET"]}}],"collection":[{"href":"https:\/\/www.myaquastore.com\/fr\/wp-json\/wp\/v2\/product"}],"about":[{"href":"https:\/\/www.myaquastore.com\/fr\/wp-json\/wp\/v2\/types\/product"}],"replies":[{"embeddable":true,"href":"https:\/\/www.myaquastore.com\/fr\/wp-json\/wp\/v2\/comments?post=37876"}],"wp:featuredmedia":[{"embeddable":true,"href":"https:\/\/www.myaquastore.com\/fr\/wp-json\/wp\/v2\/media\/4065"}],"wp:attachment":[{"href":"https:\/\/www.myaquastore.com\/fr\/wp-json\/wp\/v2\/media?parent=37876"}],"wp:term":[{"taxonomy":"product_brand","embeddable":true,"href":"https:\/\/www.myaquastore.com\/fr\/wp-json\/wp\/v2\/product_brand?post=37876"},{"taxonomy":"product_cat","embeddable":true,"href":"https:\/\/www.myaquastore.com\/fr\/wp-json\/wp\/v2\/product_cat?post=37876"},{"taxonomy":"product_tag","embeddable":true,"href":"https:\/\/www.myaquastore.com\/fr\/wp-json\/wp\/v2\/product_tag?post=37876"}],"curies":[{"name":"wp","href":"https:\/\/api.w.org\/{rel}","templated":true}]}}