{"id":37892,"date":"2016-09-25T23:28:08","date_gmt":"2016-09-25T23:28:08","guid":{"rendered":"https:\/\/www.myaquastore.com\/product\/filtre-a-pression-bio-jebao-easy-clean-10l\/"},"modified":"2025-03-16T08:51:14","modified_gmt":"2025-03-16T08:51:14","slug":"filtre-a-pression-bio-jebao-easy-clean-10l","status":"publish","type":"product","link":"https:\/\/www.myaquastore.com\/fr\/product\/filtre-a-pression-bio-jebao-easy-clean-10l\/","title":{"rendered":"Filtre \u00e0 pression bio Jebao Easy Clean 10L"},"content":{"rendered":"<article class=\"article richtext richtext-detail AE:disable\" id=\"richTextContainer\">\n<h2 class=\"article-title\">Sp\u00e9cifications<\/h2>\n<div style=\"clear:both\"> Filtre \u00e0 pression bio Jebao Easy Clean 10\u00a0L <br \/>1. La lumi\u00e8re UVC cr\u00e9e une eau de bassin claire <br \/>2. \u00c9limine en toute s\u00e9curit\u00e9 et efficacement les agents pathog\u00e8nes et les bact\u00e9ries <\/p>\n<div style=\"clear:both\">\n<p>Filtre \u00e0 pression bio Jebao Easy clean 10L<\/p>\n<p>1. La lumi\u00e8re UVC cr\u00e9e une eau de bassin claire<br \/>2. \u00c9limine de mani\u00e8re s\u00fbre et efficace les agents pathog\u00e8nes et les bact\u00e9ries (au moyen de la radiation UVC)<br \/>3. Conception d&rsquo;\u00e9cran indicateur pour v\u00e9rifier le fonctionnement de la lampe.<br \/>4. Assemblage facile gr\u00e2ce au grand nombre d&rsquo;accessoires de connexion qui peuvent \u00eatre combin\u00e9s avec tous les filtres du march\u00e9. <\/p>\n<div style=\"clear:les deux\"><\/article>\n","protected":false},"excerpt":{"rendered":"<p>Filtre \u00e0 pression bio Jebao Easy Clean 10L<\/p>\n","protected":false},"featured_media":4096,"comment_status":"open","ping_status":"closed","template":"","meta":[],"product_brand":[],"product_cat":[1338],"product_tag":[],"class_list":{"0":"post-37892","1":"product","2":"type-product","3":"status-publish","4":"has-post-thumbnail","6":"product_cat-filtres-pour-aquariums","8":"first","9":"instock","10":"shipping-taxable","11":"purchasable","12":"product-type-simple"},"_links":{"self":[{"href":"https:\/\/www.myaquastore.com\/fr\/wp-json\/wp\/v2\/product\/37892","targetHints":{"allow":["GET"]}}],"collection":[{"href":"https:\/\/www.myaquastore.com\/fr\/wp-json\/wp\/v2\/product"}],"about":[{"href":"https:\/\/www.myaquastore.com\/fr\/wp-json\/wp\/v2\/types\/product"}],"replies":[{"embeddable":true,"href":"https:\/\/www.myaquastore.com\/fr\/wp-json\/wp\/v2\/comments?post=37892"}],"wp:featuredmedia":[{"embeddable":true,"href":"https:\/\/www.myaquastore.com\/fr\/wp-json\/wp\/v2\/media\/4096"}],"wp:attachment":[{"href":"https:\/\/www.myaquastore.com\/fr\/wp-json\/wp\/v2\/media?parent=37892"}],"wp:term":[{"taxonomy":"product_brand","embeddable":true,"href":"https:\/\/www.myaquastore.com\/fr\/wp-json\/wp\/v2\/product_brand?post=37892"},{"taxonomy":"product_cat","embeddable":true,"href":"https:\/\/www.myaquastore.com\/fr\/wp-json\/wp\/v2\/product_cat?post=37892"},{"taxonomy":"product_tag","embeddable":true,"href":"https:\/\/www.myaquastore.com\/fr\/wp-json\/wp\/v2\/product_tag?post=37892"}],"curies":[{"name":"wp","href":"https:\/\/api.w.org\/{rel}","templated":true}]}}