{"id":37925,"date":"2016-09-25T23:28:10","date_gmt":"2016-09-25T23:28:10","guid":{"rendered":"https:\/\/www.myaquastore.com\/product\/pompe-a-eau-detang-jebao-super-eco-35w-epp-4600\/"},"modified":"2025-03-16T08:51:22","modified_gmt":"2025-03-16T08:51:22","slug":"pompe-a-eau-detang-jebao-super-eco-35w-epp-4600","status":"publish","type":"product","link":"https:\/\/www.myaquastore.com\/fr\/product\/pompe-a-eau-detang-jebao-super-eco-35w-epp-4600\/","title":{"rendered":"Pompe \u00e0 eau d&rsquo;\u00e9tang Jebao super eco 35w EPP-4600"},"content":{"rendered":"<article class=\"article richtext richtext-detail AE:disable\" id=\"richTextContainer\">\n<div style=\"clear:both\">\n<p><span style=\"font-family: 'times new roman', times;font-size: 24px\"> Pompe \u00e0 eau de bassin super \u00e9cologique Jebao 35w EPP-4600 <\/span><\/p>\n<p><span style=\"font-family: 'times new roman', times\">1. Moteur asynchrone standard de haute performance avec un nouveau design et une \u00e9conomie d&rsquo;\u00e9nergie de 50\u00a0% par rapport \u00e0 avant.<\/span><br \/><span style=\"font-family: 'times new roman', times;font-size: 24px\">2. T\u00eates de pompe \u00e9lev\u00e9es et d\u00e9bit plus important<\/span><br \/><span style=\"font-family: 'times new roman', times;24px\">3. Peut pomper des particules de salet\u00e9 d&rsquo;une taille allant jusqu&rsquo;\u00e0 6 mm<\/span><br \/><span style=\"font-family: 'times new roman', times;font-size: 24px\">4. Adopter un arbre en c\u00e9ramique r\u00e9sistant \u00e0 l&rsquo;usure qui peut \u00eatre utilis\u00e9 plus longtemps.<\/span><\/p>\n<p><span style=\"font-family: 'times new roman', times;font-size: 24px\">5.le d\u00e9bit maximum est 4600L\/H<\/span><\/p>\n<p><span style=\"font-family: 'times new roman', times;font-size: 24px\">6. Le jet maximum est de 2,5 m<\/span><\/p>\n<\/p>\n<div style=\"clear:both\"><\/article>\n","protected":false},"excerpt":{"rendered":"<p>Pompe \u00e0 eau d&rsquo;\u00e9tang Jebao super eco 35w EPP-4600<\/p>\n","protected":false},"featured_media":4160,"comment_status":"open","ping_status":"closed","template":"","meta":[],"product_brand":[],"product_cat":[1338],"product_tag":[],"class_list":{"0":"post-37925","1":"product","2":"type-product","3":"status-publish","4":"has-post-thumbnail","6":"product_cat-filtres-pour-aquariums","8":"first","9":"instock","10":"shipping-taxable","11":"purchasable","12":"product-type-simple"},"_links":{"self":[{"href":"https:\/\/www.myaquastore.com\/fr\/wp-json\/wp\/v2\/product\/37925","targetHints":{"allow":["GET"]}}],"collection":[{"href":"https:\/\/www.myaquastore.com\/fr\/wp-json\/wp\/v2\/product"}],"about":[{"href":"https:\/\/www.myaquastore.com\/fr\/wp-json\/wp\/v2\/types\/product"}],"replies":[{"embeddable":true,"href":"https:\/\/www.myaquastore.com\/fr\/wp-json\/wp\/v2\/comments?post=37925"}],"wp:featuredmedia":[{"embeddable":true,"href":"https:\/\/www.myaquastore.com\/fr\/wp-json\/wp\/v2\/media\/4160"}],"wp:attachment":[{"href":"https:\/\/www.myaquastore.com\/fr\/wp-json\/wp\/v2\/media?parent=37925"}],"wp:term":[{"taxonomy":"product_brand","embeddable":true,"href":"https:\/\/www.myaquastore.com\/fr\/wp-json\/wp\/v2\/product_brand?post=37925"},{"taxonomy":"product_cat","embeddable":true,"href":"https:\/\/www.myaquastore.com\/fr\/wp-json\/wp\/v2\/product_cat?post=37925"},{"taxonomy":"product_tag","embeddable":true,"href":"https:\/\/www.myaquastore.com\/fr\/wp-json\/wp\/v2\/product_tag?post=37925"}],"curies":[{"name":"wp","href":"https:\/\/api.w.org\/{rel}","templated":true}]}}