{"id":37936,"date":"2016-09-25T23:28:10","date_gmt":"2016-09-25T23:28:10","guid":{"rendered":"https:\/\/www.myaquastore.com\/product\/pompe-de-bassin-ecologique-jebao-jsp-12000\/"},"modified":"2025-03-16T08:51:25","modified_gmt":"2025-03-16T08:51:25","slug":"pompe-de-bassin-ecologique-jebao-jsp-12000","status":"publish","type":"product","link":"https:\/\/www.myaquastore.com\/fr\/product\/pompe-de-bassin-ecologique-jebao-jsp-12000\/","title":{"rendered":"Pompe de bassin \u00e9cologique Jebao JSP-12000"},"content":{"rendered":"<article class=\"article richtext richtext-detail AE:disable\" id=\"richTextContainer\">\n<h2 class=\"article-title\">Sp\u00e9cifications<\/h2>\n<div style=\"clear:both\"> Pompe de bassin \u00e9cologique Jebao JSP-12000 <br \/>1 \u00e9conomie d&rsquo;\u00e9nergie 50 % <br \/>2 t\u00eates de pompe \u00e9lev\u00e9es et d\u00e9bit plus important <br \/>3 dur\u00e9e de vie plus longue <br \/>4 pompe \u00e0 particules de 6 mm <\/p>\n<div style=\"clear:both\">\n<p>Pompe d&rsquo;\u00e9tang \u00e9cologique Jebao JSP-12000<\/p>\n<p>1. Moteur asynchrone standard de haute performance avec un nouveau design et une \u00e9conomie d&rsquo;\u00e9nergie de 50 % par rapport \u00e0 avant.<br \/>2. T\u00eates de pompe \u00e9lev\u00e9es et d\u00e9bit plus important<br \/>3. Peut pomper des particules de salet\u00e9 d&rsquo;une taille allant jusqu&rsquo;\u00e0 6 mm<br \/>4. Adopter un arbre en c\u00e9ramique r\u00e9sistant \u00e0 l&rsquo;usure qui peut \u00eatre utilis\u00e9 plus longtemps.<\/p>\n<\/p>\n<div style=\"clear:both\"><\/article>\n","protected":false},"excerpt":{"rendered":"<p>Pompe de bassin \u00e9cologique Jebao JSP-12000<\/p>\n","protected":false},"featured_media":4182,"comment_status":"open","ping_status":"closed","template":"","meta":[],"product_brand":[],"product_cat":[1338],"product_tag":[],"class_list":{"0":"post-37936","1":"product","2":"type-product","3":"status-publish","4":"has-post-thumbnail","6":"product_cat-filtres-pour-aquariums","8":"first","9":"instock","10":"shipping-taxable","11":"purchasable","12":"product-type-simple"},"_links":{"self":[{"href":"https:\/\/www.myaquastore.com\/fr\/wp-json\/wp\/v2\/product\/37936","targetHints":{"allow":["GET"]}}],"collection":[{"href":"https:\/\/www.myaquastore.com\/fr\/wp-json\/wp\/v2\/product"}],"about":[{"href":"https:\/\/www.myaquastore.com\/fr\/wp-json\/wp\/v2\/types\/product"}],"replies":[{"embeddable":true,"href":"https:\/\/www.myaquastore.com\/fr\/wp-json\/wp\/v2\/comments?post=37936"}],"wp:featuredmedia":[{"embeddable":true,"href":"https:\/\/www.myaquastore.com\/fr\/wp-json\/wp\/v2\/media\/4182"}],"wp:attachment":[{"href":"https:\/\/www.myaquastore.com\/fr\/wp-json\/wp\/v2\/media?parent=37936"}],"wp:term":[{"taxonomy":"product_brand","embeddable":true,"href":"https:\/\/www.myaquastore.com\/fr\/wp-json\/wp\/v2\/product_brand?post=37936"},{"taxonomy":"product_cat","embeddable":true,"href":"https:\/\/www.myaquastore.com\/fr\/wp-json\/wp\/v2\/product_cat?post=37936"},{"taxonomy":"product_tag","embeddable":true,"href":"https:\/\/www.myaquastore.com\/fr\/wp-json\/wp\/v2\/product_tag?post=37936"}],"curies":[{"name":"wp","href":"https:\/\/api.w.org\/{rel}","templated":true}]}}