{"id":37994,"date":"2016-09-25T23:28:10","date_gmt":"2016-09-25T23:28:10","guid":{"rendered":"https:\/\/www.myaquastore.com\/product\/boyu-mignon-terrarium-cage-a-reptiles-pour-animaux-de-compagnie-cwg-300\/"},"modified":"2025-03-16T08:51:39","modified_gmt":"2025-03-16T08:51:39","slug":"boyu-mignon-terrarium-cage-a-reptiles-pour-animaux-de-compagnie-cwg-300","status":"publish","type":"product","link":"https:\/\/www.myaquastore.com\/fr\/product\/boyu-mignon-terrarium-cage-a-reptiles-pour-animaux-de-compagnie-cwg-300\/","title":{"rendered":"BOYU mignon terrarium cage \u00e0 reptiles pour animaux de compagnie CWG-300"},"content":{"rendered":"<article class=\"article richtext richtext-detail AE:disable\" id=\"richTextContainer\">\n<h2 class=\"article-title\">Sp\u00e9cifications<\/h2>\n<div style=\"clear:both\"> BOYU jolie cage pour reptiles pour animaux de compagnie terrarium CWG-300 <br \/>1 Le couvercle sup\u00e9rieur est facile \u00e0 d\u00e9monter <br \/>2 pinces de lumi\u00e8re peuvent \u00eatre ajust\u00e9es selon vos besoins <\/p>\n<div style=\"clear:both\">\n<p>BOYU jolie cage pour reptiles pour animaux de compagnie de terrarium CWG-300<\/p>\n<p>1 Le couvercle sup\u00e9rieur est facile \u00e0 d\u00e9monter<\/p>\n<p>2 La pince lumineuse incluse peut s&rsquo;ajuster selon vos besoins<\/p>\n<p>3 Avec un filet en m\u00e9tal pur ventil\u00e9<\/p>\n<p>4 Avec porte avant mobile, pratique pour le d\u00e9montage et le nettoyage<\/p>\n<p>5 taille\u00a0: 358x218x337 mm<\/p>\n<div style=\"clear:both\"><\/article>\n","protected":false},"excerpt":{"rendered":"<p>BOYU mignon terrarium cage \u00e0 reptiles pour animaux de compagnie CWG-300<\/p>\n","protected":false},"featured_media":4291,"comment_status":"open","ping_status":"closed","template":"","meta":[],"product_brand":[],"product_cat":[1338],"product_tag":[],"class_list":{"0":"post-37994","1":"product","2":"type-product","3":"status-publish","4":"has-post-thumbnail","6":"product_cat-filtres-pour-aquariums","8":"first","9":"instock","10":"shipping-taxable","11":"purchasable","12":"product-type-simple"},"_links":{"self":[{"href":"https:\/\/www.myaquastore.com\/fr\/wp-json\/wp\/v2\/product\/37994","targetHints":{"allow":["GET"]}}],"collection":[{"href":"https:\/\/www.myaquastore.com\/fr\/wp-json\/wp\/v2\/product"}],"about":[{"href":"https:\/\/www.myaquastore.com\/fr\/wp-json\/wp\/v2\/types\/product"}],"replies":[{"embeddable":true,"href":"https:\/\/www.myaquastore.com\/fr\/wp-json\/wp\/v2\/comments?post=37994"}],"wp:featuredmedia":[{"embeddable":true,"href":"https:\/\/www.myaquastore.com\/fr\/wp-json\/wp\/v2\/media\/4291"}],"wp:attachment":[{"href":"https:\/\/www.myaquastore.com\/fr\/wp-json\/wp\/v2\/media?parent=37994"}],"wp:term":[{"taxonomy":"product_brand","embeddable":true,"href":"https:\/\/www.myaquastore.com\/fr\/wp-json\/wp\/v2\/product_brand?post=37994"},{"taxonomy":"product_cat","embeddable":true,"href":"https:\/\/www.myaquastore.com\/fr\/wp-json\/wp\/v2\/product_cat?post=37994"},{"taxonomy":"product_tag","embeddable":true,"href":"https:\/\/www.myaquastore.com\/fr\/wp-json\/wp\/v2\/product_tag?post=37994"}],"curies":[{"name":"wp","href":"https:\/\/api.w.org\/{rel}","templated":true}]}}