{"id":38002,"date":"2016-09-25T23:28:12","date_gmt":"2016-09-25T23:28:12","guid":{"rendered":"https:\/\/www.myaquastore.com\/product\/nettoyeur-de-bruss-flottant-magnetique-pour-aquarium-promotion-wd-601\/"},"modified":"2025-03-16T08:51:41","modified_gmt":"2025-03-16T08:51:41","slug":"nettoyeur-de-bruss-flottant-magnetique-pour-aquarium-promotion-wd-601","status":"publish","type":"product","link":"https:\/\/www.myaquastore.com\/fr\/product\/nettoyeur-de-bruss-flottant-magnetique-pour-aquarium-promotion-wd-601\/","title":{"rendered":"Nettoyeur de bruss flottant magn\u00e9tique pour aquarium, promotion WD-601"},"content":{"rendered":"<article class=\"article richtext richtext-detail AE:disable\" id=\"richTextContainer\">\n<div style=\"clear:both\">\n<p><span style=\"font-family: 'times new roman', times;font-size: 24px\"> promotion aquarium magn\u00e9tique flottant bruss nettoyant WD-601 <\/span><\/p>\n<p><span style=\"font-family: 'times new roman', times;font-size: 24px\">1. Conception sp\u00e9ciale et dur\u00e9e de vie durable.<\/span><\/p>\n<p><span style=\"font-family: 'times new roman', times;font-size: 24px\">2. Facile et pratique \u00e0 utiliser, avec une bonne capacit\u00e9 d&rsquo;absorption et une puissante attraction magn\u00e9tique.<\/span><\/p>\n<p><span style=\"font-family: 'times new roman', times;font-size: 24px\">3. Nettoyez le lichen de l&rsquo;aquarium et inoffensif pour le verre<\/span><\/p>\n<p><span style=\"font-family: 'times new roman', times;font-size: 24px\">4. L&rsquo;aimant int\u00e9rieur se tient automatiquement vertical au fond de l&rsquo;aquarium et est facile \u00e0 r\u00e9cup\u00e9rer lorsque l&rsquo;aimant ext\u00e9rieur se d\u00e9tache.<\/span><\/p>\n<p><span style=\"font-family: 'times new roman', times;font-size: 24px\">5. Il peut mesurer la temp\u00e9rature de l\u2019eau en tout point de l\u2019aquarium. La port\u00e9e de la mesure est large et la vitesse de r\u00e9ponse est rapide.<\/span><\/p>\n<div style=\"clear:both\"><\/article>\n","protected":false},"excerpt":{"rendered":"<p>Nettoyeur de bruss flottant magn\u00e9tique pour aquarium, promotion WD-601<\/p>\n","protected":false},"featured_media":4308,"comment_status":"open","ping_status":"closed","template":"","meta":[],"product_brand":[],"product_cat":[1338],"product_tag":[],"class_list":{"0":"post-38002","1":"product","2":"type-product","3":"status-publish","4":"has-post-thumbnail","6":"product_cat-filtres-pour-aquariums","8":"first","9":"instock","10":"shipping-taxable","11":"purchasable","12":"product-type-simple"},"_links":{"self":[{"href":"https:\/\/www.myaquastore.com\/fr\/wp-json\/wp\/v2\/product\/38002","targetHints":{"allow":["GET"]}}],"collection":[{"href":"https:\/\/www.myaquastore.com\/fr\/wp-json\/wp\/v2\/product"}],"about":[{"href":"https:\/\/www.myaquastore.com\/fr\/wp-json\/wp\/v2\/types\/product"}],"replies":[{"embeddable":true,"href":"https:\/\/www.myaquastore.com\/fr\/wp-json\/wp\/v2\/comments?post=38002"}],"wp:featuredmedia":[{"embeddable":true,"href":"https:\/\/www.myaquastore.com\/fr\/wp-json\/wp\/v2\/media\/4308"}],"wp:attachment":[{"href":"https:\/\/www.myaquastore.com\/fr\/wp-json\/wp\/v2\/media?parent=38002"}],"wp:term":[{"taxonomy":"product_brand","embeddable":true,"href":"https:\/\/www.myaquastore.com\/fr\/wp-json\/wp\/v2\/product_brand?post=38002"},{"taxonomy":"product_cat","embeddable":true,"href":"https:\/\/www.myaquastore.com\/fr\/wp-json\/wp\/v2\/product_cat?post=38002"},{"taxonomy":"product_tag","embeddable":true,"href":"https:\/\/www.myaquastore.com\/fr\/wp-json\/wp\/v2\/product_tag?post=38002"}],"curies":[{"name":"wp","href":"https:\/\/api.w.org\/{rel}","templated":true}]}}