{"id":38023,"date":"2016-09-25T23:28:12","date_gmt":"2016-09-25T23:28:12","guid":{"rendered":"https:\/\/www.myaquastore.com\/product\/filtre-superieur-daquarium-rs-30w-rs-9500\/"},"modified":"2025-03-16T08:51:46","modified_gmt":"2025-03-16T08:51:46","slug":"filtre-superieur-daquarium-rs-30w-rs-9500","status":"publish","type":"product","link":"https:\/\/www.myaquastore.com\/fr\/product\/filtre-superieur-daquarium-rs-30w-rs-9500\/","title":{"rendered":"Filtre sup\u00e9rieur d&rsquo;aquarium RS 30W RS-9500"},"content":{"rendered":"<article class=\"article richtext richtext-detail AE:disable\" id=\"richTextContainer\">\n<h2 class=\"article-title\">Sp\u00e9cifications<\/h2>\n<div style=\"clear:both\"> Filtre sup\u00e9rieur d&rsquo;aquarium RS 30W RS-9500 <br \/>1 filtrage physique <br \/>2 bonnes combinaisons de moteur et de pompe <br \/>3 entretien facile <br \/>4 adapt\u00e9s \u00e0 tous les r\u00e9servoirs <\/p>\n<div style=\"clear:both\">\n<p>Filtre sup\u00e9rieur d&rsquo;aquarium RS 30\u00a0W RS-9500<\/p>\n<p>1 mat\u00e9riau filtrant avec fonction de percoration<br \/>2 excellente combinaison de moteur et de pompe<br \/>3 installation flexible et facile \u00e0 entretenir<br \/>4 s&rsquo;adapte \u00e0 tous les r\u00e9servoirs et aquariums zoologiques, etc<\/p>\n<p>5 \u00e9conomique et s\u00fbr<\/p>\n<p>6 super performance<\/p>\n<\/p>\n<\/p>\n<div style=\"clear:les deux\"><\/article>\n","protected":false},"excerpt":{"rendered":"<p>Filtre sup\u00e9rieur d&rsquo;aquarium RS 30W RS-9500<\/p>\n","protected":false},"featured_media":4352,"comment_status":"open","ping_status":"closed","template":"","meta":[],"product_brand":[],"product_cat":[1338],"product_tag":[],"class_list":{"0":"post-38023","1":"product","2":"type-product","3":"status-publish","4":"has-post-thumbnail","6":"product_cat-filtres-pour-aquariums","8":"first","9":"instock","10":"shipping-taxable","11":"purchasable","12":"product-type-simple"},"_links":{"self":[{"href":"https:\/\/www.myaquastore.com\/fr\/wp-json\/wp\/v2\/product\/38023","targetHints":{"allow":["GET"]}}],"collection":[{"href":"https:\/\/www.myaquastore.com\/fr\/wp-json\/wp\/v2\/product"}],"about":[{"href":"https:\/\/www.myaquastore.com\/fr\/wp-json\/wp\/v2\/types\/product"}],"replies":[{"embeddable":true,"href":"https:\/\/www.myaquastore.com\/fr\/wp-json\/wp\/v2\/comments?post=38023"}],"wp:featuredmedia":[{"embeddable":true,"href":"https:\/\/www.myaquastore.com\/fr\/wp-json\/wp\/v2\/media\/4352"}],"wp:attachment":[{"href":"https:\/\/www.myaquastore.com\/fr\/wp-json\/wp\/v2\/media?parent=38023"}],"wp:term":[{"taxonomy":"product_brand","embeddable":true,"href":"https:\/\/www.myaquastore.com\/fr\/wp-json\/wp\/v2\/product_brand?post=38023"},{"taxonomy":"product_cat","embeddable":true,"href":"https:\/\/www.myaquastore.com\/fr\/wp-json\/wp\/v2\/product_cat?post=38023"},{"taxonomy":"product_tag","embeddable":true,"href":"https:\/\/www.myaquastore.com\/fr\/wp-json\/wp\/v2\/product_tag?post=38023"}],"curies":[{"name":"wp","href":"https:\/\/api.w.org\/{rel}","templated":true}]}}