{"id":38026,"date":"2016-09-25T23:28:12","date_gmt":"2016-09-25T23:28:12","guid":{"rendered":"https:\/\/www.myaquastore.com\/product\/filtre-superieur-daquarium-rs-12w-0-8m-rs-5500\/"},"modified":"2025-03-16T08:51:46","modified_gmt":"2025-03-16T08:51:46","slug":"filtre-superieur-daquarium-rs-12w-0-8m-rs-5500","status":"publish","type":"product","link":"https:\/\/www.myaquastore.com\/fr\/product\/filtre-superieur-daquarium-rs-12w-0-8m-rs-5500\/","title":{"rendered":"Filtre sup\u00e9rieur d&rsquo;aquarium rs 12w 0.8m RS-5500"},"content":{"rendered":"<article class=\"article richtext richtext-detail AE:disable\" id=\"richTextContainer\">\n<div style=\"clear:both\">\n<p><span style=\"font-family: 'times new roman', times;font-size: 24px\"> Filtre sup\u00e9rieur d&rsquo;aquarium rs 12w 0,8m RS-5500 <\/span><\/p>\n<p><span style=\"font-family: 'times new roman', times\u00a0\">1 mat\u00e9riau de filtre avec fonction de percoration<\/span><br \/><span style=\"font-family: 'times new roman', times;font-size: 24px\">2 excellentes combinaisons de moteur et de pompe<\/span><br \/><span style=\"font-family: 'times new roman', times\">3 installations flexibles et faciles \u00e0 entretenir<\/span><br \/><span style=\"font-family: 'times new roman', times;font-size: 24px\">4 adapt\u00e9s \u00e0 tous les r\u00e9servoirs et aquariums de zoologie, etc<\/span><\/p>\n<p><span style=\"font-family: 'times new roman', times;font-size: 24px\">5 \u00e9conomiques et s\u00fbrs<\/span><\/p>\n<p><span style=\"font-family: 'times new roman', times;font-size: 24px\">6 super performances<\/span><\/p>\n<\/p>\n<\/p>\n<div style=\"clear:both\"><\/article>\n","protected":false},"excerpt":{"rendered":"<p>Filtre sup\u00e9rieur d&rsquo;aquarium rs 12w 0.8m RS-5500<\/p>\n","protected":false},"featured_media":4358,"comment_status":"open","ping_status":"closed","template":"","meta":[],"product_brand":[],"product_cat":[1338],"product_tag":[],"class_list":{"0":"post-38026","1":"product","2":"type-product","3":"status-publish","4":"has-post-thumbnail","6":"product_cat-filtres-pour-aquariums","8":"first","9":"instock","10":"shipping-taxable","11":"purchasable","12":"product-type-simple"},"_links":{"self":[{"href":"https:\/\/www.myaquastore.com\/fr\/wp-json\/wp\/v2\/product\/38026","targetHints":{"allow":["GET"]}}],"collection":[{"href":"https:\/\/www.myaquastore.com\/fr\/wp-json\/wp\/v2\/product"}],"about":[{"href":"https:\/\/www.myaquastore.com\/fr\/wp-json\/wp\/v2\/types\/product"}],"replies":[{"embeddable":true,"href":"https:\/\/www.myaquastore.com\/fr\/wp-json\/wp\/v2\/comments?post=38026"}],"wp:featuredmedia":[{"embeddable":true,"href":"https:\/\/www.myaquastore.com\/fr\/wp-json\/wp\/v2\/media\/4358"}],"wp:attachment":[{"href":"https:\/\/www.myaquastore.com\/fr\/wp-json\/wp\/v2\/media?parent=38026"}],"wp:term":[{"taxonomy":"product_brand","embeddable":true,"href":"https:\/\/www.myaquastore.com\/fr\/wp-json\/wp\/v2\/product_brand?post=38026"},{"taxonomy":"product_cat","embeddable":true,"href":"https:\/\/www.myaquastore.com\/fr\/wp-json\/wp\/v2\/product_cat?post=38026"},{"taxonomy":"product_tag","embeddable":true,"href":"https:\/\/www.myaquastore.com\/fr\/wp-json\/wp\/v2\/product_tag?post=38026"}],"curies":[{"name":"wp","href":"https:\/\/api.w.org\/{rel}","templated":true}]}}