{"id":38028,"date":"2016-09-25T23:28:12","date_gmt":"2016-09-25T23:28:12","guid":{"rendered":"https:\/\/www.myaquastore.com\/product\/filtre-suspendu-electrique-pour-aquarium-rs-rs-1000\/"},"modified":"2025-03-16T08:51:47","modified_gmt":"2025-03-16T08:51:47","slug":"filtre-suspendu-electrique-pour-aquarium-rs-rs-1000","status":"publish","type":"product","link":"https:\/\/www.myaquastore.com\/fr\/product\/filtre-suspendu-electrique-pour-aquarium-rs-rs-1000\/","title":{"rendered":"Filtre suspendu \u00e9lectrique pour aquarium RS RS-1000"},"content":{"rendered":"<article class=\"article richtext richtext-detail AE:disable\" id=\"richTextContainer\">\n<div style=\"clear:both\">\n<p><span style=\"font-family: 'times new roman', times;font-size: 24px\"> filtre suspendu \u00e9lectrique pour aquarium RS-1000<\/span><br \/><span style=\"font-family: 'times new roman', times\">1 mat\u00e9riau filtrant avec fonction de percoration<\/span><br \/><span style=\"font-family: 'times new roman', times;font-size: 24px\">2 excellentes combinaisons de moteur et de pompe<\/span><br \/><span style=\"font-family: 'times new roman', times;'times new roman', times\u00a0\">4 adapt\u00e9s \u00e0 tous les r\u00e9servoirs et aquariums zoologiques, etc<\/span><\/p>\n<p><span style=\"font-family: 'times new roman', times;font-size: 24px\">5 \u00e9conomiques et s\u00fbrs<\/span><\/p>\n<p>&lt;span style=&quot;font-family: &#039;times new roman&#039;, times; performances<\/span><\/p>\n<\/p>\n<div style=\"clear:both\"><\/article>\n","protected":false},"excerpt":{"rendered":"<p>Filtre suspendu \u00e9lectrique pour aquarium RS RS-1000<\/p>\n","protected":false},"featured_media":4362,"comment_status":"open","ping_status":"closed","template":"","meta":[],"product_brand":[],"product_cat":[1338],"product_tag":[],"class_list":{"0":"post-38028","1":"product","2":"type-product","3":"status-publish","4":"has-post-thumbnail","6":"product_cat-filtres-pour-aquariums","8":"first","9":"instock","10":"shipping-taxable","11":"purchasable","12":"product-type-simple"},"_links":{"self":[{"href":"https:\/\/www.myaquastore.com\/fr\/wp-json\/wp\/v2\/product\/38028","targetHints":{"allow":["GET"]}}],"collection":[{"href":"https:\/\/www.myaquastore.com\/fr\/wp-json\/wp\/v2\/product"}],"about":[{"href":"https:\/\/www.myaquastore.com\/fr\/wp-json\/wp\/v2\/types\/product"}],"replies":[{"embeddable":true,"href":"https:\/\/www.myaquastore.com\/fr\/wp-json\/wp\/v2\/comments?post=38028"}],"wp:featuredmedia":[{"embeddable":true,"href":"https:\/\/www.myaquastore.com\/fr\/wp-json\/wp\/v2\/media\/4362"}],"wp:attachment":[{"href":"https:\/\/www.myaquastore.com\/fr\/wp-json\/wp\/v2\/media?parent=38028"}],"wp:term":[{"taxonomy":"product_brand","embeddable":true,"href":"https:\/\/www.myaquastore.com\/fr\/wp-json\/wp\/v2\/product_brand?post=38028"},{"taxonomy":"product_cat","embeddable":true,"href":"https:\/\/www.myaquastore.com\/fr\/wp-json\/wp\/v2\/product_cat?post=38028"},{"taxonomy":"product_tag","embeddable":true,"href":"https:\/\/www.myaquastore.com\/fr\/wp-json\/wp\/v2\/product_tag?post=38028"}],"curies":[{"name":"wp","href":"https:\/\/api.w.org\/{rel}","templated":true}]}}