{"id":38072,"date":"2016-09-25T23:28:12","date_gmt":"2016-09-25T23:28:12","guid":{"rendered":"https:\/\/www.myaquastore.com\/product\/filtre-externe-resun-ef2800-pour-aquariums\/"},"modified":"2025-03-16T08:51:57","modified_gmt":"2025-03-16T08:51:57","slug":"filtre-externe-resun-ef2800-pour-aquariums","status":"publish","type":"product","link":"https:\/\/www.myaquastore.com\/fr\/product\/filtre-externe-resun-ef2800-pour-aquariums\/","title":{"rendered":"Filtre externe RESUN EF2800 pour aquariums"},"content":{"rendered":"<article class=\"article richtext richtext-detail AE:disable\" id=\"richTextContainer\">\n<h2 class=\"article-title\">Sp\u00e9cifications<\/h2>\n<div style=\"clear:both\"> Filtre externe RESUN EF2800 pour aquariums <br \/>1 Silencieux, efficace et puissant <br \/>2 Conception modulaire pour de nombreux filtres m\u00e9dians <br \/>3 configuration facile <\/p>\n<div style=\"clear:both\">\n<p><span style=\"font-family: Times New Roman\"><span style=\"font-size: 14pt\">Filtre externe RESUN EF2800 pour aquariums<br \/>1 Un syst\u00e8me de filtrage distinctif de qualit\u00e9 sup\u00e9rieure, \u00e9conome en \u00e9nergie et puissant<br \/>2 Conception modulaire pour une vari\u00e9t\u00e9 de supports de filtre<br \/>3 Configuration simple et installation facile<\/span><\/span><\/p>\n<p><span style=\"font-family: Times New Roman\"><span style=\"font-size: 14pt\">4 Syst\u00e8me de filtrage distinctement sup\u00e9rieur<\/span><\/span><\/p>\n<p><span style=\"font-family: Times New Roman\"><span style=\"font-size: 14pt\">5 Param\u00e8tres (220 V 60 Hz \/ 50 Hz)<\/span><\/span><\/p>\n<p><span style=\"font-family: Times New Roman\"><span style=\"font-size: 14pt\">6 Convient pour un syst\u00e8me de circulation \u00e0 l&rsquo;ext\u00e9rieur du r\u00e9servoir, qui ne partagerait pas l&rsquo;espace \u00e0 l&rsquo;int\u00e9rieur du r\u00e9servoir.<\/span><\/span><\/p>\n<p><span style=\"font-family: Times New Roman\"><span style=\"font-size: 14pt\">7 Distinctivement, un syst\u00e8me de filtrage sup\u00e9rieur<\/span><\/span><\/p>\n<div style=\"clear:les deux\"><\/article>\n","protected":false},"excerpt":{"rendered":"<p>Filtre externe RESUN EF2800 pour aquariums<\/p>\n","protected":false},"featured_media":4445,"comment_status":"open","ping_status":"closed","template":"","meta":[],"product_brand":[],"product_cat":[1338],"product_tag":[],"class_list":{"0":"post-38072","1":"product","2":"type-product","3":"status-publish","4":"has-post-thumbnail","6":"product_cat-filtres-pour-aquariums","8":"first","9":"instock","10":"shipping-taxable","11":"purchasable","12":"product-type-simple"},"_links":{"self":[{"href":"https:\/\/www.myaquastore.com\/fr\/wp-json\/wp\/v2\/product\/38072","targetHints":{"allow":["GET"]}}],"collection":[{"href":"https:\/\/www.myaquastore.com\/fr\/wp-json\/wp\/v2\/product"}],"about":[{"href":"https:\/\/www.myaquastore.com\/fr\/wp-json\/wp\/v2\/types\/product"}],"replies":[{"embeddable":true,"href":"https:\/\/www.myaquastore.com\/fr\/wp-json\/wp\/v2\/comments?post=38072"}],"wp:featuredmedia":[{"embeddable":true,"href":"https:\/\/www.myaquastore.com\/fr\/wp-json\/wp\/v2\/media\/4445"}],"wp:attachment":[{"href":"https:\/\/www.myaquastore.com\/fr\/wp-json\/wp\/v2\/media?parent=38072"}],"wp:term":[{"taxonomy":"product_brand","embeddable":true,"href":"https:\/\/www.myaquastore.com\/fr\/wp-json\/wp\/v2\/product_brand?post=38072"},{"taxonomy":"product_cat","embeddable":true,"href":"https:\/\/www.myaquastore.com\/fr\/wp-json\/wp\/v2\/product_cat?post=38072"},{"taxonomy":"product_tag","embeddable":true,"href":"https:\/\/www.myaquastore.com\/fr\/wp-json\/wp\/v2\/product_tag?post=38072"}],"curies":[{"name":"wp","href":"https:\/\/api.w.org\/{rel}","templated":true}]}}