{"id":38088,"date":"2016-09-25T23:28:13","date_gmt":"2016-09-25T23:28:13","guid":{"rendered":"https:\/\/www.myaquastore.com\/product\/lampe-a-rayonnement-uv-puissante-jebao-55w\/"},"modified":"2025-03-16T08:52:01","modified_gmt":"2025-03-16T08:52:01","slug":"lampe-a-rayonnement-uv-puissante-jebao-55w","status":"publish","type":"product","link":"https:\/\/www.myaquastore.com\/fr\/product\/lampe-a-rayonnement-uv-puissante-jebao-55w\/","title":{"rendered":"Lampe \u00e0 rayonnement UV puissante Jebao 55W"},"content":{"rendered":"<article class=\"article richtext richtext-detail AE:disable\" id=\"richTextContainer\">\n<h2 class=\"article-title\">Sp\u00e9cifications<\/h2>\n<div style=\"clear:both\"> Lampe \u00e0 rayonnement UV puissante Jebao 55W <br \/>1. Adopter le verre de quartz, emp\u00eachant les ultraviolets <br \/>2. Installer un ensemble de protection, s\u00fbr <br \/>3.efficace <\/p>\n<div style=\"clear:both\">\n<p> Lampe \u00e0 rayonnement UV puissante Jebao 55\u00a0W<br \/> 1. Adopter le verre de quartz, emp\u00eachant les ultraviolets <br \/>2. Installer un ensemble de protection, fonctionnement s\u00fbr<\/p>\n<p>3. La queue peut pivoter \u00e0 360 degr\u00e9s, installation facile, extr\u00e9mit\u00e9 de petits trous recouverts de transparent, UV pour v\u00e9rifier les conditions de travail.<\/p>\n<p>4. Conception hautement efficace<\/p>\n<p>5.emballage\u00a0: 6 pi\u00e8ces\/carton<\/p>\n<\/p>\n<div style=\"clear:both\"><\/article>\n","protected":false},"excerpt":{"rendered":"<p>Lampe \u00e0 rayonnement UV puissante Jebao 55W<\/p>\n","protected":false},"featured_media":4477,"comment_status":"open","ping_status":"closed","template":"","meta":[],"product_brand":[],"product_cat":[1338],"product_tag":[],"class_list":{"0":"post-38088","1":"product","2":"type-product","3":"status-publish","4":"has-post-thumbnail","6":"product_cat-filtres-pour-aquariums","8":"first","9":"instock","10":"shipping-taxable","11":"purchasable","12":"product-type-simple"},"_links":{"self":[{"href":"https:\/\/www.myaquastore.com\/fr\/wp-json\/wp\/v2\/product\/38088","targetHints":{"allow":["GET"]}}],"collection":[{"href":"https:\/\/www.myaquastore.com\/fr\/wp-json\/wp\/v2\/product"}],"about":[{"href":"https:\/\/www.myaquastore.com\/fr\/wp-json\/wp\/v2\/types\/product"}],"replies":[{"embeddable":true,"href":"https:\/\/www.myaquastore.com\/fr\/wp-json\/wp\/v2\/comments?post=38088"}],"wp:featuredmedia":[{"embeddable":true,"href":"https:\/\/www.myaquastore.com\/fr\/wp-json\/wp\/v2\/media\/4477"}],"wp:attachment":[{"href":"https:\/\/www.myaquastore.com\/fr\/wp-json\/wp\/v2\/media?parent=38088"}],"wp:term":[{"taxonomy":"product_brand","embeddable":true,"href":"https:\/\/www.myaquastore.com\/fr\/wp-json\/wp\/v2\/product_brand?post=38088"},{"taxonomy":"product_cat","embeddable":true,"href":"https:\/\/www.myaquastore.com\/fr\/wp-json\/wp\/v2\/product_cat?post=38088"},{"taxonomy":"product_tag","embeddable":true,"href":"https:\/\/www.myaquastore.com\/fr\/wp-json\/wp\/v2\/product_tag?post=38088"}],"curies":[{"name":"wp","href":"https:\/\/api.w.org\/{rel}","templated":true}]}}