{"id":38562,"date":"2016-09-25T23:28:15","date_gmt":"2016-09-25T23:28:15","guid":{"rendered":"https:\/\/www.myaquastore.com\/product\/nouvelle-pompe-a-eau-submersible-sobo-250w\/"},"modified":"2025-03-16T08:58:12","modified_gmt":"2025-03-16T08:58:12","slug":"nouvelle-pompe-a-eau-submersible-sobo-250w","status":"publish","type":"product","link":"https:\/\/www.myaquastore.com\/fr\/product\/nouvelle-pompe-a-eau-submersible-sobo-250w\/","title":{"rendered":"Nouvelle pompe \u00e0 eau submersible SOBO 250W"},"content":{"rendered":"<article class=\"article richtext richtext-detail AE:disable\" id=\"richTextContainer\">\n<h2 class=\"article-title\">Sp\u00e9cifications<\/h2>\n<div style=\"clear:both\"> Nouvelle pompe \u00e0 eau submersible SOBO 250\u00a0W <br \/>1 Silencieuse, s\u00fbre, \u00e9conome en \u00e9nergie et puissante <br \/>2 installation facile <br \/>3 combinaisons pour eau douce et marine <\/p>\n<div style=\"clear:both\">\n<p>Nouvelle pompe \u00e0 eau submersible SOBO de 250\u00a0W<br \/> 1. Silencieuse, s\u00fbre, \u00e9conome en \u00e9nergie et puissante<br \/>2. Mise en place simple <br \/>3. costume pour l&rsquo;eau douce et marine4 Distinctivement un syst\u00e8me de filtrage sup\u00e9rieur<\/p>\n<p>4. Param\u00e8tres (220-240 V 50 Hz)<\/p>\n<p>5. mat\u00e9riel : acier inoxydable<\/p>\n<p>6.emballage : 4 pi\u00e8ces\/carton<\/p>\n<\/p>\n<\/p>\n<div style=\"clear:both\"><\/article>\n","protected":false},"excerpt":{"rendered":"<p>Nouvelle pompe \u00e0 eau submersible SOBO 250W<\/p>\n","protected":false},"featured_media":4571,"comment_status":"open","ping_status":"closed","template":"","meta":[],"product_brand":[],"product_cat":[1338],"product_tag":[],"class_list":{"0":"post-38562","1":"product","2":"type-product","3":"status-publish","4":"has-post-thumbnail","6":"product_cat-filtres-pour-aquariums","8":"first","9":"instock","10":"shipping-taxable","11":"purchasable","12":"product-type-simple"},"_links":{"self":[{"href":"https:\/\/www.myaquastore.com\/fr\/wp-json\/wp\/v2\/product\/38562","targetHints":{"allow":["GET"]}}],"collection":[{"href":"https:\/\/www.myaquastore.com\/fr\/wp-json\/wp\/v2\/product"}],"about":[{"href":"https:\/\/www.myaquastore.com\/fr\/wp-json\/wp\/v2\/types\/product"}],"replies":[{"embeddable":true,"href":"https:\/\/www.myaquastore.com\/fr\/wp-json\/wp\/v2\/comments?post=38562"}],"wp:featuredmedia":[{"embeddable":true,"href":"https:\/\/www.myaquastore.com\/fr\/wp-json\/wp\/v2\/media\/4571"}],"wp:attachment":[{"href":"https:\/\/www.myaquastore.com\/fr\/wp-json\/wp\/v2\/media?parent=38562"}],"wp:term":[{"taxonomy":"product_brand","embeddable":true,"href":"https:\/\/www.myaquastore.com\/fr\/wp-json\/wp\/v2\/product_brand?post=38562"},{"taxonomy":"product_cat","embeddable":true,"href":"https:\/\/www.myaquastore.com\/fr\/wp-json\/wp\/v2\/product_cat?post=38562"},{"taxonomy":"product_tag","embeddable":true,"href":"https:\/\/www.myaquastore.com\/fr\/wp-json\/wp\/v2\/product_tag?post=38562"}],"curies":[{"name":"wp","href":"https:\/\/api.w.org\/{rel}","templated":true}]}}