{"id":38573,"date":"2016-09-25T23:28:15","date_gmt":"2016-09-25T23:28:15","guid":{"rendered":"https:\/\/www.myaquastore.com\/product\/nouvelles-pompes-a-eau-submersibles-sobo-a-economie-denergie-wp1650\/"},"modified":"2025-03-16T08:58:15","modified_gmt":"2025-03-16T08:58:15","slug":"nouvelles-pompes-a-eau-submersibles-sobo-a-economie-denergie-wp1650","status":"publish","type":"product","link":"https:\/\/www.myaquastore.com\/fr\/product\/nouvelles-pompes-a-eau-submersibles-sobo-a-economie-denergie-wp1650\/","title":{"rendered":"Nouvelles pompes \u00e0 eau submersibles SOBO \u00e0 \u00e9conomie d&rsquo;\u00e9nergie WP1650"},"content":{"rendered":"<article class=\"article richtext richtext-detail AE:disable\" id=\"richTextContainer\">\n<h2 class=\"article-title\">Sp\u00e9cifications<\/h2>\n<div style=\"clear:both\"> nouvelles pompes \u00e0 eau submersibles SOBO \u00e0 \u00e9conomie d&rsquo;\u00e9nergie WP1650 <br \/>1 silencieuses, puissantes <br \/>2 installations faciles <br \/>3 combinaisons pour l&rsquo;eau douce et marine <\/p>\n<div style=\"clear:both\">\n<p>Nouvelles pompes \u00e0 eau submersibles SOBO \u00e0 \u00e9conomie d&rsquo;\u00e9nergie WP1650<\/p>\n<p>1 Silencieuses, s\u00fbres, \u00e9conomes en \u00e9nergie et puissantes<br \/>2 Installation simple <br \/>3 combinaisons pour l&rsquo;eau douce et marine4 Syst\u00e8me de filtrage distinctif sup\u00e9rieur<\/p>\n<p>4 Param\u00e8tres (220-240 V 50 Hz)<\/p>\n<p>5 Emballage\u00a0: 24 pi\u00e8ces\/carton<\/p>\n<\/p>\n<\/p>\n<\/p>\n<div style=\"clear:both\"><\/article>\n","protected":false},"excerpt":{"rendered":"<p>Nouvelles pompes \u00e0 eau submersibles SOBO \u00e0 \u00e9conomie d&rsquo;\u00e9nergie WP1650<\/p>\n","protected":false},"featured_media":4593,"comment_status":"open","ping_status":"closed","template":"","meta":[],"product_brand":[],"product_cat":[1338],"product_tag":[],"class_list":{"0":"post-38573","1":"product","2":"type-product","3":"status-publish","4":"has-post-thumbnail","6":"product_cat-filtres-pour-aquariums","8":"first","9":"instock","10":"shipping-taxable","11":"purchasable","12":"product-type-simple"},"_links":{"self":[{"href":"https:\/\/www.myaquastore.com\/fr\/wp-json\/wp\/v2\/product\/38573","targetHints":{"allow":["GET"]}}],"collection":[{"href":"https:\/\/www.myaquastore.com\/fr\/wp-json\/wp\/v2\/product"}],"about":[{"href":"https:\/\/www.myaquastore.com\/fr\/wp-json\/wp\/v2\/types\/product"}],"replies":[{"embeddable":true,"href":"https:\/\/www.myaquastore.com\/fr\/wp-json\/wp\/v2\/comments?post=38573"}],"wp:featuredmedia":[{"embeddable":true,"href":"https:\/\/www.myaquastore.com\/fr\/wp-json\/wp\/v2\/media\/4593"}],"wp:attachment":[{"href":"https:\/\/www.myaquastore.com\/fr\/wp-json\/wp\/v2\/media?parent=38573"}],"wp:term":[{"taxonomy":"product_brand","embeddable":true,"href":"https:\/\/www.myaquastore.com\/fr\/wp-json\/wp\/v2\/product_brand?post=38573"},{"taxonomy":"product_cat","embeddable":true,"href":"https:\/\/www.myaquastore.com\/fr\/wp-json\/wp\/v2\/product_cat?post=38573"},{"taxonomy":"product_tag","embeddable":true,"href":"https:\/\/www.myaquastore.com\/fr\/wp-json\/wp\/v2\/product_tag?post=38573"}],"curies":[{"name":"wp","href":"https:\/\/api.w.org\/{rel}","templated":true}]}}