{"id":38586,"date":"2016-09-25T23:28:15","date_gmt":"2016-09-25T23:28:15","guid":{"rendered":"https:\/\/www.myaquastore.com\/product\/nouvelles-pompes-submersibles-a-eau-sobo-a-economie-denergie-wp3550\/"},"modified":"2025-03-16T08:58:18","modified_gmt":"2025-03-16T08:58:18","slug":"nouvelles-pompes-submersibles-a-eau-sobo-a-economie-denergie-wp3550","status":"publish","type":"product","link":"https:\/\/www.myaquastore.com\/fr\/product\/nouvelles-pompes-submersibles-a-eau-sobo-a-economie-denergie-wp3550\/","title":{"rendered":"Nouvelles pompes submersibles \u00e0 eau SOBO \u00e0 \u00e9conomie d&rsquo;\u00e9nergie WP3550"},"content":{"rendered":"<article class=\"article richtext richtext-detail AE:disable\" id=\"richTextContainer\">\n<h2 class=\"article-title\">Sp\u00e9cifications<\/h2>\n<div style=\"clear:both\"> nouvelles pompes submersibles \u00e0 eau SOBO \u00e0 \u00e9conomie d&rsquo;\u00e9nergie WP3550 <br \/>1 Silencieuses, \u00e9conomes en \u00e9nergie et puissantes <br \/>2 configuration facile <br \/>3 adapt\u00e9es \u00e0 l&rsquo;eau douce et marine <\/p>\n<div style=\"clear:both\">\n<p>Nouvelles pompes submersibles \u00e0 eau SOBO \u00e0 \u00e9conomie d&rsquo;\u00e9nergie WP3550<br \/>1 Silencieuses, s\u00fbres, \u00e9conomes en \u00e9nergie et puissantes<br \/>2 Installation simple <br \/>3 combinaisons pour l&rsquo;eau douce et marine4 Syst\u00e8me de filtrage distinctif sup\u00e9rieur<\/p>\n<p>4 Param\u00e8tres (220-240 V 50 Hz)<\/p>\n<p>5 Emballage\u00a0: 12 pi\u00e8ces\/carton<\/p>\n<\/p>\n<\/p>\n<div style=\"clear:both\"><\/article>\n","protected":false},"excerpt":{"rendered":"<p>Nouvelles pompes submersibles \u00e0 eau SOBO \u00e0 \u00e9conomie d&rsquo;\u00e9nergie WP3550<\/p>\n","protected":false},"featured_media":4619,"comment_status":"open","ping_status":"closed","template":"","meta":[],"product_brand":[],"product_cat":[1338],"product_tag":[],"class_list":{"0":"post-38586","1":"product","2":"type-product","3":"status-publish","4":"has-post-thumbnail","6":"product_cat-filtres-pour-aquariums","8":"first","9":"instock","10":"shipping-taxable","11":"purchasable","12":"product-type-simple"},"_links":{"self":[{"href":"https:\/\/www.myaquastore.com\/fr\/wp-json\/wp\/v2\/product\/38586","targetHints":{"allow":["GET"]}}],"collection":[{"href":"https:\/\/www.myaquastore.com\/fr\/wp-json\/wp\/v2\/product"}],"about":[{"href":"https:\/\/www.myaquastore.com\/fr\/wp-json\/wp\/v2\/types\/product"}],"replies":[{"embeddable":true,"href":"https:\/\/www.myaquastore.com\/fr\/wp-json\/wp\/v2\/comments?post=38586"}],"wp:featuredmedia":[{"embeddable":true,"href":"https:\/\/www.myaquastore.com\/fr\/wp-json\/wp\/v2\/media\/4619"}],"wp:attachment":[{"href":"https:\/\/www.myaquastore.com\/fr\/wp-json\/wp\/v2\/media?parent=38586"}],"wp:term":[{"taxonomy":"product_brand","embeddable":true,"href":"https:\/\/www.myaquastore.com\/fr\/wp-json\/wp\/v2\/product_brand?post=38586"},{"taxonomy":"product_cat","embeddable":true,"href":"https:\/\/www.myaquastore.com\/fr\/wp-json\/wp\/v2\/product_cat?post=38586"},{"taxonomy":"product_tag","embeddable":true,"href":"https:\/\/www.myaquastore.com\/fr\/wp-json\/wp\/v2\/product_tag?post=38586"}],"curies":[{"name":"wp","href":"https:\/\/api.w.org\/{rel}","templated":true}]}}