{"id":38594,"date":"2016-09-25T23:28:15","date_gmt":"2016-09-25T23:28:15","guid":{"rendered":"https:\/\/www.myaquastore.com\/product\/lampe-uv-pour-aquarium-15w-rs-vente-en-gros-uv-15\/"},"modified":"2025-03-16T08:58:20","modified_gmt":"2025-03-16T08:58:20","slug":"lampe-uv-pour-aquarium-15w-rs-vente-en-gros-uv-15","status":"publish","type":"product","link":"https:\/\/www.myaquastore.com\/fr\/product\/lampe-uv-pour-aquarium-15w-rs-vente-en-gros-uv-15\/","title":{"rendered":"Lampe UV pour aquarium 15w RS, vente en gros, UV-15"},"content":{"rendered":"<article class=\"article richtext richtext-detail AE:disable\" id=\"richTextContainer\">\n<div style=\"clear:both\">\n<p><span style=\"font-family: 'times new roman', times;font-size: 24px\"> vente en gros de lampes UV d&rsquo;aquarium de mode RS 15w UV-15<\/span><\/p>\n<ol>\n<li><span style=\"font-family: 'times new roman', times\">Adopter un tube en verre de quartz de haute qualit\u00e9 s\u00e9par\u00e9 de l&rsquo;eau pour am\u00e9liorer l&rsquo;efficacit\u00e9 du traitement UV et avoir une bonne perm\u00e9ation des rayons.<\/span><\/li>\n<li><span style=\"font-family: 'times new roman', times;font-size: 24px\">Adopter un rayonnement ultraviolet UVC de haute qualit\u00e9, bonne st\u00e9rilisation <\/span><\/li>\n<li><span style=\"font-family: 'times new roman', times\"> longue dur\u00e9e de vie<\/span><\/li>\n<li><span style=\"font-family: 'times new roman', times\">emballage: 8 pi\u00e8ces\/carton<\/span><\/li>\n<li><span style=\"font-family: 'times new roman', times\">livraison; date : 7-15 jours<\/span><\/li>\n<\/ol>\n<div style=\"clear:both\"><\/article>\n","protected":false},"excerpt":{"rendered":"<p>Lampe UV pour aquarium 15w RS, vente en gros, UV-15<\/p>\n","protected":false},"featured_media":4635,"comment_status":"open","ping_status":"closed","template":"","meta":[],"product_brand":[],"product_cat":[1338],"product_tag":[],"class_list":{"0":"post-38594","1":"product","2":"type-product","3":"status-publish","4":"has-post-thumbnail","6":"product_cat-filtres-pour-aquariums","8":"first","9":"instock","10":"shipping-taxable","11":"purchasable","12":"product-type-simple"},"_links":{"self":[{"href":"https:\/\/www.myaquastore.com\/fr\/wp-json\/wp\/v2\/product\/38594","targetHints":{"allow":["GET"]}}],"collection":[{"href":"https:\/\/www.myaquastore.com\/fr\/wp-json\/wp\/v2\/product"}],"about":[{"href":"https:\/\/www.myaquastore.com\/fr\/wp-json\/wp\/v2\/types\/product"}],"replies":[{"embeddable":true,"href":"https:\/\/www.myaquastore.com\/fr\/wp-json\/wp\/v2\/comments?post=38594"}],"wp:featuredmedia":[{"embeddable":true,"href":"https:\/\/www.myaquastore.com\/fr\/wp-json\/wp\/v2\/media\/4635"}],"wp:attachment":[{"href":"https:\/\/www.myaquastore.com\/fr\/wp-json\/wp\/v2\/media?parent=38594"}],"wp:term":[{"taxonomy":"product_brand","embeddable":true,"href":"https:\/\/www.myaquastore.com\/fr\/wp-json\/wp\/v2\/product_brand?post=38594"},{"taxonomy":"product_cat","embeddable":true,"href":"https:\/\/www.myaquastore.com\/fr\/wp-json\/wp\/v2\/product_cat?post=38594"},{"taxonomy":"product_tag","embeddable":true,"href":"https:\/\/www.myaquastore.com\/fr\/wp-json\/wp\/v2\/product_tag?post=38594"}],"curies":[{"name":"wp","href":"https:\/\/api.w.org\/{rel}","templated":true}]}}