{"id":38597,"date":"2016-09-25T23:28:15","date_gmt":"2016-09-25T23:28:15","guid":{"rendered":"https:\/\/www.myaquastore.com\/product\/risheng-lampe-uv-electrique-pour-aquarium-uv-100\/"},"modified":"2025-03-16T08:58:21","modified_gmt":"2025-03-16T08:58:21","slug":"risheng-lampe-uv-electrique-pour-aquarium-uv-100","status":"publish","type":"product","link":"https:\/\/www.myaquastore.com\/fr\/product\/risheng-lampe-uv-electrique-pour-aquarium-uv-100\/","title":{"rendered":"Risheng \u2013 lampe UV \u00e9lectrique pour aquarium, UV-100"},"content":{"rendered":"<article class=\"article richtext richtext-detail AE:disable\" id=\"richTextContainer\">\n<div style=\"clear:both\">\n<p><span style=\"font-family: 'times new roman', times;font-size: 24px\"> risheng aquarium \u00e9lectrique UV lumi\u00e8res UV-100 <\/span><\/p>\n<ol>\n<li><span style=\"font-family: 'times new roman', times\">Diff\u00e9rents mod\u00e8les et tailles disponibles pour s&rsquo;adapter au traitement de l&rsquo;eau des livres, des \u00e9tangs, des natatoriums, etc.<\/span><\/li>\n<li><span style=\"font-family: 'times new roman', times;font-size: 24px\">Adoption d&rsquo;un tube en verre de quartz de haute qualit\u00e9 s\u00e9par\u00e9 de l&rsquo;eau pour am\u00e9liorer l&rsquo;efficacit\u00e9 du traitement UV et avoir une bonne perm\u00e9ation des rayons.<\/span><\/li>\n<li><span style=\"font-family: 'times new roman', times;font-size: 24px\">Adoption d&rsquo;un rayonnement ultraviolet UVC de haute qualit\u00e9, d&rsquo;une bonne st\u00e9rilisation et d&rsquo;une longue dur\u00e9e de vie.<\/span><\/li>\n<\/ol>\n<div style=\"clear:both\"><\/article>\n","protected":false},"excerpt":{"rendered":"<p>Risheng \u2013 lampe UV \u00e9lectrique pour aquarium, UV-100<\/p>\n","protected":false},"featured_media":4641,"comment_status":"open","ping_status":"closed","template":"","meta":[],"product_brand":[],"product_cat":[1338],"product_tag":[],"class_list":{"0":"post-38597","1":"product","2":"type-product","3":"status-publish","4":"has-post-thumbnail","6":"product_cat-filtres-pour-aquariums","8":"first","9":"instock","10":"shipping-taxable","11":"purchasable","12":"product-type-simple"},"_links":{"self":[{"href":"https:\/\/www.myaquastore.com\/fr\/wp-json\/wp\/v2\/product\/38597","targetHints":{"allow":["GET"]}}],"collection":[{"href":"https:\/\/www.myaquastore.com\/fr\/wp-json\/wp\/v2\/product"}],"about":[{"href":"https:\/\/www.myaquastore.com\/fr\/wp-json\/wp\/v2\/types\/product"}],"replies":[{"embeddable":true,"href":"https:\/\/www.myaquastore.com\/fr\/wp-json\/wp\/v2\/comments?post=38597"}],"wp:featuredmedia":[{"embeddable":true,"href":"https:\/\/www.myaquastore.com\/fr\/wp-json\/wp\/v2\/media\/4641"}],"wp:attachment":[{"href":"https:\/\/www.myaquastore.com\/fr\/wp-json\/wp\/v2\/media?parent=38597"}],"wp:term":[{"taxonomy":"product_brand","embeddable":true,"href":"https:\/\/www.myaquastore.com\/fr\/wp-json\/wp\/v2\/product_brand?post=38597"},{"taxonomy":"product_cat","embeddable":true,"href":"https:\/\/www.myaquastore.com\/fr\/wp-json\/wp\/v2\/product_cat?post=38597"},{"taxonomy":"product_tag","embeddable":true,"href":"https:\/\/www.myaquastore.com\/fr\/wp-json\/wp\/v2\/product_tag?post=38597"}],"curies":[{"name":"wp","href":"https:\/\/api.w.org\/{rel}","templated":true}]}}