{"id":38599,"date":"2016-09-25T23:28:15","date_gmt":"2016-09-25T23:28:15","guid":{"rendered":"https:\/\/www.myaquastore.com\/product\/chauffage-daquarium-en-acier-inoxydable-rs-precis-rs169\/"},"modified":"2025-03-16T08:58:21","modified_gmt":"2025-03-16T08:58:21","slug":"chauffage-daquarium-en-acier-inoxydable-rs-precis-rs169","status":"publish","type":"product","link":"https:\/\/www.myaquastore.com\/fr\/product\/chauffage-daquarium-en-acier-inoxydable-rs-precis-rs169\/","title":{"rendered":"Chauffage d&rsquo;aquarium en acier inoxydable RS pr\u00e9cis RS169"},"content":{"rendered":"<article class=\"article richtext richtext-detail AE:disable\" id=\"richTextContainer\">\n<h2 class=\"article-title\">Sp\u00e9cifications<\/h2>\n<div style=\"clear:both\"> Chauffe-aquarium RS pr\u00e9cis en acier inoxydable RS169 <br \/>1 tube de chauffage enti\u00e8rement automatique, bien herm\u00e9tique <br \/>2 lecture directe et tr\u00e8s pr\u00e9cis <\/p>\n<div style=\"clear:both\">\n<p>RS acier inoxydable pr\u00e9cis chauffage d&rsquo;aquarium RS169<br \/>1. tube de chauffage enti\u00e8rement automatique, scellant assez bien<br \/>2. lecture directe et affichage de la temp\u00e9rature de manifestation<\/p>\n<p>3. type compl\u00e8tement submersible<\/p>\n<p>4.tr\u00e8s pr\u00e9cis, pratique \u00e0 utiliser et ne n\u00e9cessitant qu&rsquo;une r\u00e9gulation<\/p>\n<p>dans la partie sup\u00e9rieure, et peut contr\u00f4ler la temp\u00e9rature en permanence<\/p>\n<div style=\"clear:both\"><\/article>\n","protected":false},"excerpt":{"rendered":"<p>Chauffage d&rsquo;aquarium en acier inoxydable RS pr\u00e9cis RS169<\/p>\n","protected":false},"featured_media":4645,"comment_status":"open","ping_status":"closed","template":"","meta":[],"product_brand":[],"product_cat":[1338],"product_tag":[],"class_list":{"0":"post-38599","1":"product","2":"type-product","3":"status-publish","4":"has-post-thumbnail","6":"product_cat-filtres-pour-aquariums","8":"first","9":"instock","10":"shipping-taxable","11":"purchasable","12":"product-type-simple"},"_links":{"self":[{"href":"https:\/\/www.myaquastore.com\/fr\/wp-json\/wp\/v2\/product\/38599","targetHints":{"allow":["GET"]}}],"collection":[{"href":"https:\/\/www.myaquastore.com\/fr\/wp-json\/wp\/v2\/product"}],"about":[{"href":"https:\/\/www.myaquastore.com\/fr\/wp-json\/wp\/v2\/types\/product"}],"replies":[{"embeddable":true,"href":"https:\/\/www.myaquastore.com\/fr\/wp-json\/wp\/v2\/comments?post=38599"}],"wp:featuredmedia":[{"embeddable":true,"href":"https:\/\/www.myaquastore.com\/fr\/wp-json\/wp\/v2\/media\/4645"}],"wp:attachment":[{"href":"https:\/\/www.myaquastore.com\/fr\/wp-json\/wp\/v2\/media?parent=38599"}],"wp:term":[{"taxonomy":"product_brand","embeddable":true,"href":"https:\/\/www.myaquastore.com\/fr\/wp-json\/wp\/v2\/product_brand?post=38599"},{"taxonomy":"product_cat","embeddable":true,"href":"https:\/\/www.myaquastore.com\/fr\/wp-json\/wp\/v2\/product_cat?post=38599"},{"taxonomy":"product_tag","embeddable":true,"href":"https:\/\/www.myaquastore.com\/fr\/wp-json\/wp\/v2\/product_tag?post=38599"}],"curies":[{"name":"wp","href":"https:\/\/api.w.org\/{rel}","templated":true}]}}