{"id":38605,"date":"2016-09-25T23:28:15","date_gmt":"2016-09-25T23:28:15","guid":{"rendered":"https:\/\/www.myaquastore.com\/product\/chauffage-daquarium-en-acier-inoxydable-risheng-200-w-rs088\/"},"modified":"2025-03-16T08:58:23","modified_gmt":"2025-03-16T08:58:23","slug":"chauffage-daquarium-en-acier-inoxydable-risheng-200-w-rs088","status":"publish","type":"product","link":"https:\/\/www.myaquastore.com\/fr\/product\/chauffage-daquarium-en-acier-inoxydable-risheng-200-w-rs088\/","title":{"rendered":"Chauffage d&rsquo;aquarium en acier inoxydable Risheng 200 W RS088"},"content":{"rendered":"<article class=\"article richtext richtext-detail AE:disable\" id=\"richTextContainer\">\n<div style=\"clear:both\">\n<p><span style=\"font-family: 'times new roman', times;font-size: 24px\"> Chauffage d&rsquo;aquarium Risheng en acier inoxydable 200w RS088 <\/span><\/p>\n<p><span style=\"font-family: 'times new roman', times\">1. tube de chauffage enti\u00e8rement automatique, scellant assez bien<\/span><br \/><span style=\"font-family: 'times new roman', times;font-size: 24px\">2. lecture directe et affichage de la temp\u00e9rature de manifestation<\/span><\/p>\n<p><span style=\"font-family: 'times new roman', times\">3. compl\u00e8tement submersible tapez<\/span><\/p>\n<p><span style=\"font-family: 'times new roman', times;font-size: 24px\">4.tr\u00e8s pr\u00e9cis, facile \u00e0 utiliser et ne n\u00e9cessitant qu&rsquo;une r\u00e9gulation<\/span><\/p>\n<p><span style=\"font-family: 'times new roman', times;font-size: 24px\">dans la partie sup\u00e9rieure, et peut contr\u00f4ler la temp\u00e9rature en permanence<\/span><\/p>\n<div style=\"clear:les deux\"><\/article>\n","protected":false},"excerpt":{"rendered":"<p>Chauffage d&rsquo;aquarium en acier inoxydable Risheng 200 W RS088<\/p>\n","protected":false},"featured_media":4657,"comment_status":"open","ping_status":"closed","template":"","meta":[],"product_brand":[],"product_cat":[1338],"product_tag":[],"class_list":{"0":"post-38605","1":"product","2":"type-product","3":"status-publish","4":"has-post-thumbnail","6":"product_cat-filtres-pour-aquariums","8":"first","9":"instock","10":"shipping-taxable","11":"purchasable","12":"product-type-simple"},"_links":{"self":[{"href":"https:\/\/www.myaquastore.com\/fr\/wp-json\/wp\/v2\/product\/38605","targetHints":{"allow":["GET"]}}],"collection":[{"href":"https:\/\/www.myaquastore.com\/fr\/wp-json\/wp\/v2\/product"}],"about":[{"href":"https:\/\/www.myaquastore.com\/fr\/wp-json\/wp\/v2\/types\/product"}],"replies":[{"embeddable":true,"href":"https:\/\/www.myaquastore.com\/fr\/wp-json\/wp\/v2\/comments?post=38605"}],"wp:featuredmedia":[{"embeddable":true,"href":"https:\/\/www.myaquastore.com\/fr\/wp-json\/wp\/v2\/media\/4657"}],"wp:attachment":[{"href":"https:\/\/www.myaquastore.com\/fr\/wp-json\/wp\/v2\/media?parent=38605"}],"wp:term":[{"taxonomy":"product_brand","embeddable":true,"href":"https:\/\/www.myaquastore.com\/fr\/wp-json\/wp\/v2\/product_brand?post=38605"},{"taxonomy":"product_cat","embeddable":true,"href":"https:\/\/www.myaquastore.com\/fr\/wp-json\/wp\/v2\/product_cat?post=38605"},{"taxonomy":"product_tag","embeddable":true,"href":"https:\/\/www.myaquastore.com\/fr\/wp-json\/wp\/v2\/product_tag?post=38605"}],"curies":[{"name":"wp","href":"https:\/\/api.w.org\/{rel}","templated":true}]}}