{"id":38609,"date":"2016-09-25T23:28:15","date_gmt":"2016-09-25T23:28:15","guid":{"rendered":"https:\/\/www.myaquastore.com\/product\/distributeur-automatique-de-nourriture-pour-poissons-resun-af-2005d\/"},"modified":"2025-03-16T08:58:24","modified_gmt":"2025-03-16T08:58:24","slug":"distributeur-automatique-de-nourriture-pour-poissons-resun-af-2005d","status":"publish","type":"product","link":"https:\/\/www.myaquastore.com\/fr\/product\/distributeur-automatique-de-nourriture-pour-poissons-resun-af-2005d\/","title":{"rendered":"Distributeur automatique de nourriture pour poissons RESUN AF-2005D"},"content":{"rendered":"<article class=\"article richtext richtext-detail AE:disable\" id=\"richTextContainer\">\n<div style=\"clear:both\">\n<p><span style=\"font-family: 'times new roman', times;font-size: 24px\"> RESUN distributeur automatique de nourriture pour poissons AF-2005D<\/span><\/p>\n<p><span style=\"font-family: 'times new roman', times\">1. Des aliments secs, en vrac, en flocons et en granul\u00e9s peuvent \u00eatre utilis\u00e9s<\/span><\/p>\n<p><span style=\"font-family: 'times new roman', times;font-size: 24px\">2. Id\u00e9al pour diff\u00e9rentes tailles d&rsquo;aquariums avec la possibilit\u00e9 de placer la mangeoire sur un aquarium, sur pied ou sur rebord<\/span><\/p>\n<p><span style=\"font-family: 'times new roman', times;font-size: 24px\">3. Minuterie num\u00e9rique pour configurer des programmes d&rsquo;alimentation r\u00e9guliers<\/span><\/p>\n<p><span style=\"font-family: 'times new roman', times;font-size: 24px\">4. Syst\u00e8me unique pour emp\u00eacher les aliments d&rsquo;\u00eatre hydrat\u00e9s ou bouch\u00e9s dans le distributeur<\/span><\/p>\n<p><span style=\"font-family: 'times new roman', times;font-size: 24px\">5. Peut \u00eatre utilis\u00e9 automatiquement ou manuellement, ce qui facilite la conservation du poisson<\/span><\/p>\n<div style=\"clear:both\"><\/article>\n","protected":false},"excerpt":{"rendered":"<p>Distributeur automatique de nourriture pour poissons RESUN AF-2005D<\/p>\n","protected":false},"featured_media":4665,"comment_status":"open","ping_status":"closed","template":"","meta":[],"product_brand":[],"product_cat":[1338],"product_tag":[],"class_list":{"0":"post-38609","1":"product","2":"type-product","3":"status-publish","4":"has-post-thumbnail","6":"product_cat-filtres-pour-aquariums","8":"first","9":"instock","10":"shipping-taxable","11":"purchasable","12":"product-type-simple"},"_links":{"self":[{"href":"https:\/\/www.myaquastore.com\/fr\/wp-json\/wp\/v2\/product\/38609","targetHints":{"allow":["GET"]}}],"collection":[{"href":"https:\/\/www.myaquastore.com\/fr\/wp-json\/wp\/v2\/product"}],"about":[{"href":"https:\/\/www.myaquastore.com\/fr\/wp-json\/wp\/v2\/types\/product"}],"replies":[{"embeddable":true,"href":"https:\/\/www.myaquastore.com\/fr\/wp-json\/wp\/v2\/comments?post=38609"}],"wp:featuredmedia":[{"embeddable":true,"href":"https:\/\/www.myaquastore.com\/fr\/wp-json\/wp\/v2\/media\/4665"}],"wp:attachment":[{"href":"https:\/\/www.myaquastore.com\/fr\/wp-json\/wp\/v2\/media?parent=38609"}],"wp:term":[{"taxonomy":"product_brand","embeddable":true,"href":"https:\/\/www.myaquastore.com\/fr\/wp-json\/wp\/v2\/product_brand?post=38609"},{"taxonomy":"product_cat","embeddable":true,"href":"https:\/\/www.myaquastore.com\/fr\/wp-json\/wp\/v2\/product_cat?post=38609"},{"taxonomy":"product_tag","embeddable":true,"href":"https:\/\/www.myaquastore.com\/fr\/wp-json\/wp\/v2\/product_tag?post=38609"}],"curies":[{"name":"wp","href":"https:\/\/api.w.org\/{rel}","templated":true}]}}