{"id":38611,"date":"2016-09-25T23:28:15","date_gmt":"2016-09-25T23:28:15","guid":{"rendered":"https:\/\/www.myaquastore.com\/product\/spot-moderne-submersible-boyu-3w-sdl-02a\/"},"modified":"2025-03-16T08:58:24","modified_gmt":"2025-03-16T08:58:24","slug":"spot-moderne-submersible-boyu-3w-sdl-02a","status":"publish","type":"product","link":"https:\/\/www.myaquastore.com\/fr\/product\/spot-moderne-submersible-boyu-3w-sdl-02a\/","title":{"rendered":"Spot moderne submersible BOYU 3W SDL-02A"},"content":{"rendered":"<article class=\"article richtext richtext-detail AE:disable\" id=\"richTextContainer\">\n<div style=\"clear:both\">\n<p><span style=\"font-family: 'times new roman', times;font-size: 24px\"> Spot moderne submersible BOYU 3W SDL-02A <\/span><\/p>\n<p><span style=\"font-family: 'times new roman', times\">1. Petite taille, forme attrayante, conception \u00e0 joints multiples.<\/span><br \/><span style=\"font-family: 'times new roman', times;font-size: 24px\">2. N&rsquo;importe quelle r\u00e9gulation d&rsquo;angle, lumi\u00e8re LED, haute efficacit\u00e9, produit de nombreux rayons de couleur.<\/span><br \/><span style=\"font-family: 'times new roman', times;24px\">3. Travaillez avec une tension s\u00fbre, s\u00fbre et fiable. Installation et fonctionnement faciles<\/span><\/p>\n<p><span style=\"font-family : 'times new roman', times;font-size : 24px\">4. Convient pour une utilisation terrestre et sous-marine.<\/span><\/p>\n<p><span style=\"font-family : 'times new roman', times;font-size : 24px\">5.emballage : 18 pi\u00e8ces\/carton<\/span><\/p>\n<div style=\"clear:les deux\"><\/article>\n","protected":false},"excerpt":{"rendered":"<p>Spot moderne submersible BOYU 3W SDL-02A<\/p>\n","protected":false},"featured_media":4669,"comment_status":"open","ping_status":"closed","template":"","meta":[],"product_brand":[],"product_cat":[1338],"product_tag":[],"class_list":{"0":"post-38611","1":"product","2":"type-product","3":"status-publish","4":"has-post-thumbnail","6":"product_cat-filtres-pour-aquariums","8":"first","9":"instock","10":"shipping-taxable","11":"purchasable","12":"product-type-simple"},"_links":{"self":[{"href":"https:\/\/www.myaquastore.com\/fr\/wp-json\/wp\/v2\/product\/38611","targetHints":{"allow":["GET"]}}],"collection":[{"href":"https:\/\/www.myaquastore.com\/fr\/wp-json\/wp\/v2\/product"}],"about":[{"href":"https:\/\/www.myaquastore.com\/fr\/wp-json\/wp\/v2\/types\/product"}],"replies":[{"embeddable":true,"href":"https:\/\/www.myaquastore.com\/fr\/wp-json\/wp\/v2\/comments?post=38611"}],"wp:featuredmedia":[{"embeddable":true,"href":"https:\/\/www.myaquastore.com\/fr\/wp-json\/wp\/v2\/media\/4669"}],"wp:attachment":[{"href":"https:\/\/www.myaquastore.com\/fr\/wp-json\/wp\/v2\/media?parent=38611"}],"wp:term":[{"taxonomy":"product_brand","embeddable":true,"href":"https:\/\/www.myaquastore.com\/fr\/wp-json\/wp\/v2\/product_brand?post=38611"},{"taxonomy":"product_cat","embeddable":true,"href":"https:\/\/www.myaquastore.com\/fr\/wp-json\/wp\/v2\/product_cat?post=38611"},{"taxonomy":"product_tag","embeddable":true,"href":"https:\/\/www.myaquastore.com\/fr\/wp-json\/wp\/v2\/product_tag?post=38611"}],"curies":[{"name":"wp","href":"https:\/\/api.w.org\/{rel}","templated":true}]}}