{"id":38631,"date":"2016-09-25T23:28:16","date_gmt":"2016-09-25T23:28:16","guid":{"rendered":"https:\/\/www.myaquastore.com\/product\/promotion-15w-rs-pompes-a-eau-multifonctions-submersibles-rs705\/"},"modified":"2025-03-16T08:58:29","modified_gmt":"2025-03-16T08:58:29","slug":"promotion-15w-rs-pompes-a-eau-multifonctions-submersibles-rs705","status":"publish","type":"product","link":"https:\/\/www.myaquastore.com\/fr\/product\/promotion-15w-rs-pompes-a-eau-multifonctions-submersibles-rs705\/","title":{"rendered":"Promotion 15w RS pompes \u00e0 eau multifonctions submersibles RS705"},"content":{"rendered":"<article class=\"article richtext richtext-detail AE:disable\" id=\"richTextContainer\">\n<div style=\"clear:both\">\n<p><span style=\"font-family: 'times new roman', times;font-size: 24px\">promotion 15w RS submersible Pompes \u00e0 eau multifonctions RS705<\/span><br \/><span style=\"font-family: 'times new roman', times;font-size: 24px\">1. Moteur enti\u00e8rement submersible, \u00e9conomique, durable, s\u00fbr et super silencieux<\/span><\/p>\n<p><span style=\"font-family: 'times new roman', times;font-size: 24px\">2. convient pour l&rsquo;eau douce et sal\u00e9e<\/span><\/p>\n<p><span style=\"font-family: 'times new roman', times;font-size: 24px\">3.fit for aquariums, fontaines et autres projets d\u00e9coratifs.<\/span><\/p>\n<p><span style=\"font-family: 'times new roman', times;font-size: 24px\">4.weight:0.85kg<\/span><\/p>\n<p><span style=\"font-family: 'times new roman', times\">5.measure:60*50*120mm<\/span><\/p>\n<p><span style=\"font-family: 'times new roman', times;font-size: 24px\">6.l&#8217;emballage est de 50 pi\u00e8ces par carton <\/span><\/p>\n<div style=\"clear:both\"><\/article>\n","protected":false},"excerpt":{"rendered":"<p>Promotion 15w RS pompes \u00e0 eau multifonctions submersibles RS705<\/p>\n","protected":false},"featured_media":4709,"comment_status":"open","ping_status":"closed","template":"","meta":[],"product_brand":[],"product_cat":[1338],"product_tag":[],"class_list":{"0":"post-38631","1":"product","2":"type-product","3":"status-publish","4":"has-post-thumbnail","6":"product_cat-filtres-pour-aquariums","8":"first","9":"instock","10":"shipping-taxable","11":"purchasable","12":"product-type-simple"},"_links":{"self":[{"href":"https:\/\/www.myaquastore.com\/fr\/wp-json\/wp\/v2\/product\/38631","targetHints":{"allow":["GET"]}}],"collection":[{"href":"https:\/\/www.myaquastore.com\/fr\/wp-json\/wp\/v2\/product"}],"about":[{"href":"https:\/\/www.myaquastore.com\/fr\/wp-json\/wp\/v2\/types\/product"}],"replies":[{"embeddable":true,"href":"https:\/\/www.myaquastore.com\/fr\/wp-json\/wp\/v2\/comments?post=38631"}],"wp:featuredmedia":[{"embeddable":true,"href":"https:\/\/www.myaquastore.com\/fr\/wp-json\/wp\/v2\/media\/4709"}],"wp:attachment":[{"href":"https:\/\/www.myaquastore.com\/fr\/wp-json\/wp\/v2\/media?parent=38631"}],"wp:term":[{"taxonomy":"product_brand","embeddable":true,"href":"https:\/\/www.myaquastore.com\/fr\/wp-json\/wp\/v2\/product_brand?post=38631"},{"taxonomy":"product_cat","embeddable":true,"href":"https:\/\/www.myaquastore.com\/fr\/wp-json\/wp\/v2\/product_cat?post=38631"},{"taxonomy":"product_tag","embeddable":true,"href":"https:\/\/www.myaquastore.com\/fr\/wp-json\/wp\/v2\/product_tag?post=38631"}],"curies":[{"name":"wp","href":"https:\/\/api.w.org\/{rel}","templated":true}]}}