{"id":38647,"date":"2016-09-25T23:28:16","date_gmt":"2016-09-25T23:28:16","guid":{"rendered":"https:\/\/www.myaquastore.com\/product\/filtre-biologique-pour-aquarium-sous-gravier-atman-gf1500\/"},"modified":"2025-03-16T08:58:33","modified_gmt":"2025-03-16T08:58:33","slug":"filtre-biologique-pour-aquarium-sous-gravier-atman-gf1500","status":"publish","type":"product","link":"https:\/\/www.myaquastore.com\/fr\/product\/filtre-biologique-pour-aquarium-sous-gravier-atman-gf1500\/","title":{"rendered":"Filtre biologique pour aquarium sous gravier Atman GF1500"},"content":{"rendered":"<article class=\"article richtext richtext-detail AE:disable\" id=\"richTextContainer\">\n<h2 class=\"article-title\">Sp\u00e9cifications<\/h2>\n<div style=\"clear:both\"> Filtre biologique pour aquarium sous gravier Atman GF1500 <br \/>1 s&rsquo;adapte \u00e0 tous les r\u00e9servoirs, t\u00eates d&rsquo;alimentation et filtres <br \/>2 Faire circuler l&rsquo;eau pour r\u00e9duire la r\u00e9action chimique <\/p>\n<div style=\"clear:both\">\n<p>Atman Filtre biologique pour aquarium sous gravier GF1500<br \/>1. Le syst\u00e8me de jonction multiple peut s&rsquo;adapter \u00e0 tous les r\u00e9servoirs<br \/>2. Connexion facile pour s&rsquo;adapter \u00e0 tout type de t\u00eate motrice et au syst\u00e8me de filtre<\/p>\n<p>3. Faites circuler l&rsquo;eau pour r\u00e9duire la r\u00e9action chimique du gravier.<\/p>\n<p>4.mesures\u00a0: 64,5&#215;55,2&#215;36,3 cm<\/p>\n<p>5.emballage\u00a0: 6 pi\u00e8ces\/carton<\/p>\n<\/p>\n<div style=\"clear:both\"><\/article>\n","protected":false},"excerpt":{"rendered":"<p>Filtre biologique pour aquarium sous gravier Atman GF1500<\/p>\n","protected":false},"featured_media":4741,"comment_status":"open","ping_status":"closed","template":"","meta":[],"product_brand":[],"product_cat":[1338],"product_tag":[],"class_list":{"0":"post-38647","1":"product","2":"type-product","3":"status-publish","4":"has-post-thumbnail","6":"product_cat-filtres-pour-aquariums","8":"first","9":"instock","10":"shipping-taxable","11":"purchasable","12":"product-type-simple"},"_links":{"self":[{"href":"https:\/\/www.myaquastore.com\/fr\/wp-json\/wp\/v2\/product\/38647","targetHints":{"allow":["GET"]}}],"collection":[{"href":"https:\/\/www.myaquastore.com\/fr\/wp-json\/wp\/v2\/product"}],"about":[{"href":"https:\/\/www.myaquastore.com\/fr\/wp-json\/wp\/v2\/types\/product"}],"replies":[{"embeddable":true,"href":"https:\/\/www.myaquastore.com\/fr\/wp-json\/wp\/v2\/comments?post=38647"}],"wp:featuredmedia":[{"embeddable":true,"href":"https:\/\/www.myaquastore.com\/fr\/wp-json\/wp\/v2\/media\/4741"}],"wp:attachment":[{"href":"https:\/\/www.myaquastore.com\/fr\/wp-json\/wp\/v2\/media?parent=38647"}],"wp:term":[{"taxonomy":"product_brand","embeddable":true,"href":"https:\/\/www.myaquastore.com\/fr\/wp-json\/wp\/v2\/product_brand?post=38647"},{"taxonomy":"product_cat","embeddable":true,"href":"https:\/\/www.myaquastore.com\/fr\/wp-json\/wp\/v2\/product_cat?post=38647"},{"taxonomy":"product_tag","embeddable":true,"href":"https:\/\/www.myaquastore.com\/fr\/wp-json\/wp\/v2\/product_tag?post=38647"}],"curies":[{"name":"wp","href":"https:\/\/api.w.org\/{rel}","templated":true}]}}