{"id":38650,"date":"2016-09-25T23:28:16","date_gmt":"2016-09-25T23:28:16","guid":{"rendered":"https:\/\/www.myaquastore.com\/product\/filtre-interne-pour-aquarium-atman-at883\/"},"modified":"2025-03-16T08:58:34","modified_gmt":"2025-03-16T08:58:34","slug":"filtre-interne-pour-aquarium-atman-at883","status":"publish","type":"product","link":"https:\/\/www.myaquastore.com\/fr\/product\/filtre-interne-pour-aquarium-atman-at883\/","title":{"rendered":"Filtre interne pour aquarium Atman AT883"},"content":{"rendered":"<article class=\"article richtext richtext-detail AE:disable\" id=\"richTextContainer\">\n<h2 class=\"article-title\">Sp\u00e9cifications<\/h2>\n<div style=\"clear:both\"> Filtre interne d&rsquo;aquarium Atman AT883 <br \/>1\u00a0L&rsquo;eau s&rsquo;\u00e9coule \u00e0 travers les couches d&rsquo;\u00e9ponge, de substrat et de bioball pour le filtrage <br \/>2 ajoute de l&rsquo;oxyg\u00e8ne \u00e0 l&rsquo;eau <\/p>\n<div style=\"clear:both\">\n<p> Filtre interne d&rsquo;aquarium Atman AT883<br \/>1.Afflux principal \u00e0 la surface de l&rsquo;eau.<\/p>\n<p>2.Afflux suppl\u00e9mentaire dans la partie inf\u00e9rieure de l&rsquo;aquarium.<\/p>\n<p>3.\u00c9coulement de l&rsquo;eau \u00e0 travers la couche d&rsquo;\u00e9ponge pour le filtrage physique.<\/p>\n<p>4.\u00c9coulement de l&rsquo;eau \u00e0 travers la couche de substrat pour le filtrage physique.<\/p>\n<p>5.\u00c9coulement de l&rsquo;eau \u00e0 travers la couche de bioball pour le filtrage physique.<\/p>\n<p>6.Sous-verse du siphon \u00e0 travers le substrat pour le filtrage biologique. purification.<\/p>\n<p>7. Sortie pivotante avec injection d&rsquo;air pour la direction souhait\u00e9e du courant et<\/p>\n<p> le mouvement de la surface et l&rsquo;ajout d&rsquo;oxyg\u00e8ne dans l&rsquo;eau<\/p>\n<div style=\"clear:both\"><\/article>\n","protected":false},"excerpt":{"rendered":"<p>Filtre interne pour aquarium Atman AT883<\/p>\n","protected":false},"featured_media":4747,"comment_status":"open","ping_status":"closed","template":"","meta":[],"product_brand":[],"product_cat":[1338],"product_tag":[],"class_list":{"0":"post-38650","1":"product","2":"type-product","3":"status-publish","4":"has-post-thumbnail","6":"product_cat-filtres-pour-aquariums","8":"first","9":"instock","10":"shipping-taxable","11":"purchasable","12":"product-type-simple"},"_links":{"self":[{"href":"https:\/\/www.myaquastore.com\/fr\/wp-json\/wp\/v2\/product\/38650","targetHints":{"allow":["GET"]}}],"collection":[{"href":"https:\/\/www.myaquastore.com\/fr\/wp-json\/wp\/v2\/product"}],"about":[{"href":"https:\/\/www.myaquastore.com\/fr\/wp-json\/wp\/v2\/types\/product"}],"replies":[{"embeddable":true,"href":"https:\/\/www.myaquastore.com\/fr\/wp-json\/wp\/v2\/comments?post=38650"}],"wp:featuredmedia":[{"embeddable":true,"href":"https:\/\/www.myaquastore.com\/fr\/wp-json\/wp\/v2\/media\/4747"}],"wp:attachment":[{"href":"https:\/\/www.myaquastore.com\/fr\/wp-json\/wp\/v2\/media?parent=38650"}],"wp:term":[{"taxonomy":"product_brand","embeddable":true,"href":"https:\/\/www.myaquastore.com\/fr\/wp-json\/wp\/v2\/product_brand?post=38650"},{"taxonomy":"product_cat","embeddable":true,"href":"https:\/\/www.myaquastore.com\/fr\/wp-json\/wp\/v2\/product_cat?post=38650"},{"taxonomy":"product_tag","embeddable":true,"href":"https:\/\/www.myaquastore.com\/fr\/wp-json\/wp\/v2\/product_tag?post=38650"}],"curies":[{"name":"wp","href":"https:\/\/api.w.org\/{rel}","templated":true}]}}