{"id":38653,"date":"2016-09-25T23:28:16","date_gmt":"2016-09-25T23:28:16","guid":{"rendered":"https:\/\/www.myaquastore.com\/product\/lampe-uv-circulaire-puissante-atman-36-w\/"},"modified":"2025-03-16T08:58:34","modified_gmt":"2025-03-16T08:58:34","slug":"lampe-uv-circulaire-puissante-atman-36-w","status":"publish","type":"product","link":"https:\/\/www.myaquastore.com\/fr\/product\/lampe-uv-circulaire-puissante-atman-36-w\/","title":{"rendered":"Lampe UV circulaire puissante Atman 36 W"},"content":{"rendered":"<article class=\"article richtext richtext-detail AE:disable\" id=\"richTextContainer\">\n<h2 class=\"article-title\">Sp\u00e9cifications<\/h2>\n<div style=\"clear:both\"> Lampe UV circulaire puissante Atman 36\u00a0W <br \/>1. Adopter le verre de quartz, emp\u00eachant les ultraviolets <br \/>2. Installer un ensemble de protection <br \/>3. Haute efficacit\u00e9 <\/p>\n<div style=\"clear:both\">\n<p><span style=\"font-family: Times New Roman\"><span style=\"font-size: 14pt\">Lampe UV circulaire puissante Atman 36 W <\/span><\/span><\/p>\n<p><span style=\"font-family: Times New Roman\"><span style=\"font-size: 14pt\">1. Adopter le verre de quartz, emp\u00eachant les ultraviolets <br \/>2. Installer un ensemble de protection, en toute s\u00e9curit\u00e9 op\u00e9ration<\/span><\/span><\/p>\n<p><span style=\"font-family: Times New Roman\"><span style=\"font-size: 14pt\">3. La queue peut pivoter \u00e0 360 degr\u00e9s, installation facile, l&rsquo;extr\u00e9mit\u00e9 de petits trous recouverts de transparent, UV pour v\u00e9rifier les conditions de travail.<\/span><\/span><\/p>\n<p><span style=\"font-family: Times New Roman\"><span style=\"font-size: 14pt\">4. Conception tr\u00e8s efficace<\/span><\/span><\/p>\n<p><span style=\"font-family: Times New Roman\"><span> <\/span><\/span><\/p>\n<\/p>\n<div style=\"clear:both\"><\/article>\n","protected":false},"excerpt":{"rendered":"<p>Lampe UV circulaire puissante Atman 36 W<\/p>\n","protected":false},"featured_media":4753,"comment_status":"open","ping_status":"closed","template":"","meta":[],"product_brand":[],"product_cat":[1338],"product_tag":[],"class_list":{"0":"post-38653","1":"product","2":"type-product","3":"status-publish","4":"has-post-thumbnail","6":"product_cat-filtres-pour-aquariums","8":"first","9":"instock","10":"shipping-taxable","11":"purchasable","12":"product-type-simple"},"_links":{"self":[{"href":"https:\/\/www.myaquastore.com\/fr\/wp-json\/wp\/v2\/product\/38653","targetHints":{"allow":["GET"]}}],"collection":[{"href":"https:\/\/www.myaquastore.com\/fr\/wp-json\/wp\/v2\/product"}],"about":[{"href":"https:\/\/www.myaquastore.com\/fr\/wp-json\/wp\/v2\/types\/product"}],"replies":[{"embeddable":true,"href":"https:\/\/www.myaquastore.com\/fr\/wp-json\/wp\/v2\/comments?post=38653"}],"wp:featuredmedia":[{"embeddable":true,"href":"https:\/\/www.myaquastore.com\/fr\/wp-json\/wp\/v2\/media\/4753"}],"wp:attachment":[{"href":"https:\/\/www.myaquastore.com\/fr\/wp-json\/wp\/v2\/media?parent=38653"}],"wp:term":[{"taxonomy":"product_brand","embeddable":true,"href":"https:\/\/www.myaquastore.com\/fr\/wp-json\/wp\/v2\/product_brand?post=38653"},{"taxonomy":"product_cat","embeddable":true,"href":"https:\/\/www.myaquastore.com\/fr\/wp-json\/wp\/v2\/product_cat?post=38653"},{"taxonomy":"product_tag","embeddable":true,"href":"https:\/\/www.myaquastore.com\/fr\/wp-json\/wp\/v2\/product_tag?post=38653"}],"curies":[{"name":"wp","href":"https:\/\/api.w.org\/{rel}","templated":true}]}}