{"id":38658,"date":"2016-09-25T23:28:16","date_gmt":"2016-09-25T23:28:16","guid":{"rendered":"https:\/\/www.myaquastore.com\/product\/lumiere-t5-daquarium-de-mode-atman-30w\/"},"modified":"2025-03-16T08:58:36","modified_gmt":"2025-03-16T08:58:36","slug":"lumiere-t5-daquarium-de-mode-atman-30w","status":"publish","type":"product","link":"https:\/\/www.myaquastore.com\/fr\/product\/lumiere-t5-daquarium-de-mode-atman-30w\/","title":{"rendered":"Lumi\u00e8re T5 d&rsquo;aquarium de mode Atman 30W"},"content":{"rendered":"<article class=\"article richtext richtext-detail AE:disable\" id=\"richTextContainer\">\n<h2 class=\"article-title\">Sp\u00e9cifications<\/h2>\n<div style=\"clear:both\"> Lumi\u00e8re t5 d&rsquo;aquarium de mode Atman 30W <br \/>1. Convient \u00e0 l&rsquo;eau douce et marine <br \/>2.Importez du caoutchouc du Japon, \u00e9tanche \u00e0 l&rsquo;air et s\u00fbr <br \/>3. lumi\u00e8re suffisante <\/p>\n<div style=\"clear:both\">\n<p><span style=\"font-size: 9pt;font-family: Verdana\">30W Atman fashion aquarium t5 light <\/span><\/p>\n<p><span style=\"font-size: 9pt;font-family: Verdana\"> <\/span><span style=\"font-size: 9pt\">1. Fonctionne parfaitement avec les aquariums MiniEco premium et fonctionne \u00e9galement bien avec les autres r\u00e9servoirs.<br \/>2. Convient aux aquariums sans cadre avec une \u00e9paisseur de verre de 4 \u00e0 6 mm ou aux aquariums avec des cadres dont la largeur est inf\u00e9rieure \u00e0 450 mm<br \/>3. \u00c9quip\u00e9 d&rsquo;une ampoule \u00e0 \u00e9conomie d&rsquo;\u00e9nergie et fait ressortir les couleurs naturelles brillantes des poissons d&rsquo;ornement.<br \/>4. Avec bras rotatif pour un angle id\u00e9al et facile \u00e0 mettre et \u00e0 enlever simplement en tournant.<\/span><\/p>\n<p><span style=\"font-size: 9pt;font-family: Verdana\">5.emballage: 12 pi\u00e8ces\/carton<\/span><\/p>\n<p><span style=\"font-size: 9pt;font-family: Verdana\">6.colors:rouge,blanc,bleu<\/span><\/p>\n<\/p>\n<div style=\"clear:both\"><\/article>\n","protected":false},"excerpt":{"rendered":"<p>Lumi\u00e8re T5 d&rsquo;aquarium de mode Atman 30W<\/p>\n","protected":false},"featured_media":4763,"comment_status":"open","ping_status":"closed","template":"","meta":[],"product_brand":[],"product_cat":[1338],"product_tag":[],"class_list":{"0":"post-38658","1":"product","2":"type-product","3":"status-publish","4":"has-post-thumbnail","6":"product_cat-filtres-pour-aquariums","8":"first","9":"instock","10":"shipping-taxable","11":"purchasable","12":"product-type-simple"},"_links":{"self":[{"href":"https:\/\/www.myaquastore.com\/fr\/wp-json\/wp\/v2\/product\/38658","targetHints":{"allow":["GET"]}}],"collection":[{"href":"https:\/\/www.myaquastore.com\/fr\/wp-json\/wp\/v2\/product"}],"about":[{"href":"https:\/\/www.myaquastore.com\/fr\/wp-json\/wp\/v2\/types\/product"}],"replies":[{"embeddable":true,"href":"https:\/\/www.myaquastore.com\/fr\/wp-json\/wp\/v2\/comments?post=38658"}],"wp:featuredmedia":[{"embeddable":true,"href":"https:\/\/www.myaquastore.com\/fr\/wp-json\/wp\/v2\/media\/4763"}],"wp:attachment":[{"href":"https:\/\/www.myaquastore.com\/fr\/wp-json\/wp\/v2\/media?parent=38658"}],"wp:term":[{"taxonomy":"product_brand","embeddable":true,"href":"https:\/\/www.myaquastore.com\/fr\/wp-json\/wp\/v2\/product_brand?post=38658"},{"taxonomy":"product_cat","embeddable":true,"href":"https:\/\/www.myaquastore.com\/fr\/wp-json\/wp\/v2\/product_cat?post=38658"},{"taxonomy":"product_tag","embeddable":true,"href":"https:\/\/www.myaquastore.com\/fr\/wp-json\/wp\/v2\/product_tag?post=38658"}],"curies":[{"name":"wp","href":"https:\/\/api.w.org\/{rel}","templated":true}]}}