{"id":38677,"date":"2016-09-25T23:28:16","date_gmt":"2016-09-25T23:28:16","guid":{"rendered":"https:\/\/www.myaquastore.com\/product\/150w-nouveau-souffleur-dair-voretex-electrique-puissant-hailea-vb390g\/"},"modified":"2025-03-16T08:58:40","modified_gmt":"2025-03-16T08:58:40","slug":"150w-nouveau-souffleur-dair-voretex-electrique-puissant-hailea-vb390g","status":"publish","type":"product","link":"https:\/\/www.myaquastore.com\/fr\/product\/150w-nouveau-souffleur-dair-voretex-electrique-puissant-hailea-vb390g\/","title":{"rendered":"150W nouveau souffleur d&rsquo;air voretex \u00e9lectrique puissant HAILEA VB390G"},"content":{"rendered":"<article class=\"article richtext richtext-detail AE:disable\" id=\"richTextContainer\">\n<div style=\"clear:both\">\n<p><span style=\"font-family: 'times new roman', times;font-size: 24px\"> 150W nouveau puissant souffleur d&rsquo;air \u00e9lectrique voretex HAILEA VB390G <\/span><\/p>\n<p><span style=\"font-family: 'times new roman', fois\u00a0\">1. la turbine adopte une conception tridimensionnelle combin\u00e9e \u00e0 des changements de section dans les chemins d&rsquo;air circulaires, ce qui est doux pour le flux d&rsquo;air et faible en bruit.<\/span><\/p>\n<p><span style=\"font-family: 'times new roman', times;font-size: 24px\">2. adopte un moteur sp\u00e9cial de haute qualit\u00e9 qui a un couple de d\u00e9marrage court, un fonctionnement stable et une faible consommation d&rsquo;\u00e9nergie mais d&rsquo;excellentes performances.<\/span><\/p>\n<p><span style=\"font-family: 'times new roman', times;font-size: 24px\">3. conception lubrifiante sans huile pour produire un air plus purifi\u00e9.<\/span><\/p>\n<p><span style=\"font-family: 'times new roman', times;font-size: 24px\">4.l&rsquo;apparence est belle et moderne, la structure est raisonnable et compacte, elle a une longue dur\u00e9e de vie. <\/span><\/p>\n<p><span>5.emballage\u00a0: 2 ensembles\/carton<\/span><\/p>\n<div style=\"clear:both\"><\/article>\n","protected":false},"excerpt":{"rendered":"<p>150W nouveau souffleur d&rsquo;air voretex \u00e9lectrique puissant HAILEA VB390G<\/p>\n","protected":false},"featured_media":4801,"comment_status":"open","ping_status":"closed","template":"","meta":[],"product_brand":[],"product_cat":[1338],"product_tag":[],"class_list":{"0":"post-38677","1":"product","2":"type-product","3":"status-publish","4":"has-post-thumbnail","6":"product_cat-filtres-pour-aquariums","8":"first","9":"instock","10":"shipping-taxable","11":"purchasable","12":"product-type-simple"},"_links":{"self":[{"href":"https:\/\/www.myaquastore.com\/fr\/wp-json\/wp\/v2\/product\/38677","targetHints":{"allow":["GET"]}}],"collection":[{"href":"https:\/\/www.myaquastore.com\/fr\/wp-json\/wp\/v2\/product"}],"about":[{"href":"https:\/\/www.myaquastore.com\/fr\/wp-json\/wp\/v2\/types\/product"}],"replies":[{"embeddable":true,"href":"https:\/\/www.myaquastore.com\/fr\/wp-json\/wp\/v2\/comments?post=38677"}],"wp:featuredmedia":[{"embeddable":true,"href":"https:\/\/www.myaquastore.com\/fr\/wp-json\/wp\/v2\/media\/4801"}],"wp:attachment":[{"href":"https:\/\/www.myaquastore.com\/fr\/wp-json\/wp\/v2\/media?parent=38677"}],"wp:term":[{"taxonomy":"product_brand","embeddable":true,"href":"https:\/\/www.myaquastore.com\/fr\/wp-json\/wp\/v2\/product_brand?post=38677"},{"taxonomy":"product_cat","embeddable":true,"href":"https:\/\/www.myaquastore.com\/fr\/wp-json\/wp\/v2\/product_cat?post=38677"},{"taxonomy":"product_tag","embeddable":true,"href":"https:\/\/www.myaquastore.com\/fr\/wp-json\/wp\/v2\/product_tag?post=38677"}],"curies":[{"name":"wp","href":"https:\/\/api.w.org\/{rel}","templated":true}]}}